{"id":921,"date":"2022-03-31T17:29:11","date_gmt":"2022-03-31T16:29:11","guid":{"rendered":"https:\/\/www.pacolara.net\/?page_id=921"},"modified":"2023-11-05T23:30:58","modified_gmt":"2023-11-05T22:30:58","slug":"mundiretos-america","status":"publish","type":"page","link":"https:\/\/www.pacolara.net\/index.php\/mundiretos-america\/","title":{"rendered":"MundiRetos \u2013 Am\u00e9rica"},"content":{"rendered":"\n<div class=\"wp-block-media-text alignwide is-stacked-on-mobile is-vertically-aligned-top\" style=\"grid-template-columns:27% auto\"><figure class=\"wp-block-media-text__media\"><img loading=\"lazy\" decoding=\"async\" width=\"953\" height=\"1024\" src=\"https:\/\/www.pacolara.net\/wp-content\/uploads\/2023\/11\/OK-Logos-sin-espacio-arriba-para-web.002-953x1024.jpeg\" alt=\"\" class=\"wp-image-1536 size-full\" srcset=\"https:\/\/www.pacolara.net\/wp-content\/uploads\/2023\/11\/OK-Logos-sin-espacio-arriba-para-web.002-953x1024.jpeg 953w, https:\/\/www.pacolara.net\/wp-content\/uploads\/2023\/11\/OK-Logos-sin-espacio-arriba-para-web.002-279x300.jpeg 279w, https:\/\/www.pacolara.net\/wp-content\/uploads\/2023\/11\/OK-Logos-sin-espacio-arriba-para-web.002-768x825.jpeg 768w, https:\/\/www.pacolara.net\/wp-content\/uploads\/2023\/11\/OK-Logos-sin-espacio-arriba-para-web.002.jpeg 1024w\" sizes=\"auto, (max-width: 709px) 85vw, (max-width: 909px) 67vw, (max-width: 1362px) 62vw, 840px\" \/><\/figure><div class=\"wp-block-media-text__content\">\n<h1 class=\"wp-block-heading\"><strong>Una app gratuita para jugar y aprender sobre los pa\u00edses de Am\u00e9rica<\/strong><\/h1>\n\n\n\n<p><\/p>\n<\/div><\/div>\n\n\n\n<figure class=\"wp-block-image size-large is-resized\"><img loading=\"lazy\" decoding=\"async\" width=\"1024\" height=\"691\" src=\"https:\/\/www.pacolara.net\/wp-content\/uploads\/2022\/03\/Keynote-MRAM-para-web-1.001-1024x691.jpeg\" alt=\"\" class=\"wp-image-915\" srcset=\"https:\/\/www.pacolara.net\/wp-content\/uploads\/2022\/03\/Keynote-MRAM-para-web-1.001-1024x691.jpeg 1024w, https:\/\/www.pacolara.net\/wp-content\/uploads\/2022\/03\/Keynote-MRAM-para-web-1.001-300x203.jpeg 300w, https:\/\/www.pacolara.net\/wp-content\/uploads\/2022\/03\/Keynote-MRAM-para-web-1.001-768x518.jpeg 768w, https:\/\/www.pacolara.net\/wp-content\/uploads\/2022\/03\/Keynote-MRAM-para-web-1.001-1536x1037.jpeg 1536w, https:\/\/www.pacolara.net\/wp-content\/uploads\/2022\/03\/Keynote-MRAM-para-web-1.001-1200x810.jpeg 1200w, https:\/\/www.pacolara.net\/wp-content\/uploads\/2022\/03\/Keynote-MRAM-para-web-1.001.jpeg 1600w\" sizes=\"auto, (max-width: 709px) 85vw, (max-width: 909px) 67vw, (max-width: 1362px) 62vw, 840px\" \/><\/figure>\n\n\n\n<p class=\"has-text-align-center\">Esta app para iPhone y para iPad est\u00e1 disponible para descargar gratis&nbsp;<a href=\"https:\/\/apps.apple.com\/es\/app\/mundiretos-uni\u00f3n-europea\/id1586565501#?platform=iphone\" target=\"_blank\" rel=\"noreferrer noopener\">aqu\u00ed<\/a>.<\/p>\n\n\n\n<p><strong>MundiRetos &#8211; Am\u00e9rica<\/strong> es una app gratuita para iPhone y para iPad, disponible en espa\u00f1ol e ingl\u00e9s, que estimula y facilita el conocimiento de los 35 pa\u00edses de Am\u00e9rica, a trav\u00e9s del entretenimiento, poniendo en pr\u00e1ctica la estrategia <strong>jugar para aprender<\/strong>.<\/p>\n\n\n\n<p>La app, de tipo \u201cquiz\u201d y disponible en espa\u00f1ol e ingl\u00e9s, ofrece dos modos de juego:<\/p>\n\n\n\n<p>\u2014 <strong>Jugar a Pa\u00edses<\/strong>: Hay que elegir un pa\u00eds de Am\u00e9rica y la app pondr\u00e1 a prueba los conocimientos del usuario sobre ese pa\u00eds.<\/p>\n\n\n\n<p>\u2014 <strong>Jugar a <\/strong><strong>Am\u00e9rica<\/strong>: La app desaf\u00eda los conocimientos del usuario sobre los 35 pa\u00edses de Am\u00e9rica a la vez. En cuatro niveles de juego \u2014a elegir\u2014 de dificultad creciente: BASE, BRONCE, PLATA y ORO.<\/p>\n\n\n\n<p>El modo <strong>Jugar a Pa\u00edses<\/strong> ayuda a conocer m\u00e1s sobre cada pa\u00eds. Y, poco a poco, el usuario estar\u00e1 en condiciones de mejorar sus r\u00e9cords de puntuaci\u00f3n por partida y estar\u00e1 m\u00e1s cerca de superar los retos de los 35 pa\u00edses de Am\u00e9rica. Ese aprendizaje le servir\u00e1 tambi\u00e9n para avanzar en los 4 niveles del modo <strong>Jugar a <\/strong><strong>Am\u00e9rica<\/strong>.<\/p>\n\n\n\n<h2 class=\"wp-block-heading\">JUGAR A PA\u00cdSES<\/h2>\n\n\n\n<p>La partida empieza eligiendo uno de los 35 pa\u00edses de Am\u00e9rica. Cada jugada es una pregunta sobre ese pa\u00eds y el usuario debe seleccionar la respuesta que cree correcta entre cuatro opciones posibles.<\/p>\n\n\n\n<p>Si acierta, se incrementar\u00e1 la puntuaci\u00f3n de la partida para ese pa\u00eds; y podr\u00e1 seguir jugando para mejorar esa puntuaci\u00f3n. Si falla, la app le dir\u00e1 cu\u00e1l es la respuesta correcta y podr\u00e1 optar por Continuar, iniciando una nueva partida, o Terminar el juego.<\/p>\n\n\n\n<p>Cada vez que el usuario supere el reto de un pa\u00eds, acertando sus 33 datos sin error en una misma partida, aparecer\u00e1 una pantalla que lo acredita. Y, en todo momento, en el <strong>Marcador<\/strong> de <strong>Jugar a Pa\u00edses<\/strong> ver\u00e1 las veces que ha logrado superar el reto de cada uno de los 35 pa\u00edses.<\/p>\n\n\n\n<figure class=\"wp-block-image size-large is-resized\"><img loading=\"lazy\" decoding=\"async\" width=\"1024\" height=\"691\" src=\"https:\/\/www.pacolara.net\/wp-content\/uploads\/2022\/03\/Keynote-MRAM-para-web-1.002-1024x691.jpeg\" alt=\"\" class=\"wp-image-916\" srcset=\"https:\/\/www.pacolara.net\/wp-content\/uploads\/2022\/03\/Keynote-MRAM-para-web-1.002-1024x691.jpeg 1024w, https:\/\/www.pacolara.net\/wp-content\/uploads\/2022\/03\/Keynote-MRAM-para-web-1.002-300x203.jpeg 300w, https:\/\/www.pacolara.net\/wp-content\/uploads\/2022\/03\/Keynote-MRAM-para-web-1.002-768x518.jpeg 768w, https:\/\/www.pacolara.net\/wp-content\/uploads\/2022\/03\/Keynote-MRAM-para-web-1.002-1536x1037.jpeg 1536w, https:\/\/www.pacolara.net\/wp-content\/uploads\/2022\/03\/Keynote-MRAM-para-web-1.002-1200x810.jpeg 1200w, https:\/\/www.pacolara.net\/wp-content\/uploads\/2022\/03\/Keynote-MRAM-para-web-1.002.jpeg 1600w\" sizes=\"auto, (max-width: 709px) 85vw, (max-width: 909px) 67vw, (max-width: 1362px) 62vw, 840px\" \/><\/figure>\n\n\n\n<h2 class=\"wp-block-heading\">JUGAR A AM\u00c9RICA<\/h2>\n\n\n\n<p>El primer paso al iniciar una partida es elegir uno de los niveles de juego, de menos a m\u00e1s dif\u00edcil: BASE, BRONCE, PLATA y ORO. A partir de ah\u00ed, cada jugada presenta al usuario un dato de un pa\u00eds de Am\u00e9rica. Y tiene que adivinar a qu\u00e9 pa\u00eds corresponde, entre cuatro opciones posibles.<\/p>\n\n\n\n<p>Si acierta, se incrementar\u00e1 la puntuaci\u00f3n de la partida. Y podr\u00e1 seguir jugando para mejorar su r\u00e9cord de puntos en ese nivel. Si falla, la app le dir\u00e1 cu\u00e1l es el pa\u00eds correcto y podr\u00e1 optar por Continuar, iniciando una nueva partida, o Terminar el juego.<\/p>\n\n\n\n<p>En el <strong>Marcador<\/strong> de <strong>Jugar a <\/strong><strong>Am\u00e9rica<\/strong> el usuario puede ver en cualquier momento su r\u00e9cord de puntuaci\u00f3n por partida en los cuatro niveles de juego. Adem\u00e1s de las veces que ha conseguido superar cada nivel.<\/p>\n\n\n\n<p>Para superar los niveles BASE, BRONCE, PLATA y ORO hay que acertar en una misma partida 4, 10, 20 \u00f3 33 datos, respectivamente, de los 35 pa\u00edses de Am\u00e9rica. Cada vez que el usuario supere uno de los niveles, aparecer\u00e1 una pantalla que acreditar\u00e1 sus conocimientos.<\/p>\n\n\n\n<figure class=\"wp-block-image size-large is-resized\"><img loading=\"lazy\" decoding=\"async\" width=\"1024\" height=\"691\" src=\"https:\/\/www.pacolara.net\/wp-content\/uploads\/2022\/03\/Keynote-MRAM-para-web-1.003-1024x691.jpeg\" alt=\"\" class=\"wp-image-917\" srcset=\"https:\/\/www.pacolara.net\/wp-content\/uploads\/2022\/03\/Keynote-MRAM-para-web-1.003-1024x691.jpeg 1024w, https:\/\/www.pacolara.net\/wp-content\/uploads\/2022\/03\/Keynote-MRAM-para-web-1.003-300x203.jpeg 300w, https:\/\/www.pacolara.net\/wp-content\/uploads\/2022\/03\/Keynote-MRAM-para-web-1.003-768x518.jpeg 768w, https:\/\/www.pacolara.net\/wp-content\/uploads\/2022\/03\/Keynote-MRAM-para-web-1.003-1536x1037.jpeg 1536w, https:\/\/www.pacolara.net\/wp-content\/uploads\/2022\/03\/Keynote-MRAM-para-web-1.003-1200x810.jpeg 1200w, https:\/\/www.pacolara.net\/wp-content\/uploads\/2022\/03\/Keynote-MRAM-para-web-1.003.jpeg 1600w\" sizes=\"auto, (max-width: 709px) 85vw, (max-width: 909px) 67vw, (max-width: 1362px) 62vw, 840px\" \/><\/figure>\n\n\n\n<p>El objetivo \u00faltimo de la app <strong>MundiRetos &#8211; Am\u00e9rica<\/strong>es ayudar al usuario a dominar 1.155 datos de los pa\u00edses de Am\u00e9rica. No es un objetivo f\u00e1cil. Pero, cuanto m\u00e1s juegue m\u00e1s aprender\u00e1 sobre los pa\u00edses del continente americano y m\u00e1s cerca estar\u00e1 de alcanzar ese objetivo.<\/p>\n\n\n\n<figure class=\"wp-block-image size-large is-resized\"><img loading=\"lazy\" decoding=\"async\" width=\"1024\" height=\"691\" src=\"https:\/\/www.pacolara.net\/wp-content\/uploads\/2022\/03\/Keynote-MRAM-para-web-1.004-1024x691.jpeg\" alt=\"\" class=\"wp-image-918\" srcset=\"https:\/\/www.pacolara.net\/wp-content\/uploads\/2022\/03\/Keynote-MRAM-para-web-1.004-1024x691.jpeg 1024w, https:\/\/www.pacolara.net\/wp-content\/uploads\/2022\/03\/Keynote-MRAM-para-web-1.004-300x203.jpeg 300w, https:\/\/www.pacolara.net\/wp-content\/uploads\/2022\/03\/Keynote-MRAM-para-web-1.004-768x518.jpeg 768w, https:\/\/www.pacolara.net\/wp-content\/uploads\/2022\/03\/Keynote-MRAM-para-web-1.004-1536x1037.jpeg 1536w, https:\/\/www.pacolara.net\/wp-content\/uploads\/2022\/03\/Keynote-MRAM-para-web-1.004-1200x810.jpeg 1200w, https:\/\/www.pacolara.net\/wp-content\/uploads\/2022\/03\/Keynote-MRAM-para-web-1.004.jpeg 1600w\" sizes=\"auto, (max-width: 709px) 85vw, (max-width: 909px) 67vw, (max-width: 1362px) 62vw, 840px\" \/><\/figure>\n\n\n\n<h2 class=\"wp-block-heading\">LA SERIE MundiRetos<\/h2>\n\n\n\n<p>MundiRetos da nombre a una colecci\u00f3n de apps gratuitas para iPhone y para iPad, concebidas para estimular y facilitar el conocimiento de los pa\u00edses del mundo a trav\u00e9s del entretenimiento, poniendo en pr\u00e1ctica la estrategia \u00abjugar para aprender\u00bb. Las dos primeras apps de esta serie son <strong>MundiRetos &#8211; Uni\u00f3n Europea<\/strong> y <strong>MundiRetos &#8211; Am\u00e9rica<\/strong>.<\/p>\n\n\n\n<hr class=\"wp-block-separator has-css-opacity\"\/>\n","protected":false},"excerpt":{"rendered":"<p>Una app gratuita para jugar y aprender sobre los pa\u00edses de Am\u00e9rica Esta app para iPhone y para iPad est\u00e1 disponible para descargar gratis&nbsp;aqu\u00ed. MundiRetos &#8211; Am\u00e9rica es una app gratuita para iPhone y para iPad, disponible en espa\u00f1ol e ingl\u00e9s, que estimula y facilita el conocimiento de los 35 pa\u00edses de Am\u00e9rica, a trav\u00e9s &hellip; <a href=\"https:\/\/www.pacolara.net\/index.php\/mundiretos-america\/\" class=\"more-link\">Continuar leyendo<span class=\"screen-reader-text\"> \u00abMundiRetos \u2013 Am\u00e9rica\u00bb<\/span><\/a><\/p>\n","protected":false},"author":3,"featured_media":0,"parent":0,"menu_order":0,"comment_status":"closed","ping_status":"closed","template":"","meta":{"footnotes":""},"class_list":["post-921","page","type-page","status-publish","hentry"],"_links":{"self":[{"href":"https:\/\/www.pacolara.net\/index.php\/wp-json\/wp\/v2\/pages\/921","targetHints":{"allow":["GET"]}}],"collection":[{"href":"https:\/\/www.pacolara.net\/index.php\/wp-json\/wp\/v2\/pages"}],"about":[{"href":"https:\/\/www.pacolara.net\/index.php\/wp-json\/wp\/v2\/types\/page"}],"author":[{"embeddable":true,"href":"https:\/\/www.pacolara.net\/index.php\/wp-json\/wp\/v2\/users\/3"}],"replies":[{"embeddable":true,"href":"https:\/\/www.pacolara.net\/index.php\/wp-json\/wp\/v2\/comments?post=921"}],"version-history":[{"count":7,"href":"https:\/\/www.pacolara.net\/index.php\/wp-json\/wp\/v2\/pages\/921\/revisions"}],"predecessor-version":[{"id":1550,"href":"https:\/\/www.pacolara.net\/index.php\/wp-json\/wp\/v2\/pages\/921\/revisions\/1550"}],"wp:attachment":[{"href":"https:\/\/www.pacolara.net\/index.php\/wp-json\/wp\/v2\/media?parent=921"}],"curies":[{"name":"wp","href":"https:\/\/api.w.org\/{rel}","templated":true}]}}