{"id":849,"date":"2022-02-02T12:10:22","date_gmt":"2022-02-02T11:10:22","guid":{"rendered":"https:\/\/www.pacolara.net\/?page_id=849"},"modified":"2022-02-07T18:44:43","modified_gmt":"2022-02-07T17:44:43","slug":"caducometro","status":"publish","type":"page","link":"https:\/\/www.pacolara.net\/index.php\/caducometro\/","title":{"rendered":"Caduc\u00f3metro"},"content":{"rendered":"\n<div class=\"wp-block-media-text alignwide is-stacked-on-mobile is-vertically-aligned-center\" style=\"grid-template-columns:34% auto\"><figure class=\"wp-block-media-text__media\"><img loading=\"lazy\" decoding=\"async\" width=\"1024\" height=\"870\" src=\"https:\/\/www.pacolara.net\/wp-content\/uploads\/2022\/02\/LogoCaducometroA.jpeg\" alt=\"\" class=\"wp-image-831 size-full\" srcset=\"https:\/\/www.pacolara.net\/wp-content\/uploads\/2022\/02\/LogoCaducometroA.jpeg 1024w, https:\/\/www.pacolara.net\/wp-content\/uploads\/2022\/02\/LogoCaducometroA-300x255.jpeg 300w, https:\/\/www.pacolara.net\/wp-content\/uploads\/2022\/02\/LogoCaducometroA-768x653.jpeg 768w\" sizes=\"auto, (max-width: 709px) 85vw, (max-width: 909px) 67vw, (max-width: 1362px) 62vw, 840px\" \/><\/figure><div class=\"wp-block-media-text__content\">\n<h2 class=\"wp-block-heading\" id=\"para-controlar-las-fechas-de-caducidad-y-consumo-preferente-y-tener-siempre-a-mano-la-lista-de-la-compra\"><strong>Para controlar las fechas de Caducidad y Consumo Preferente. Y tener siempre a mano la Lista de la Compra.<\/strong><\/h2>\n\n\n\n<p><\/p>\n<\/div><\/div>\n\n\n\n<div class=\"wp-block-image\"><figure class=\"aligncenter size-large is-resized\"><img loading=\"lazy\" decoding=\"async\" src=\"https:\/\/www.pacolara.net\/wp-content\/uploads\/2022\/02\/Caducometro-002B-1-1024x1022.jpeg\" alt=\"\" class=\"wp-image-862\" width=\"512\" height=\"511\" srcset=\"https:\/\/www.pacolara.net\/wp-content\/uploads\/2022\/02\/Caducometro-002B-1-1024x1022.jpeg 1024w, https:\/\/www.pacolara.net\/wp-content\/uploads\/2022\/02\/Caducometro-002B-1-300x300.jpeg 300w, https:\/\/www.pacolara.net\/wp-content\/uploads\/2022\/02\/Caducometro-002B-1-150x150.jpeg 150w, https:\/\/www.pacolara.net\/wp-content\/uploads\/2022\/02\/Caducometro-002B-1-768x767.jpeg 768w, https:\/\/www.pacolara.net\/wp-content\/uploads\/2022\/02\/Caducometro-002B-1.jpeg 1080w\" sizes=\"auto, (max-width: 512px) 85vw, 512px\" \/><\/figure><\/div>\n\n\n\n<p class=\"has-text-align-center\">Esta app gratuita para iPhone e iPad est\u00e1 disponible para descargar gratis <a href=\"https:\/\/apps.apple.com\/es\/app\/caduc%C3%B3metro\/id1607543718\" target=\"_blank\" rel=\"noreferrer noopener\">aqu\u00ed<\/a>.<\/p>\n\n\n\n<p><strong>Caduc\u00f3metro<\/strong> es una app gratuita para iPhone e iPad, disponible en espa\u00f1ol e ingl\u00e9s, muy sencilla e intuitiva y con dos funciones:<\/p>\n\n\n\n<p>\u2014 <strong>Caduc\u00f3metro<\/strong>: Para tener bajo control las fechas de Caducidad o de Consumo Preferente de los alimentos que tenemos en casa.&nbsp;<\/p>\n\n\n\n<p>\u2014 <strong>Lista de la Compra<\/strong>: Para planificar las compras de los alimentos necesarios, manteniendo una lista de la compra actualizada, priorizada y siempre a mano.<\/p>\n\n\n\n<p>Estas dos funciones coinciden con dos sencillos gestos que propone la <em>Organizaci\u00f3n de las Naciones Unidas para la Alimentaci\u00f3n y la Agricultura<\/em>, para ayudar a reducir el desperdicio de comida. Reducir a la mitad el desperdicio y la p\u00e9rdida de alimentos para el 2030 es uno de los <em>17 Objetivos de Desarrollo Sostenible<\/em> fijados por la ONU.&nbsp;<\/p>\n\n\n\n<p>Cada a\u00f1o se tiran m\u00e1s de mil millones de toneladas de comida, desperdiciando un tercio de los alimentos producidos para el consumo humano. Ese desperdicio de alimentos tiene, adem\u00e1s, un enorme impacto sobre la biodiversidad y reducirlo es clave para la protecci\u00f3n ambiental y el desarrollo sostenible.<\/p>\n\n\n\n<h2 class=\"wp-block-heading\" id=\"caducometro\">CADUC\u00d3METRO<\/h2>\n\n\n\n<p>Esta primera funci\u00f3n de la app permite gestionar la lista de alimentos almacenados en casa. Los ordena por su fecha de caducidad o de consumo preferente y muestra el n\u00famero de d\u00edas que quedan hasta a esa fecha.&nbsp;<\/p>\n\n\n\n<p>Adem\u00e1s, un c\u00f3digo de colores permite ver, de un vistazo, si se ha superado ya la fecha de caducidad o de consumo preferente del alimento, o la cercan\u00eda de esa fecha.<\/p>\n\n\n\n<p>Su funcionamiento es muy sencillo:<\/p>\n\n\n\n<p>\u2014 <strong>A\u00f1adir alimento<\/strong>: Pulsa + y escribe su nombre y su fecha de Caducidad o de Consumo Preferente. Selecciona el tipo de alimento en la lista y a\u00f1ade, si lo deseas, una nota.<\/p>\n\n\n\n<p>\u2014 <strong>Ficha de cada alimento<\/strong>: Muestra su nombre y tipo, las eventuales notas a\u00f1adidas y los d\u00edas que quedan para la fecha de Caducidad o de Consumo Preferente. El color de la fecha y los d\u00edas se\u00f1ala si ha caducado ya (rojo). O si caduca en los pr\u00f3ximos 7 d\u00edas (naranja), entre 8 y 15 d\u00edas (marr\u00f3n), entre 16 y 30 d\u00edas (verde) o dentro de m\u00e1s de 30 d\u00edas (azul).<\/p>\n\n\n\n<p>\u2014 <strong>Borrar alimento de la lista<\/strong>: Pulsa Editar y elim\u00ednalo de la lista.<\/p>\n\n\n\n<p>\u2014 <strong>Compartir la Lista<\/strong>: Permite compartir, v\u00eda correo electr\u00f3nico o mensaje, la lista de alimentos con las fechas de Caducidad o de Consumo Preferente.<\/p>\n\n\n\n<figure class=\"wp-block-image size-large is-resized\"><img loading=\"lazy\" decoding=\"async\" src=\"https:\/\/www.pacolara.net\/wp-content\/uploads\/2022\/02\/Caducometro-003-1-1024x691.jpeg\" alt=\"\" class=\"wp-image-863\" width=\"768\" height=\"518\" srcset=\"https:\/\/www.pacolara.net\/wp-content\/uploads\/2022\/02\/Caducometro-003-1-1024x691.jpeg 1024w, https:\/\/www.pacolara.net\/wp-content\/uploads\/2022\/02\/Caducometro-003-1-300x203.jpeg 300w, https:\/\/www.pacolara.net\/wp-content\/uploads\/2022\/02\/Caducometro-003-1-768x518.jpeg 768w, https:\/\/www.pacolara.net\/wp-content\/uploads\/2022\/02\/Caducometro-003-1-1536x1037.jpeg 1536w, https:\/\/www.pacolara.net\/wp-content\/uploads\/2022\/02\/Caducometro-003-1-1200x810.jpeg 1200w, https:\/\/www.pacolara.net\/wp-content\/uploads\/2022\/02\/Caducometro-003-1.jpeg 1600w\" sizes=\"auto, (max-width: 768px) 85vw, 768px\" \/><\/figure>\n\n\n\n<h2 class=\"wp-block-heading\" id=\"lista-de-la-compra\">LISTA DE LA COMPRA<\/h2>\n\n\n\n<p>La segunda funci\u00f3n de la app permite, de forma c\u00f3moda y sencilla, mantener al d\u00eda, priorizada y siempre a mano, la lista de los alimentos que hay que comprar.&nbsp;<\/p>\n\n\n\n<p>Mantener la lista actualizada es sencillo e intuitivo:<\/p>\n\n\n\n<p>\u2014 <strong>A\u00f1adir a la Lista de la Compra<\/strong>: Pulsa + y escribe el nombre del producto a comprar.<\/p>\n\n\n\n<p>\u2014 <strong>\u00bfHay que comprarlo ya o puede esperar?<\/strong>: Al a\u00f1adirlo a la Lista de la Compra, pulsa en uno de los tres botones seg\u00fan la urgencia de la compra: Urgencia alta (azul oscuro), media (azul), baja (azul claro).<\/p>\n\n\n\n<p>\u2014 <strong>Borrar alimento de la lista<\/strong>: Pulsa Editar y elim\u00ednalo de la lista.<\/p>\n\n\n\n<p>\u2014 <strong>Compartir la Lista de la Compra<\/strong>: Basta con tocar el icono Compartir y elegir la v\u00eda para hacerlo; normalmente, por correo electr\u00f3nico o mensaje.<\/p>\n\n\n\n<figure class=\"wp-block-image size-large is-resized\"><img loading=\"lazy\" decoding=\"async\" src=\"https:\/\/www.pacolara.net\/wp-content\/uploads\/2022\/02\/Caducometro-004-1-1024x691.jpeg\" alt=\"\" class=\"wp-image-864\" width=\"768\" height=\"518\" srcset=\"https:\/\/www.pacolara.net\/wp-content\/uploads\/2022\/02\/Caducometro-004-1-1024x691.jpeg 1024w, https:\/\/www.pacolara.net\/wp-content\/uploads\/2022\/02\/Caducometro-004-1-300x203.jpeg 300w, https:\/\/www.pacolara.net\/wp-content\/uploads\/2022\/02\/Caducometro-004-1-768x518.jpeg 768w, https:\/\/www.pacolara.net\/wp-content\/uploads\/2022\/02\/Caducometro-004-1-1536x1037.jpeg 1536w, https:\/\/www.pacolara.net\/wp-content\/uploads\/2022\/02\/Caducometro-004-1-1200x810.jpeg 1200w, https:\/\/www.pacolara.net\/wp-content\/uploads\/2022\/02\/Caducometro-004-1.jpeg 1600w\" sizes=\"auto, (max-width: 768px) 85vw, 768px\" \/><\/figure>\n\n\n\n<p>Esta app gratuita para iPhone e iPad est\u00e1 disponible en los idiomas espa\u00f1ol e ingl\u00e9s.&nbsp;<\/p>\n\n\n\n<hr class=\"wp-block-separator\"\/>\n","protected":false},"excerpt":{"rendered":"<p>Para controlar las fechas de Caducidad y Consumo Preferente. Y tener siempre a mano la Lista de la Compra. Esta app gratuita para iPhone e iPad est\u00e1 disponible para descargar gratis aqu\u00ed. Caduc\u00f3metro es una app gratuita para iPhone e iPad, disponible en espa\u00f1ol e ingl\u00e9s, muy sencilla e intuitiva y con dos funciones: \u2014 &hellip; <a href=\"https:\/\/www.pacolara.net\/index.php\/caducometro\/\" class=\"more-link\">Continuar leyendo<span class=\"screen-reader-text\"> \u00abCaduc\u00f3metro\u00bb<\/span><\/a><\/p>\n","protected":false},"author":3,"featured_media":0,"parent":0,"menu_order":0,"comment_status":"closed","ping_status":"closed","template":"","meta":{"footnotes":""},"class_list":["post-849","page","type-page","status-publish","hentry"],"_links":{"self":[{"href":"https:\/\/www.pacolara.net\/index.php\/wp-json\/wp\/v2\/pages\/849","targetHints":{"allow":["GET"]}}],"collection":[{"href":"https:\/\/www.pacolara.net\/index.php\/wp-json\/wp\/v2\/pages"}],"about":[{"href":"https:\/\/www.pacolara.net\/index.php\/wp-json\/wp\/v2\/types\/page"}],"author":[{"embeddable":true,"href":"https:\/\/www.pacolara.net\/index.php\/wp-json\/wp\/v2\/users\/3"}],"replies":[{"embeddable":true,"href":"https:\/\/www.pacolara.net\/index.php\/wp-json\/wp\/v2\/comments?post=849"}],"version-history":[{"count":6,"href":"https:\/\/www.pacolara.net\/index.php\/wp-json\/wp\/v2\/pages\/849\/revisions"}],"predecessor-version":[{"id":870,"href":"https:\/\/www.pacolara.net\/index.php\/wp-json\/wp\/v2\/pages\/849\/revisions\/870"}],"wp:attachment":[{"href":"https:\/\/www.pacolara.net\/index.php\/wp-json\/wp\/v2\/media?parent=849"}],"curies":[{"name":"wp","href":"https:\/\/api.w.org\/{rel}","templated":true}]}}