{"id":803,"date":"2021-12-18T00:20:06","date_gmt":"2021-12-17T23:20:06","guid":{"rendered":"https:\/\/www.pacolara.net\/?page_id=803"},"modified":"2023-11-05T23:35:41","modified_gmt":"2023-11-05T22:35:41","slug":"mis-dibujos","status":"publish","type":"page","link":"https:\/\/www.pacolara.net\/index.php\/mis-dibujos\/","title":{"rendered":"Mis Dibujos"},"content":{"rendered":"\n<div class=\"wp-block-media-text alignwide is-stacked-on-mobile is-vertically-aligned-top\" style=\"grid-template-columns:26% auto\"><figure class=\"wp-block-media-text__media\"><img loading=\"lazy\" decoding=\"async\" width=\"953\" height=\"1024\" src=\"https:\/\/www.pacolara.net\/wp-content\/uploads\/2023\/11\/OK-Logos-sin-espacio-arriba-para-web.005-953x1024.jpeg\" alt=\"\" class=\"wp-image-1539 size-full\" srcset=\"https:\/\/www.pacolara.net\/wp-content\/uploads\/2023\/11\/OK-Logos-sin-espacio-arriba-para-web.005-953x1024.jpeg 953w, https:\/\/www.pacolara.net\/wp-content\/uploads\/2023\/11\/OK-Logos-sin-espacio-arriba-para-web.005-279x300.jpeg 279w, https:\/\/www.pacolara.net\/wp-content\/uploads\/2023\/11\/OK-Logos-sin-espacio-arriba-para-web.005-768x825.jpeg 768w, https:\/\/www.pacolara.net\/wp-content\/uploads\/2023\/11\/OK-Logos-sin-espacio-arriba-para-web.005.jpeg 1024w\" sizes=\"auto, (max-width: 709px) 85vw, (max-width: 909px) 67vw, (max-width: 1362px) 62vw, 840px\" \/><\/figure><div class=\"wp-block-media-text__content\">\n<h1 class=\"wp-block-heading\"><strong>App infantil gratuita para pintar las Historias de Emma en el iPad<\/strong><\/h1>\n\n\n\n<p><\/p>\n<\/div><\/div>\n\n\n\n<figure class=\"wp-block-image size-large is-resized\"><img loading=\"lazy\" decoding=\"async\" width=\"1024\" height=\"744\" src=\"https:\/\/www.pacolara.net\/wp-content\/uploads\/2021\/12\/Mis-Dibujos-Historias-de-Emma-1-1024x744.jpeg\" alt=\"\" class=\"wp-image-795\" srcset=\"https:\/\/www.pacolara.net\/wp-content\/uploads\/2021\/12\/Mis-Dibujos-Historias-de-Emma-1-1024x744.jpeg 1024w, https:\/\/www.pacolara.net\/wp-content\/uploads\/2021\/12\/Mis-Dibujos-Historias-de-Emma-1-300x218.jpeg 300w, https:\/\/www.pacolara.net\/wp-content\/uploads\/2021\/12\/Mis-Dibujos-Historias-de-Emma-1-768x558.jpeg 768w, https:\/\/www.pacolara.net\/wp-content\/uploads\/2021\/12\/Mis-Dibujos-Historias-de-Emma-1-1536x1116.jpeg 1536w, https:\/\/www.pacolara.net\/wp-content\/uploads\/2021\/12\/Mis-Dibujos-Historias-de-Emma-1-2048x1488.jpeg 2048w, https:\/\/www.pacolara.net\/wp-content\/uploads\/2021\/12\/Mis-Dibujos-Historias-de-Emma-1-1200x872.jpeg 1200w\" sizes=\"auto, (max-width: 709px) 85vw, (max-width: 909px) 67vw, (max-width: 1362px) 62vw, 840px\" \/><\/figure>\n\n\n\n<p class=\"has-text-align-center\">Esta app para iPad est\u00e1 disponible para descargar gratis <a href=\"https:\/\/apps.apple.com\/es\/app\/mis-dibujos\/id1594232113\" target=\"_blank\" rel=\"noreferrer noopener\">aqu\u00ed<\/a>.<\/p>\n\n\n\n<p>La app <strong>Mis Dibujos<\/strong> es una herramienta creativa pensada para que las ni\u00f1as y ni\u00f1os que siguen las <strong>Historias de Emma<\/strong> disfruten, pintando sus personajes favoritos. Y para que aprendan, tambi\u00e9n, a escribir sus nombres.<\/p>\n\n\n\n<p><strong>Historias de Emma<\/strong> es una colecci\u00f3n de cuentos infantiles gratuitos disponible en Apple Libros. Narran las aventuras de Emma y sus amigos: el drag\u00f3n Rufo, el unicornio Nieve, Noli la ardilla, el gusanito Gusi, la abeja Picopica, la eriza Tika, la foquita Sisi, el pajarito Pipo, la gallina Catalina y sus pollitos Pepe y Pepito, adem\u00e1s de otros divertidos personajes del bosque. Aventuras en las que, a veces, tienen que hacer frente a las travesuras de la bruja Burlona.<\/p>\n\n\n\n<p>Aunque la app es sencilla e intuitiva, incluye una pantalla de instrucciones para que los mayores instruyan a sus peque\u00f1os artistas para que disfruten dibujando y pintando a los amigos de Emma en el iPad.<\/p>\n\n\n\n<figure class=\"wp-block-image size-large is-resized\"><img loading=\"lazy\" decoding=\"async\" width=\"1024\" height=\"744\" src=\"https:\/\/www.pacolara.net\/wp-content\/uploads\/2021\/12\/Mis-Dibujos-Historias-de-Emma-8-1024x744.jpeg\" alt=\"\" class=\"wp-image-802\" srcset=\"https:\/\/www.pacolara.net\/wp-content\/uploads\/2021\/12\/Mis-Dibujos-Historias-de-Emma-8-1024x744.jpeg 1024w, https:\/\/www.pacolara.net\/wp-content\/uploads\/2021\/12\/Mis-Dibujos-Historias-de-Emma-8-300x218.jpeg 300w, https:\/\/www.pacolara.net\/wp-content\/uploads\/2021\/12\/Mis-Dibujos-Historias-de-Emma-8-768x558.jpeg 768w, https:\/\/www.pacolara.net\/wp-content\/uploads\/2021\/12\/Mis-Dibujos-Historias-de-Emma-8-1536x1116.jpeg 1536w, https:\/\/www.pacolara.net\/wp-content\/uploads\/2021\/12\/Mis-Dibujos-Historias-de-Emma-8-2048x1488.jpeg 2048w, https:\/\/www.pacolara.net\/wp-content\/uploads\/2021\/12\/Mis-Dibujos-Historias-de-Emma-8-1200x872.jpeg 1200w\" sizes=\"auto, (max-width: 709px) 85vw, (max-width: 909px) 67vw, (max-width: 1362px) 62vw, 840px\" \/><\/figure>\n\n\n\n<h2 class=\"wp-block-heading\">PARA EMPEZAR<\/h2>\n\n\n\n<p>El primer paso es elegir a qui\u00e9n se va a pintar, moviendo la fila de personajes con el Apple Pencil o con el dedo y haciendo clic en el elegido.&nbsp;<\/p>\n\n\n\n<p>Los personajes est\u00e1n ordenados de m\u00e1s f\u00e1cil a m\u00e1s dif\u00edcil de dibujar. Es recomendable empezar por los m\u00e1s f\u00e1ciles, para ir practicando. Y se puede elegir tambi\u00e9n una p\u00e1gina en blanco, para dibujar dando rienda suelta a la imaginaci\u00f3n.<\/p>\n\n\n\n<p>Para cambiar a otro personaje, hay que tocar en \u2018Otro dibujo\u2019 y se volver\u00e1 a la pantalla inicial.<\/p>\n\n\n\n<figure class=\"wp-block-image size-large is-resized\"><img loading=\"lazy\" decoding=\"async\" width=\"1024\" height=\"744\" src=\"https:\/\/www.pacolara.net\/wp-content\/uploads\/2021\/12\/Mis-Dibujos-Historias-de-Emma-2-1024x744.jpeg\" alt=\"\" class=\"wp-image-796\" srcset=\"https:\/\/www.pacolara.net\/wp-content\/uploads\/2021\/12\/Mis-Dibujos-Historias-de-Emma-2-1024x744.jpeg 1024w, https:\/\/www.pacolara.net\/wp-content\/uploads\/2021\/12\/Mis-Dibujos-Historias-de-Emma-2-300x218.jpeg 300w, https:\/\/www.pacolara.net\/wp-content\/uploads\/2021\/12\/Mis-Dibujos-Historias-de-Emma-2-768x558.jpeg 768w, https:\/\/www.pacolara.net\/wp-content\/uploads\/2021\/12\/Mis-Dibujos-Historias-de-Emma-2-1536x1116.jpeg 1536w, https:\/\/www.pacolara.net\/wp-content\/uploads\/2021\/12\/Mis-Dibujos-Historias-de-Emma-2-2048x1488.jpeg 2048w, https:\/\/www.pacolara.net\/wp-content\/uploads\/2021\/12\/Mis-Dibujos-Historias-de-Emma-2-1200x872.jpeg 1200w\" sizes=\"auto, (max-width: 709px) 85vw, (max-width: 909px) 67vw, (max-width: 1362px) 62vw, 840px\" \/><\/figure>\n\n\n\n<h2 class=\"wp-block-heading\">LIENZO Y HERRAMIENTAS DE DIBUJO<\/h2>\n\n\n\n<p>En la pantalla de dibujo aparece la silueta del personaje a pintar, un dibujo en color que servir\u00e1 de modelo, y las l\u00edneas para escribir su nombre.&nbsp;<\/p>\n\n\n\n<p>Y la paleta de herramientas para dibujar y pintar. Con bol\u00edgrafo, rotulador-marcador, l\u00e1piz, goma de borrar, lazo para seleccionar, regla, paleta de colores y otras opciones. Para pintar con m\u00e1s comodidad, se puede arrastrar la barra de herramientas a cualquier borde de la pantalla.&nbsp;<\/p>\n\n\n\n<figure class=\"wp-block-image size-large is-resized\"><img loading=\"lazy\" decoding=\"async\" width=\"1024\" height=\"744\" src=\"https:\/\/www.pacolara.net\/wp-content\/uploads\/2021\/12\/Mis-Dibujos-Historias-de-Emma-5-1024x744.jpeg\" alt=\"\" class=\"wp-image-799\" srcset=\"https:\/\/www.pacolara.net\/wp-content\/uploads\/2021\/12\/Mis-Dibujos-Historias-de-Emma-5-1024x744.jpeg 1024w, https:\/\/www.pacolara.net\/wp-content\/uploads\/2021\/12\/Mis-Dibujos-Historias-de-Emma-5-300x218.jpeg 300w, https:\/\/www.pacolara.net\/wp-content\/uploads\/2021\/12\/Mis-Dibujos-Historias-de-Emma-5-768x558.jpeg 768w, https:\/\/www.pacolara.net\/wp-content\/uploads\/2021\/12\/Mis-Dibujos-Historias-de-Emma-5-1536x1116.jpeg 1536w, https:\/\/www.pacolara.net\/wp-content\/uploads\/2021\/12\/Mis-Dibujos-Historias-de-Emma-5-2048x1488.jpeg 2048w, https:\/\/www.pacolara.net\/wp-content\/uploads\/2021\/12\/Mis-Dibujos-Historias-de-Emma-5-1200x872.jpeg 1200w\" sizes=\"auto, (max-width: 709px) 85vw, (max-width: 909px) 67vw, (max-width: 1362px) 62vw, 840px\" \/><\/figure>\n\n\n\n<p>Para elegir una de esas herramientas, no hay m\u00e1s que pulsarla. Y si se mantiene la pulsaci\u00f3n sobre ella, se puede elegir el grosor del trazo y su opacidad.<\/p>\n\n\n\n<p>Para deshacer un error basta con tocar en el c\u00edrculo con la flecha que apunta a la izquierda. Y para borrar y empezar de nuevo, hay que tocar la papelera que est\u00e1 arriba a la derecha.<\/p>\n\n\n\n<figure class=\"wp-block-image size-large is-resized\"><img loading=\"lazy\" decoding=\"async\" width=\"1024\" height=\"744\" src=\"https:\/\/www.pacolara.net\/wp-content\/uploads\/2021\/12\/Mis-Dibujos-Historias-de-Emma-3-1024x744.jpeg\" alt=\"\" class=\"wp-image-797\" srcset=\"https:\/\/www.pacolara.net\/wp-content\/uploads\/2021\/12\/Mis-Dibujos-Historias-de-Emma-3-1024x744.jpeg 1024w, https:\/\/www.pacolara.net\/wp-content\/uploads\/2021\/12\/Mis-Dibujos-Historias-de-Emma-3-300x218.jpeg 300w, https:\/\/www.pacolara.net\/wp-content\/uploads\/2021\/12\/Mis-Dibujos-Historias-de-Emma-3-768x558.jpeg 768w, https:\/\/www.pacolara.net\/wp-content\/uploads\/2021\/12\/Mis-Dibujos-Historias-de-Emma-3-1536x1116.jpeg 1536w, https:\/\/www.pacolara.net\/wp-content\/uploads\/2021\/12\/Mis-Dibujos-Historias-de-Emma-3-2048x1488.jpeg 2048w, https:\/\/www.pacolara.net\/wp-content\/uploads\/2021\/12\/Mis-Dibujos-Historias-de-Emma-3-1200x872.jpeg 1200w\" sizes=\"auto, (max-width: 709px) 85vw, (max-width: 909px) 67vw, (max-width: 1362px) 62vw, 840px\" \/><\/figure>\n\n\n\n<figure class=\"wp-block-image size-large is-resized\"><img loading=\"lazy\" decoding=\"async\" width=\"1024\" height=\"744\" src=\"https:\/\/www.pacolara.net\/wp-content\/uploads\/2021\/12\/Mis-Dibujos-Historias-de-Emma-4-1024x744.jpeg\" alt=\"\" class=\"wp-image-798\" srcset=\"https:\/\/www.pacolara.net\/wp-content\/uploads\/2021\/12\/Mis-Dibujos-Historias-de-Emma-4-1024x744.jpeg 1024w, https:\/\/www.pacolara.net\/wp-content\/uploads\/2021\/12\/Mis-Dibujos-Historias-de-Emma-4-300x218.jpeg 300w, https:\/\/www.pacolara.net\/wp-content\/uploads\/2021\/12\/Mis-Dibujos-Historias-de-Emma-4-768x558.jpeg 768w, https:\/\/www.pacolara.net\/wp-content\/uploads\/2021\/12\/Mis-Dibujos-Historias-de-Emma-4-1536x1116.jpeg 1536w, https:\/\/www.pacolara.net\/wp-content\/uploads\/2021\/12\/Mis-Dibujos-Historias-de-Emma-4-2048x1488.jpeg 2048w, https:\/\/www.pacolara.net\/wp-content\/uploads\/2021\/12\/Mis-Dibujos-Historias-de-Emma-4-1200x872.jpeg 1200w\" sizes=\"auto, (max-width: 709px) 85vw, (max-width: 909px) 67vw, (max-width: 1362px) 62vw, 840px\" \/><\/figure>\n\n\n\n<h2 class=\"wp-block-heading\">DIBUJAR Y PINTAR<\/h2>\n\n\n\n<p>Pintar a los personajes es una actividad divertida y creativa, utilizando el rotulador-marcador o el bol\u00edgrafo, seleccionando el grosor y opacidad del trazo, y los colores preferidos.<\/p>\n\n\n\n<p>Y los m\u00e1s artistas pueden tambi\u00e9n dibujar al personaje, seleccionando el l\u00e1piz o el bol\u00edgrafo y repasando su silueta que aparece en gris claro.<\/p>\n\n\n\n<figure class=\"wp-block-image size-large is-resized\"><img loading=\"lazy\" decoding=\"async\" width=\"1024\" height=\"744\" src=\"https:\/\/www.pacolara.net\/wp-content\/uploads\/2021\/12\/Mis-Dibujos-Historias-de-Emma-6-1024x744.jpeg\" alt=\"\" class=\"wp-image-800\" srcset=\"https:\/\/www.pacolara.net\/wp-content\/uploads\/2021\/12\/Mis-Dibujos-Historias-de-Emma-6-1024x744.jpeg 1024w, https:\/\/www.pacolara.net\/wp-content\/uploads\/2021\/12\/Mis-Dibujos-Historias-de-Emma-6-300x218.jpeg 300w, https:\/\/www.pacolara.net\/wp-content\/uploads\/2021\/12\/Mis-Dibujos-Historias-de-Emma-6-768x558.jpeg 768w, https:\/\/www.pacolara.net\/wp-content\/uploads\/2021\/12\/Mis-Dibujos-Historias-de-Emma-6-1536x1116.jpeg 1536w, https:\/\/www.pacolara.net\/wp-content\/uploads\/2021\/12\/Mis-Dibujos-Historias-de-Emma-6-2048x1488.jpeg 2048w, https:\/\/www.pacolara.net\/wp-content\/uploads\/2021\/12\/Mis-Dibujos-Historias-de-Emma-6-1200x872.jpeg 1200w\" sizes=\"auto, (max-width: 709px) 85vw, (max-width: 909px) 67vw, (max-width: 1362px) 62vw, 840px\" \/><\/figure>\n\n\n\n<p>Para terminar, hay que aprender a escribir su nombre en la zona de escritura.<\/p>\n\n\n\n<figure class=\"wp-block-image size-large is-resized\"><img loading=\"lazy\" decoding=\"async\" width=\"1024\" height=\"744\" src=\"https:\/\/www.pacolara.net\/wp-content\/uploads\/2021\/12\/Mis-Dibujos-Historias-de-Emma-7-1024x744.jpeg\" alt=\"\" class=\"wp-image-801\" srcset=\"https:\/\/www.pacolara.net\/wp-content\/uploads\/2021\/12\/Mis-Dibujos-Historias-de-Emma-7-1024x744.jpeg 1024w, https:\/\/www.pacolara.net\/wp-content\/uploads\/2021\/12\/Mis-Dibujos-Historias-de-Emma-7-300x218.jpeg 300w, https:\/\/www.pacolara.net\/wp-content\/uploads\/2021\/12\/Mis-Dibujos-Historias-de-Emma-7-768x558.jpeg 768w, https:\/\/www.pacolara.net\/wp-content\/uploads\/2021\/12\/Mis-Dibujos-Historias-de-Emma-7-1536x1116.jpeg 1536w, https:\/\/www.pacolara.net\/wp-content\/uploads\/2021\/12\/Mis-Dibujos-Historias-de-Emma-7-2048x1488.jpeg 2048w, https:\/\/www.pacolara.net\/wp-content\/uploads\/2021\/12\/Mis-Dibujos-Historias-de-Emma-7-1200x872.jpeg 1200w\" sizes=\"auto, (max-width: 709px) 85vw, (max-width: 909px) 67vw, (max-width: 1362px) 62vw, 840px\" \/><\/figure>\n\n\n\n<p>NOTA: Si no se dispone de Apple Pencil, se puede pintar con el dedo o con otro l\u00e1piz para iPad. Para hacerlo posible, hay que tocar antes en el c\u00edrculo con tres puntos y seleccionar \u2018Dibujar con el dedo\u2019.<\/p>\n\n\n\n<h2 class=\"wp-block-heading\">GUARDAR Y COMPARTIR LOS DIBUJOS<\/h2>\n\n\n\n<p>Al terminar, tocando en \u2018Guardar Foto\u2019 el dibujo se guardar\u00e1 en el carrete de fotos del iPad. Y as\u00ed se podr\u00e1 compartir e imprimir f\u00e1cilmente, como si fuera una foto m\u00e1s del iPad.<\/p>\n\n\n\n<h2 class=\"wp-block-heading\">HISTORIAS DE EMMA, EN LIBRO ELECTR\u00d3NICO Y EN PODCAST<\/h2>\n\n\n\n<p>La nueva app <strong>Mis Dibujos<\/strong> aporta un recurso adicional a la colecci\u00f3n de cuentos infantiles <strong>Historias de Emma<\/strong>, para dibujar, pintar y aprender a escribir los nombres de los personajes. <\/p>\n\n\n\n<p>Los diez cuentos gratuitos que componen ya la serie&nbsp;<strong><a rel=\"noreferrer noopener\" href=\"https:\/\/books.apple.com\/es\/author\/paco-lara\/id1528931143#see-all\/books\" target=\"_blank\">Historias de Emma<\/a><\/strong> se pueden descargar en las tiendas de <a href=\"https:\/\/books.apple.com\/es\/author\/paco-lara\/id1528931143#see-all\/books\" target=\"_blank\" rel=\"noreferrer noopener\"><strong>Libros Apple<\/strong><\/a> (Apple Books) para iPad, iPhone y Mac de 51 pa\u00edses.<\/p>\n\n\n\n<p>Todos los cuentos se pueden escuchar tambi\u00e9n en el podcast <strong>Historias de Emma<\/strong>, disponible en&nbsp;<a href=\"https:\/\/podcasts.apple.com\/es\/podcast\/historias-de-emma\/id1532950699\"><strong>Apple Podcasts<\/strong><\/a>,&nbsp;<strong><a href=\"https:\/\/open.spotify.com\/show\/1wjpB0HaNbaMZz4XpmLkxK?si=r8C3mAT1Q5eHtYVDO86g_w\" target=\"_blank\" rel=\"noreferrer noopener\">Spotify<\/a><\/strong>, Overcast, Anchor y otras plataformas de podcasts.<\/p>\n\n\n\n<hr class=\"wp-block-separator has-css-opacity\"\/>\n","protected":false},"excerpt":{"rendered":"<p>App infantil gratuita para pintar las Historias de Emma en el iPad Esta app para iPad est\u00e1 disponible para descargar gratis aqu\u00ed. La app Mis Dibujos es una herramienta creativa pensada para que las ni\u00f1as y ni\u00f1os que siguen las Historias de Emma disfruten, pintando sus personajes favoritos. Y para que aprendan, tambi\u00e9n, a escribir &hellip; <a href=\"https:\/\/www.pacolara.net\/index.php\/mis-dibujos\/\" class=\"more-link\">Continuar leyendo<span class=\"screen-reader-text\"> \u00abMis Dibujos\u00bb<\/span><\/a><\/p>\n","protected":false},"author":3,"featured_media":0,"parent":0,"menu_order":0,"comment_status":"closed","ping_status":"closed","template":"","meta":{"footnotes":""},"class_list":["post-803","page","type-page","status-publish","hentry"],"_links":{"self":[{"href":"https:\/\/www.pacolara.net\/index.php\/wp-json\/wp\/v2\/pages\/803","targetHints":{"allow":["GET"]}}],"collection":[{"href":"https:\/\/www.pacolara.net\/index.php\/wp-json\/wp\/v2\/pages"}],"about":[{"href":"https:\/\/www.pacolara.net\/index.php\/wp-json\/wp\/v2\/types\/page"}],"author":[{"embeddable":true,"href":"https:\/\/www.pacolara.net\/index.php\/wp-json\/wp\/v2\/users\/3"}],"replies":[{"embeddable":true,"href":"https:\/\/www.pacolara.net\/index.php\/wp-json\/wp\/v2\/comments?post=803"}],"version-history":[{"count":8,"href":"https:\/\/www.pacolara.net\/index.php\/wp-json\/wp\/v2\/pages\/803\/revisions"}],"predecessor-version":[{"id":1553,"href":"https:\/\/www.pacolara.net\/index.php\/wp-json\/wp\/v2\/pages\/803\/revisions\/1553"}],"wp:attachment":[{"href":"https:\/\/www.pacolara.net\/index.php\/wp-json\/wp\/v2\/media?parent=803"}],"curies":[{"name":"wp","href":"https:\/\/api.w.org\/{rel}","templated":true}]}}