{"id":706,"date":"2021-10-05T22:36:38","date_gmt":"2021-10-05T22:36:38","guid":{"rendered":"https:\/\/www.pacolara.net\/?page_id=706"},"modified":"2023-11-05T23:40:46","modified_gmt":"2023-11-05T22:40:46","slug":"mundiretos-union-europea","status":"publish","type":"page","link":"https:\/\/www.pacolara.net\/index.php\/mundiretos-union-europea\/","title":{"rendered":"MundiRetos &#8211; Uni\u00f3n Europea"},"content":{"rendered":"\n<div class=\"wp-block-media-text alignwide is-stacked-on-mobile is-vertically-aligned-top\" style=\"grid-template-columns:27% auto\"><figure class=\"wp-block-media-text__media\"><img loading=\"lazy\" decoding=\"async\" width=\"953\" height=\"1024\" src=\"https:\/\/www.pacolara.net\/wp-content\/uploads\/2023\/11\/OK-Logos-sin-espacio-arriba-para-web.001-953x1024.jpeg\" alt=\"\" class=\"wp-image-1535 size-full\" srcset=\"https:\/\/www.pacolara.net\/wp-content\/uploads\/2023\/11\/OK-Logos-sin-espacio-arriba-para-web.001-953x1024.jpeg 953w, https:\/\/www.pacolara.net\/wp-content\/uploads\/2023\/11\/OK-Logos-sin-espacio-arriba-para-web.001-279x300.jpeg 279w, https:\/\/www.pacolara.net\/wp-content\/uploads\/2023\/11\/OK-Logos-sin-espacio-arriba-para-web.001-768x825.jpeg 768w, https:\/\/www.pacolara.net\/wp-content\/uploads\/2023\/11\/OK-Logos-sin-espacio-arriba-para-web.001.jpeg 1024w\" sizes=\"auto, (max-width: 709px) 85vw, (max-width: 909px) 67vw, (max-width: 1362px) 62vw, 840px\" \/><\/figure><div class=\"wp-block-media-text__content\">\n<h1 class=\"wp-block-heading\"><strong>Una app gratuita para jugar y aprender sobre la Uni\u00f3n Europea<\/strong>.<\/h1>\n\n\n\n<p><\/p>\n<\/div><\/div>\n\n\n\n<figure class=\"wp-block-image size-large is-resized\"><img loading=\"lazy\" decoding=\"async\" width=\"1024\" height=\"691\" src=\"https:\/\/www.pacolara.net\/wp-content\/uploads\/2021\/10\/MundiRecord-UE-001-1024x691.jpeg\" alt=\"\" class=\"wp-image-690\" srcset=\"https:\/\/www.pacolara.net\/wp-content\/uploads\/2021\/10\/MundiRecord-UE-001-1024x691.jpeg 1024w, https:\/\/www.pacolara.net\/wp-content\/uploads\/2021\/10\/MundiRecord-UE-001-300x203.jpeg 300w, https:\/\/www.pacolara.net\/wp-content\/uploads\/2021\/10\/MundiRecord-UE-001-768x518.jpeg 768w, https:\/\/www.pacolara.net\/wp-content\/uploads\/2021\/10\/MundiRecord-UE-001-1536x1037.jpeg 1536w, https:\/\/www.pacolara.net\/wp-content\/uploads\/2021\/10\/MundiRecord-UE-001-1200x810.jpeg 1200w, https:\/\/www.pacolara.net\/wp-content\/uploads\/2021\/10\/MundiRecord-UE-001.jpeg 1600w\" sizes=\"auto, (max-width: 709px) 85vw, (max-width: 909px) 67vw, (max-width: 1362px) 62vw, 840px\" \/><\/figure>\n\n\n\n<p class=\"has-text-align-center\">Esta app para iPhone y para iPad est\u00e1 disponible para descargar gratis <a href=\"https:\/\/apps.apple.com\/es\/app\/mundiretos-uni\u00f3n-europea\/id1586565501#?platform=iphone\" target=\"_blank\" rel=\"noreferrer noopener\">aqu\u00ed<\/a>.<\/p>\n\n\n\n<p><strong>MundiRetos &#8211; Uni\u00f3n Europea<\/strong> es una app gratuita para iPhone y para iPad creada para estimular y facilitar el conocimiento de los 27 pa\u00edses de la UE, a trav\u00e9s del entretenimiento, poniendo en pr\u00e1ctica la estrategia \u201cjugar para aprender\u201d. <\/p>\n\n\n\n<p>Esta app gratuita est\u00e1 disponible en los idiomas espa\u00f1ol e ingl\u00e9s.<\/p>\n\n\n\n<p>La app ofrece dos modos de juego:<\/p>\n\n\n\n<p>\u2014 <strong>Jugar a Pa\u00edses<\/strong>: Hay que elegir un pa\u00eds de la Uni\u00f3n Europea y la app pondr\u00e1 a prueba los conocimientos del usuario sobre ese pa\u00eds.<\/p>\n\n\n\n<p><strong>\u2014 Jugar a UE<\/strong>: La app desaf\u00eda los conocimientos del usuario sobre los 27 pa\u00edses de la Uni\u00f3n Europea a la vez. En cuatro niveles de juego \u2014a elegir\u2014 de dificultad creciente: BASE, BRONCE, PLATA y ORO.<\/p>\n\n\n\n<p>El modo <strong>Jugar a Pa\u00edses<\/strong> ayuda a conocer m\u00e1s sobre cada pa\u00eds. Y, poco a poco, el usuario estar\u00e1 en condiciones de mejorar sus r\u00e9cords de puntuaci\u00f3n por partida y estar\u00e1 m\u00e1s cerca de superar los retos de los 27 pa\u00edses de la UE. Ese aprendizaje le servir\u00e1 tambi\u00e9n para avanzar en los 4 niveles del modo Jugar a UE.<\/p>\n\n\n\n<h2 class=\"wp-block-heading\">JUGAR A PA\u00cdSES<\/h2>\n\n\n\n<p>La partida empieza eligiendo uno de los 27 pa\u00edses de la UE. Cada jugada es una pregunta sobre ese pa\u00eds y el usuario debe seleccionar la respuesta que cree correcta entre cuatro opciones posibles.<\/p>\n\n\n\n<p>Si acierta, se incrementar\u00e1 la puntuaci\u00f3n de la partida para ese pa\u00eds; y podr\u00e1 seguir jugando para mejorar esa puntuaci\u00f3n. Si falla, la app le dir\u00e1 cu\u00e1l es la respuesta correcta y actualizar\u00e1 el Marcador de Jugar a Pa\u00edses en el caso de que en esa partida el usuario haya mejorado su r\u00e9cord de ese pa\u00eds. Y podr\u00e1 optar por Continuar, iniciando una nueva partida, o Terminar el juego.<\/p>\n\n\n\n<p>Cada vez que el usuario supere el reto de un pa\u00eds, acertando 36 datos sin error, aparecer\u00e1 una pantalla que lo acredita. Y, en todo momento, en el <strong>Marcador<\/strong> de <strong>Jugar a Pa\u00edses<\/strong> ver\u00e1 las veces que ha logrado superar el reto de cada uno de los 27 pa\u00edses.<\/p>\n\n\n\n<figure class=\"wp-block-image size-large is-resized\"><img loading=\"lazy\" decoding=\"async\" width=\"1024\" height=\"691\" src=\"https:\/\/www.pacolara.net\/wp-content\/uploads\/2021\/10\/MundiRecord-UE-002-1024x691.jpeg\" alt=\"\" class=\"wp-image-691\" srcset=\"https:\/\/www.pacolara.net\/wp-content\/uploads\/2021\/10\/MundiRecord-UE-002-1024x691.jpeg 1024w, https:\/\/www.pacolara.net\/wp-content\/uploads\/2021\/10\/MundiRecord-UE-002-300x203.jpeg 300w, https:\/\/www.pacolara.net\/wp-content\/uploads\/2021\/10\/MundiRecord-UE-002-768x518.jpeg 768w, https:\/\/www.pacolara.net\/wp-content\/uploads\/2021\/10\/MundiRecord-UE-002-1536x1037.jpeg 1536w, https:\/\/www.pacolara.net\/wp-content\/uploads\/2021\/10\/MundiRecord-UE-002-1200x810.jpeg 1200w, https:\/\/www.pacolara.net\/wp-content\/uploads\/2021\/10\/MundiRecord-UE-002.jpeg 1600w\" sizes=\"auto, (max-width: 709px) 85vw, (max-width: 909px) 67vw, (max-width: 1362px) 62vw, 840px\" \/><\/figure>\n\n\n\n<h2 class=\"wp-block-heading\">JUGAR A UE<\/h2>\n\n\n\n<p>El primer paso al iniciar una partida es elegir uno de los niveles de juego, de menos a m\u00e1s dif\u00edcil: BASE, BRONCE, PLATA y ORO. A partir de ah\u00ed, cada jugada presenta al usuario un dato de un pa\u00eds de la UE. Y tiene que adivinar a qu\u00e9 pa\u00eds corresponde, entre cuatro opciones posibles.<\/p>\n\n\n\n<p>Si acierta, se incrementar\u00e1 la puntuaci\u00f3n de la partida. Y podr\u00e1 seguir jugando para mejorar su r\u00e9cord de puntos en ese nivel. Si falla, la app le dir\u00e1 cu\u00e1l es el pa\u00eds correcto, actualizar\u00e1 el Marcador de Jugar a UE si en esa partida ha mejorado su r\u00e9cord. Y podr\u00e1 optar por Continuar, iniciando una nueva partida, o Terminar el juego.<\/p>\n\n\n\n<p>En el <strong>Marcador<\/strong> de <strong>Jugar a UE<\/strong> el usuario puede consultar en cualquier momento su r\u00e9cord de puntuaci\u00f3n por partida en los cuatro niveles de juego. Adem\u00e1s de las veces que ha conseguido superar cada nivel.<\/p>\n\n\n\n<p>Para superar los niveles BASE, BRONCE, PLATA y ORO hay que acertar en una misma partida 4, 10, 20 \u00f3 36 datos, respectivamente, de los 27 pa\u00edses de la UE. Cada vez que el usuario supere uno de los niveles, aparecer\u00e1 una pantalla que acreditar\u00e1 sus conocimientos.<\/p>\n\n\n\n<figure class=\"wp-block-image size-large is-resized\"><img loading=\"lazy\" decoding=\"async\" width=\"1024\" height=\"691\" src=\"https:\/\/www.pacolara.net\/wp-content\/uploads\/2021\/10\/MundiRecord-UE-003-1024x691.jpeg\" alt=\"\" class=\"wp-image-692\" srcset=\"https:\/\/www.pacolara.net\/wp-content\/uploads\/2021\/10\/MundiRecord-UE-003-1024x691.jpeg 1024w, https:\/\/www.pacolara.net\/wp-content\/uploads\/2021\/10\/MundiRecord-UE-003-300x203.jpeg 300w, https:\/\/www.pacolara.net\/wp-content\/uploads\/2021\/10\/MundiRecord-UE-003-768x518.jpeg 768w, https:\/\/www.pacolara.net\/wp-content\/uploads\/2021\/10\/MundiRecord-UE-003-1536x1037.jpeg 1536w, https:\/\/www.pacolara.net\/wp-content\/uploads\/2021\/10\/MundiRecord-UE-003-1200x810.jpeg 1200w, https:\/\/www.pacolara.net\/wp-content\/uploads\/2021\/10\/MundiRecord-UE-003.jpeg 1600w\" sizes=\"auto, (max-width: 709px) 85vw, (max-width: 909px) 67vw, (max-width: 1362px) 62vw, 840px\" \/><\/figure>\n\n\n\n<p>El objetivo \u00faltimo de la app <strong>MundiRetos &#8211; Uni\u00f3n Europea <\/strong>es ayudar al usuario a dominar hasta 972 datos de los pa\u00edses de la UE. No es un objetivo f\u00e1cil. Pero, cuanto m\u00e1s juegue m\u00e1s aprender\u00e1 sobre la Uni\u00f3n Europea y m\u00e1s cerca estar\u00e1 de alcanzar ese objetivo.<\/p>\n\n\n\n<figure class=\"wp-block-image size-large is-resized\"><img loading=\"lazy\" decoding=\"async\" width=\"1024\" height=\"691\" src=\"https:\/\/www.pacolara.net\/wp-content\/uploads\/2021\/10\/MundiRecord-UE-004-1024x691.jpeg\" alt=\"\" class=\"wp-image-693\" srcset=\"https:\/\/www.pacolara.net\/wp-content\/uploads\/2021\/10\/MundiRecord-UE-004-1024x691.jpeg 1024w, https:\/\/www.pacolara.net\/wp-content\/uploads\/2021\/10\/MundiRecord-UE-004-300x203.jpeg 300w, https:\/\/www.pacolara.net\/wp-content\/uploads\/2021\/10\/MundiRecord-UE-004-768x518.jpeg 768w, https:\/\/www.pacolara.net\/wp-content\/uploads\/2021\/10\/MundiRecord-UE-004-1536x1037.jpeg 1536w, https:\/\/www.pacolara.net\/wp-content\/uploads\/2021\/10\/MundiRecord-UE-004-1200x810.jpeg 1200w, https:\/\/www.pacolara.net\/wp-content\/uploads\/2021\/10\/MundiRecord-UE-004.jpeg 1600w\" sizes=\"auto, (max-width: 709px) 85vw, (max-width: 909px) 67vw, (max-width: 1362px) 62vw, 840px\" \/><\/figure>\n\n\n\n<hr class=\"wp-block-separator has-css-opacity\"\/>\n","protected":false},"excerpt":{"rendered":"<p>Una app gratuita para jugar y aprender sobre la Uni\u00f3n Europea. Esta app para iPhone y para iPad est\u00e1 disponible para descargar gratis aqu\u00ed. MundiRetos &#8211; Uni\u00f3n Europea es una app gratuita para iPhone y para iPad creada para estimular y facilitar el conocimiento de los 27 pa\u00edses de la UE, a trav\u00e9s del entretenimiento, &hellip; <a href=\"https:\/\/www.pacolara.net\/index.php\/mundiretos-union-europea\/\" class=\"more-link\">Continuar leyendo<span class=\"screen-reader-text\"> \u00abMundiRetos &#8211; Uni\u00f3n Europea\u00bb<\/span><\/a><\/p>\n","protected":false},"author":3,"featured_media":0,"parent":0,"menu_order":0,"comment_status":"closed","ping_status":"closed","template":"","meta":{"footnotes":""},"class_list":["post-706","page","type-page","status-publish","hentry"],"_links":{"self":[{"href":"https:\/\/www.pacolara.net\/index.php\/wp-json\/wp\/v2\/pages\/706","targetHints":{"allow":["GET"]}}],"collection":[{"href":"https:\/\/www.pacolara.net\/index.php\/wp-json\/wp\/v2\/pages"}],"about":[{"href":"https:\/\/www.pacolara.net\/index.php\/wp-json\/wp\/v2\/types\/page"}],"author":[{"embeddable":true,"href":"https:\/\/www.pacolara.net\/index.php\/wp-json\/wp\/v2\/users\/3"}],"replies":[{"embeddable":true,"href":"https:\/\/www.pacolara.net\/index.php\/wp-json\/wp\/v2\/comments?post=706"}],"version-history":[{"count":5,"href":"https:\/\/www.pacolara.net\/index.php\/wp-json\/wp\/v2\/pages\/706\/revisions"}],"predecessor-version":[{"id":1555,"href":"https:\/\/www.pacolara.net\/index.php\/wp-json\/wp\/v2\/pages\/706\/revisions\/1555"}],"wp:attachment":[{"href":"https:\/\/www.pacolara.net\/index.php\/wp-json\/wp\/v2\/media?parent=706"}],"curies":[{"name":"wp","href":"https:\/\/api.w.org\/{rel}","templated":true}]}}