{"id":497,"date":"2021-04-12T21:36:04","date_gmt":"2021-04-12T21:36:04","guid":{"rendered":"https:\/\/www.pacolara.net\/?page_id=497"},"modified":"2025-05-13T23:37:43","modified_gmt":"2025-05-13T22:37:43","slug":"emma-y-el-bosque-en-llamas","status":"publish","type":"page","link":"https:\/\/www.pacolara.net\/index.php\/emma-y-el-bosque-en-llamas\/","title":{"rendered":"Emma y el bosque en llamas"},"content":{"rendered":"\n<figure class=\"wp-block-image size-large\"><img loading=\"lazy\" decoding=\"async\" width=\"661\" height=\"1024\" src=\"https:\/\/www.pacolara.net\/wp-content\/uploads\/2021\/04\/Portada-2048-Emma-y-el-bosque-en-llamas-661x1024.jpg\" alt=\"\" class=\"wp-image-487\" srcset=\"https:\/\/www.pacolara.net\/wp-content\/uploads\/2021\/04\/Portada-2048-Emma-y-el-bosque-en-llamas-661x1024.jpg 661w, https:\/\/www.pacolara.net\/wp-content\/uploads\/2021\/04\/Portada-2048-Emma-y-el-bosque-en-llamas-194x300.jpg 194w, https:\/\/www.pacolara.net\/wp-content\/uploads\/2021\/04\/Portada-2048-Emma-y-el-bosque-en-llamas-768x1190.jpg 768w, https:\/\/www.pacolara.net\/wp-content\/uploads\/2021\/04\/Portada-2048-Emma-y-el-bosque-en-llamas-992x1536.jpg 992w, https:\/\/www.pacolara.net\/wp-content\/uploads\/2021\/04\/Portada-2048-Emma-y-el-bosque-en-llamas-1200x1859.jpg 1200w, https:\/\/www.pacolara.net\/wp-content\/uploads\/2021\/04\/Portada-2048-Emma-y-el-bosque-en-llamas.jpg 1322w\" sizes=\"auto, (max-width: 661px) 85vw, 661px\" \/><figcaption class=\"wp-element-caption\"><em>Portada del libro Emma y el bosque en llamas<\/em><\/figcaption><\/figure>\n\n\n\n<p class=\"has-text-align-left\">Descarga el cuento gratuito\u00a0<a href=\"https:\/\/books.apple.com\/es\/book\/emma-y-el-bosque-en-llamas\/id1562568500\" target=\"_blank\" rel=\"noreferrer noopener\">aqu\u00ed<\/a>, para iPad, iPhone y Mac. Y esc\u00fachalo en el podcast Historias de Emma en <a href=\"https:\/\/podcasts.apple.com\/es\/podcast\/historias-de-emma\/id1532950699\" target=\"_blank\" rel=\"noreferrer noopener\">Apple Podcasts<\/a> o en <a href=\"https:\/\/open.spotify.com\/show\/1wjpB0HaNbaMZz4XpmLkxK\" target=\"_blank\" rel=\"noreferrer noopener\">Spotify<\/a>. Tambi\u00e9n puedes leer el cuento en <a href=\"https:\/\/books.google.es\/books?id=dqlcEQAAQBAJ&amp;newbks=0&amp;printsec=frontcover\" target=\"_blank\" rel=\"noreferrer noopener\">Google Libros<\/a> y descargarlo gratis en <a href=\"https:\/\/play.google.com\/store\/books\/details?id=dqlcEQAAQBAJ\" target=\"_blank\" rel=\"noreferrer noopener\">Google Play<\/a>.<\/p>\n\n\n\n<p>El d\u00eda amaneci\u00f3 con un sol radiante. Era un d\u00eda perfecto para celebrar el cumplea\u00f1os de los pollitos Pepe y Pito. Su mam\u00e1, la gallina Catalina, hab\u00eda preparado una cesta llena de pastelitos para celebrar una gran fiesta de cumplea\u00f1os en el bosque, con todos sus amigos&#8230; Pero&#8230; \u00a1Ay, ay, ay&#8230;! Cuando Catalina y los pollitos llegaron al lugar de la fiesta, el bosque empez\u00f3 a llenarse de chirridos que hac\u00edan temblar el suelo y de \u00e1rboles que se ca\u00edan&#8230; \u00bfQu\u00e9 estaba pasando?<\/p>\n\n\n\n<p>Los animalitos hu\u00edan del bosque al quedarse sin sus casas en los \u00e1rboles y sin los frutos de los \u00e1rboles para comer&#8230; Y todos corrieron hacia la casa de Emma, para pedirle ayuda.<\/p>\n\n\n\n<p>Pero las sorpresas no hab\u00edan terminado. Porque, cuando Emma fue al bosque a ayudar a sus animalitos amigos, un gran incendio empez\u00f3 a quemar los \u00e1rboles ca\u00eddos&#8230; En esta historia, Emma tiene que salvar al bosque de las llamas y a los animalitos que viven en \u00e9l&#8230; \u00bfLo conseguir\u00e1?<\/p>\n\n\n\n<h2 class=\"wp-block-heading\">INDICE<\/h2>\n\n\n\n<ol class=\"wp-block-list\">\n<li>Fiesta en el bosque<\/li>\n\n\n\n<li>Y el \u00e1rbol se cay\u00f3\u2026<\/li>\n\n\n\n<li>Pollitos en el agujero<\/li>\n\n\n\n<li>\u00a1M\u00e1s madera!<\/li>\n\n\n\n<li>Los \u00e1rboles amigos<\/li>\n<\/ol>\n\n\n\n<p>A continuaci\u00f3n se reproducen los dos primeros cap\u00edtulos del cuento.<\/p>\n\n\n\n<h2 class=\"wp-block-heading\">CAPITULO 1 \u2022 FIESTA EN EL BOSQUE<\/h2>\n\n\n\n<p>La gallina Catalina se despert\u00f3 muy pronto esa ma\u00f1ana. Ten\u00eda mucho trabajo que hacer. Quer\u00eda preparar una gran sorpresa antes de que despertaran sus dos pollitos, Pepe y Pito.<\/p>\n\n\n\n<p>Cuando termin\u00f3, Catalina puso lo que hab\u00eda preparado en una cesta, a\u00f1adi\u00f3 tambi\u00e9n un mantel, y entr\u00f3 en el gallinero a despertar a sus dos pollitos dormilones\u2026<\/p>\n\n\n\n<p>\u2014\u00a1Vamos chicos! \u00a1Arriba!\u2026 \u00a1Despertad, que hoy es el d\u00eda!&nbsp; \u2014cacare\u00f3 Catalina, alegre.<\/p>\n\n\n\n<p>Pito, el pollito de plumas blancas que era el m\u00e1s travieso, sali\u00f3 corriendo del gallinero. Y abri\u00f3 los ojos, sorprendido, al ver la gran cesta que hab\u00eda preparado mam\u00e1 Catalina.<\/p>\n\n\n\n<p>\u2014\u00bfQu\u00e9 es?\u2026 \u00bfQu\u00e9 es, mam\u00e1? \u2014pi\u00f3 Pito, mientras su hermanito Pepe corr\u00eda tambi\u00e9n hacia la cesta, a ver que hab\u00eda dentro.<\/p>\n\n\n\n<p>\u2014Mirad, chicos\u2026 \u00a1La cesta est\u00e1 llena de pastelitos de pl\u00e1tano, avena y&nbsp; nueces!\u2026 Porque hoooy\u2026 vaaamooos a celebraaar\u2026 \u00a1Vuestro cumplea\u00f1ooos!&nbsp;<\/p>\n\n\n\n<p>\u2014\u00a1Bieeen, qu\u00e9 bieeen\u2026! \u2014saltaron contentos los dos pollitos.<\/p>\n\n\n\n<p>\u2014\u00bfEst\u00e1is listos?\u2026 Tenemos que ir al bosque a celebrarlo. He invitado a vuestros amigos a la fiesta de cumplea\u00f1os\u2026 \u00a1Y lo vamos a pasar muy bien!\u2026 \u00a1Hala, vamos!<\/p>\n\n\n\n<figure class=\"wp-block-image size-large\"><img loading=\"lazy\" decoding=\"async\" width=\"1024\" height=\"805\" src=\"https:\/\/www.pacolara.net\/wp-content\/uploads\/2021\/04\/EyeBeLl-1C-1024x805.jpg\" alt=\"\" class=\"wp-image-531\" srcset=\"https:\/\/www.pacolara.net\/wp-content\/uploads\/2021\/04\/EyeBeLl-1C-1024x805.jpg 1024w, https:\/\/www.pacolara.net\/wp-content\/uploads\/2021\/04\/EyeBeLl-1C-300x236.jpg 300w, https:\/\/www.pacolara.net\/wp-content\/uploads\/2021\/04\/EyeBeLl-1C-768x603.jpg 768w, https:\/\/www.pacolara.net\/wp-content\/uploads\/2021\/04\/EyeBeLl-1C-1536x1207.jpg 1536w, https:\/\/www.pacolara.net\/wp-content\/uploads\/2021\/04\/EyeBeLl-1C-1200x943.jpg 1200w, https:\/\/www.pacolara.net\/wp-content\/uploads\/2021\/04\/EyeBeLl-1C.jpg 2048w\" sizes=\"auto, (max-width: 709px) 85vw, (max-width: 909px) 67vw, (max-width: 1362px) 62vw, 840px\" \/><\/figure>\n\n\n\n<p>Los dos pollitos se pusieron en marcha, camino del bosque, detr\u00e1s de mam\u00e1 Catalina que llevaba la cesta colgada del pico.<\/p>\n\n\n\n<p>Y cantando y saltando llegaron a un bello lugar, rodeado de \u00e1rboles, donde sol\u00edan jugar con sus animalitos amigos.<\/p>\n\n\n\n<p>\u2014\u00a1Hala! Vamos a prepararlo todo antes de que lleguen vuestros amigos \u2014dijo Catalina\u2014. Vosotros poned el mantel en el suelo y yo sacar\u00e9 los pastelitos de la cesta\u2026<\/p>\n\n\n\n<p>Y, dicho y hecho, los tres se pusieron a trabajar\u2026 Pero, pero\u2026&nbsp;<\/p>\n\n\n\n<p>No hab\u00edan terminado de poner el mantel en el suelo, cuando, de repente, oyeron un graaan chirriiido que ven\u00eda de detr\u00e1s de los \u00e1rboles.&nbsp;<\/p>\n\n\n\n<figure class=\"wp-block-image size-large\"><img loading=\"lazy\" decoding=\"async\" width=\"1024\" height=\"581\" src=\"https:\/\/www.pacolara.net\/wp-content\/uploads\/2021\/04\/EyeBeLl_-_2E-1024x581.jpg\" alt=\"\" class=\"wp-image-530\" srcset=\"https:\/\/www.pacolara.net\/wp-content\/uploads\/2021\/04\/EyeBeLl_-_2E-1024x581.jpg 1024w, https:\/\/www.pacolara.net\/wp-content\/uploads\/2021\/04\/EyeBeLl_-_2E-300x170.jpg 300w, https:\/\/www.pacolara.net\/wp-content\/uploads\/2021\/04\/EyeBeLl_-_2E-768x436.jpg 768w, https:\/\/www.pacolara.net\/wp-content\/uploads\/2021\/04\/EyeBeLl_-_2E-1536x872.jpg 1536w, https:\/\/www.pacolara.net\/wp-content\/uploads\/2021\/04\/EyeBeLl_-_2E-1200x681.jpg 1200w, https:\/\/www.pacolara.net\/wp-content\/uploads\/2021\/04\/EyeBeLl_-_2E.jpg 2048w\" sizes=\"auto, (max-width: 709px) 85vw, (max-width: 909px) 67vw, (max-width: 1362px) 62vw, 840px\" \/><\/figure>\n\n\n\n<p>Sonaba muy, muy fuerte \u2014\u00a1Grrrrrrr!\u2026 \u00a1Grrrrrrrr!\u2014\u2026 Tan fuerte que el suelo del bosque vibraba, como si ese chirrido hiciera temblar el bosque entero\u2026<\/p>\n\n\n\n<p>Los tres corrieron r\u00e1pido a ocultarse detr\u00e1s del tronco de un \u00e1rbol. Y Pepe y Pito se escondieron, asustados, tras las alas de mam\u00e1 Catalina, metiendo la cabeza entre las plumas.<\/p>\n\n\n\n<p>Pero\u2026 \u00a1Ay, ay ay!\u2026 De pronto se oy\u00f3 un graaan golpe en el suelo del bosque\u2026 \u00a1Booouuummm!\u2026 Tan fuerte, tan fuerte que Catalina, los pollitos y las piedras que hab\u00eda en el suelo, saltaron.&nbsp;<\/p>\n\n\n\n<p>Despu\u00e9s de ese gran golpe, el bosque se qued\u00f3 en silencio. Callado. Tan silencioso que ni siquiera se o\u00edan los trinos de los p\u00e1jaros que viv\u00edan en los \u00e1rboles\u2026 Hasta que oyeron gritar a alguien que ven\u00eda corriendo\u2026<\/p>\n\n\n\n<p>\u2014\u00a1Catalinaaa, Pepeee, Pitooo\u2026! \u00bfD\u00f3nde est\u00e1is\u2026?<\/p>\n\n\n\n<p>\u2014\u00a1Anda!\u2026 \u00a1Es Noli! \u2014dijo Catalina, al reconocer la voz de su amiga la ardilla\u2014 \u00a1Ven, ven, Noli!\u2026 \u00a1Estamos aqu\u00ed escondidos, detr\u00e1s del \u00e1rbol grandote!<\/p>\n\n\n\n<p>La peque\u00f1a ardilla de color naranja corri\u00f3 hacia el \u00e1rbol donde estaba Catalina. Y, asustada, se acurruc\u00f3 tambi\u00e9n detr\u00e1s de mam\u00e1 gallina, junto a Pepe y a Pito.<\/p>\n\n\n\n<figure class=\"wp-block-image size-large\"><img loading=\"lazy\" decoding=\"async\" width=\"989\" height=\"1024\" src=\"https:\/\/www.pacolara.net\/wp-content\/uploads\/2021\/04\/EyeBeLl-3D-989x1024.jpg\" alt=\"\" class=\"wp-image-532\" srcset=\"https:\/\/www.pacolara.net\/wp-content\/uploads\/2021\/04\/EyeBeLl-3D-989x1024.jpg 989w, https:\/\/www.pacolara.net\/wp-content\/uploads\/2021\/04\/EyeBeLl-3D-290x300.jpg 290w, https:\/\/www.pacolara.net\/wp-content\/uploads\/2021\/04\/EyeBeLl-3D-768x795.jpg 768w, https:\/\/www.pacolara.net\/wp-content\/uploads\/2021\/04\/EyeBeLl-3D-1483x1536.jpg 1483w, https:\/\/www.pacolara.net\/wp-content\/uploads\/2021\/04\/EyeBeLl-3D-1978x2048.jpg 1978w, https:\/\/www.pacolara.net\/wp-content\/uploads\/2021\/04\/EyeBeLl-3D-1200x1243.jpg 1200w, https:\/\/www.pacolara.net\/wp-content\/uploads\/2021\/04\/EyeBeLl-3D.jpg 2048w\" sizes=\"auto, (max-width: 709px) 85vw, (max-width: 909px) 67vw, (max-width: 1362px) 62vw, 840px\" \/><\/figure>\n\n\n\n<h2 class=\"wp-block-heading\">CAPITULO 2 \u2022 Y EL \u00c1RBOL SE CAY\u00d3\u2026<\/h2>\n\n\n\n<p>\u2014Yo estaba durmiendo en mi casa del \u00e1rbol y me despert\u00f3 un chirrido muy fuerte\u2026 \u2014dijo Noli, con la respiraci\u00f3n entrecortada por la carrera\u2014. Cuando me asom\u00e9 a ver que era, vi que mi \u00e1rbol se ca\u00eda\u2026 Y, para salvarme, salt\u00e9 al \u00e1rbol de al lado, donde vive el pajarito Pipo\u2026<\/p>\n\n\n\n<p>\u2014\u00bfEse booouuummm tan fuerte que o\u00edmos era tu \u00e1rbol que se cay\u00f3 al suelooo? \u2014le pregunt\u00f3 Pepe, asomando la cabeza por entre las plumas de su mam\u00e1.<\/p>\n\n\n\n<p>\u2014\u00a1S\u00ed\u00ed\u00ed, s\u00ed\u00ed\u00ed\u2026! \u00a1Y como se ha ca\u00eddo, ya no tengo casa! \u2014respondi\u00f3, llorosa, la peque\u00f1a ardilla\u2014\u2026 \u00a1Y, adem\u00e1s, volvi\u00f3 a pasar otra vez! \u2014a\u00f1adi\u00f3 Noli\u2014. Porque cuando sub\u00eda a la rama m\u00e1s alta del \u00e1rbol donde vive Pipo, o\u00ed otro chirrido\u2026 \u00a1Y ese \u00e1rbol tambi\u00e9n se cay\u00f3!\u2026&nbsp;<\/p>\n\n\n\n<p>\u2014\u00bfPor qu\u00e9 se caen los \u00e1rboles?\u2026 \u2014pregunt\u00f3 Catalina.<\/p>\n\n\n\n<p>\u2014No s\u00e9, no lo s\u00e9\u2026 \u2014dijo Noli\u2014. Como yo estaba muy asustada, salt\u00e9 al suelo y me alej\u00e9 corriendo de los \u00e1rboles que se ca\u00edan\u2026<\/p>\n\n\n\n<p>Y, en ese momento, vieron a su amigo el pajarito Pipo que ven\u00eda volando hacia ellos, a toda prisa\u2026<\/p>\n\n\n\n<p>\u2014\u00a1Mi \u00e1rbol se ha ca\u00eddo\u2026! \u00a1Ya no tengo casita! \u2014trinaba Pipo, nervioso\u2014\u2026 \u00a1Vamos, vamos a buscar a Emma para que nos ayude!<\/p>\n\n\n\n<p>Noli, Catalina y los pollitos salieron de detr\u00e1s del \u00e1rbol para ir con Pipo a casa de Emma\u2026&nbsp;<\/p>\n\n\n\n<p>Pero no hab\u00edan dado dos pasos, cuando se pararon, al ver que, por entre los \u00e1rboles, asomaba el morro de un enooorme cami\u00f3n\u2026 Y, asustados, volvieron a esconderse r\u00e1pido detr\u00e1s del tronco de un \u00e1rbol.<\/p>\n\n\n\n<p>El cami\u00f3n, que ten\u00eda pintado el nombre de \u201cMat\u00edas\u201d, se par\u00f3. Y de \u00e9l se baj\u00f3 un se\u00f1or con un gorro amarillo. Abri\u00f3 la puerta del otro lado del cami\u00f3n y cogi\u00f3 algo muy grande y pesado. Se acerc\u00f3 a uno de los \u00e1rboles, apoy\u00f3 en el tronco del \u00e1rbol esa cosa tan pesada que llevaba en las manos\u2026 Y\u2026 \u00a1Grrrrrrrr!\u2026 \u00a1Grrrrrrrr!\u2026 Todos oyeron otra vez ese gran chirrido que hac\u00eda temblar el bosque\u2026<\/p>\n\n\n\n<p>\u2014\u00a1Mirad, mirad\u2026! \u2014exclam\u00f3 Noli\u2014. Est\u00e1 cortando los \u00e1rboles\u2026 \u00a1Por eso se caen!<\/p>\n\n\n\n<p>\u2014\u00bfD\u00f3nde viviremos si cortan los \u00e1rboles del bosque?\u2026 \u00bfY qu\u00e9 comeremos, si ya no tenemos los frutos de los \u00e1rboles?\u2026 \u2014trin\u00f3 Pipo moviendo la cabeza, lloroso.<\/p>\n\n\n\n<figure class=\"wp-block-image size-large\"><img loading=\"lazy\" decoding=\"async\" width=\"989\" height=\"1024\" src=\"https:\/\/www.pacolara.net\/wp-content\/uploads\/2021\/04\/EyeBeLl-4D-989x1024.jpg\" alt=\"\" class=\"wp-image-533\" srcset=\"https:\/\/www.pacolara.net\/wp-content\/uploads\/2021\/04\/EyeBeLl-4D-989x1024.jpg 989w, https:\/\/www.pacolara.net\/wp-content\/uploads\/2021\/04\/EyeBeLl-4D-290x300.jpg 290w, https:\/\/www.pacolara.net\/wp-content\/uploads\/2021\/04\/EyeBeLl-4D-768x795.jpg 768w, https:\/\/www.pacolara.net\/wp-content\/uploads\/2021\/04\/EyeBeLl-4D-1483x1536.jpg 1483w, https:\/\/www.pacolara.net\/wp-content\/uploads\/2021\/04\/EyeBeLl-4D-1978x2048.jpg 1978w, https:\/\/www.pacolara.net\/wp-content\/uploads\/2021\/04\/EyeBeLl-4D-1200x1243.jpg 1200w, https:\/\/www.pacolara.net\/wp-content\/uploads\/2021\/04\/EyeBeLl-4D.jpg 2048w\" sizes=\"auto, (max-width: 709px) 85vw, (max-width: 909px) 67vw, (max-width: 1362px) 62vw, 840px\" \/><\/figure>\n\n\n\n<p>Mientras Pipo dec\u00eda eso, vieron como el \u00e1rbol que estaba cortando el se\u00f1or de la sierra, que se llamaba Mat\u00edas, empez\u00f3 a caer\u2026 Y cay\u00f3 y cay\u00f3, hasta que \u00a1Booouuummm!\u2026 Dio un gran golpe contra el suelo.<\/p>\n\n\n\n<p>\u2014\u00a1Vamos, vamos a dec\u00edrselo a Emma, para que nos ayude! \u2014cacare\u00f3 Catalina asustada.<\/p>\n\n\n\n<p>Y los cinco animalitos salieron corriendo hacia la casa de Emma. Con mucho cuidado, saltando sobre los troncos y evitando los agujeros que hab\u00edan hecho los \u00e1rboles al caer.<\/p>\n\n\n\n<p>Catalina iba corriendo delante, con la cesta de pastelitos colgada del pico, seguida por sus dos pollitos y por Noli\u2026 Pero\u2026 \u00a1Ay, ay, ay\u2026!\u2026 Corriendo, corriendo, no vieron el gran agujero que hab\u00eda hecho un \u00e1rbol al caer al suelo\u2026 Y \u00a1zas!\u2026&nbsp; \u00a1Los cuatro cayeron dentro del agujero!<\/p>\n\n\n\n<p>Noli sali\u00f3 del agujero dando un gran salto, como saben dar las ardillas cuando juegan en los \u00e1rboles. Pero Catalina y sus pollitos daban saltos peque\u00f1itos y no pod\u00edan salir\u2026&nbsp;<\/p>\n\n\n\n<p>\u2014\u00a1Vuela, vuela\u2026! \u00a1Ve volando r\u00e1pido a buscar a Emma para que nos ayude! \u2014grit\u00f3 Noli al p\u00e1jaro Pipo\u2014. Dile que Catalina, Pepe y Pito se han ca\u00eddo a un agujero\u2026 Yo me quedo aqu\u00ed con ellos.<\/p>\n\n\n\n<figure class=\"wp-block-image size-large\"><img loading=\"lazy\" decoding=\"async\" width=\"989\" height=\"1024\" src=\"https:\/\/www.pacolara.net\/wp-content\/uploads\/2021\/04\/EyeBeLl-5D-989x1024.jpg\" alt=\"\" class=\"wp-image-534\" srcset=\"https:\/\/www.pacolara.net\/wp-content\/uploads\/2021\/04\/EyeBeLl-5D-989x1024.jpg 989w, https:\/\/www.pacolara.net\/wp-content\/uploads\/2021\/04\/EyeBeLl-5D-290x300.jpg 290w, https:\/\/www.pacolara.net\/wp-content\/uploads\/2021\/04\/EyeBeLl-5D-768x795.jpg 768w, https:\/\/www.pacolara.net\/wp-content\/uploads\/2021\/04\/EyeBeLl-5D-1483x1536.jpg 1483w, https:\/\/www.pacolara.net\/wp-content\/uploads\/2021\/04\/EyeBeLl-5D-1978x2048.jpg 1978w, https:\/\/www.pacolara.net\/wp-content\/uploads\/2021\/04\/EyeBeLl-5D-1200x1243.jpg 1200w, https:\/\/www.pacolara.net\/wp-content\/uploads\/2021\/04\/EyeBeLl-5D.jpg 2048w\" sizes=\"auto, (max-width: 709px) 85vw, (max-width: 909px) 67vw, (max-width: 1362px) 62vw, 840px\" \/><\/figure>\n\n\n\n<hr class=\"wp-block-separator has-css-opacity\"\/>\n","protected":false},"excerpt":{"rendered":"<p>Descarga el cuento gratuito\u00a0aqu\u00ed, para iPad, iPhone y Mac. Y esc\u00fachalo en el podcast Historias de Emma en Apple Podcasts o en Spotify. Tambi\u00e9n puedes leer el cuento en Google Libros y descargarlo gratis en Google Play. El d\u00eda amaneci\u00f3 con un sol radiante. Era un d\u00eda perfecto para celebrar el cumplea\u00f1os de los pollitos &hellip; <a href=\"https:\/\/www.pacolara.net\/index.php\/emma-y-el-bosque-en-llamas\/\" class=\"more-link\">Continuar leyendo<span class=\"screen-reader-text\"> \u00abEmma y el bosque en llamas\u00bb<\/span><\/a><\/p>\n","protected":false},"author":3,"featured_media":0,"parent":0,"menu_order":0,"comment_status":"closed","ping_status":"closed","template":"","meta":{"footnotes":""},"class_list":["post-497","page","type-page","status-publish","hentry"],"_links":{"self":[{"href":"https:\/\/www.pacolara.net\/index.php\/wp-json\/wp\/v2\/pages\/497","targetHints":{"allow":["GET"]}}],"collection":[{"href":"https:\/\/www.pacolara.net\/index.php\/wp-json\/wp\/v2\/pages"}],"about":[{"href":"https:\/\/www.pacolara.net\/index.php\/wp-json\/wp\/v2\/types\/page"}],"author":[{"embeddable":true,"href":"https:\/\/www.pacolara.net\/index.php\/wp-json\/wp\/v2\/users\/3"}],"replies":[{"embeddable":true,"href":"https:\/\/www.pacolara.net\/index.php\/wp-json\/wp\/v2\/comments?post=497"}],"version-history":[{"count":10,"href":"https:\/\/www.pacolara.net\/index.php\/wp-json\/wp\/v2\/pages\/497\/revisions"}],"predecessor-version":[{"id":1878,"href":"https:\/\/www.pacolara.net\/index.php\/wp-json\/wp\/v2\/pages\/497\/revisions\/1878"}],"wp:attachment":[{"href":"https:\/\/www.pacolara.net\/index.php\/wp-json\/wp\/v2\/media?parent=497"}],"curies":[{"name":"wp","href":"https:\/\/api.w.org\/{rel}","templated":true}]}}