{"id":353,"date":"2020-10-16T22:24:28","date_gmt":"2020-10-16T22:24:28","guid":{"rendered":"https:\/\/www.pacolara.net\/?page_id=353"},"modified":"2025-05-13T23:34:10","modified_gmt":"2025-05-13T22:34:10","slug":"emma-gusi-y-el-cocodrilo-pillo","status":"publish","type":"page","link":"https:\/\/www.pacolara.net\/index.php\/emma-gusi-y-el-cocodrilo-pillo\/","title":{"rendered":"Emma, Gusi y el cocodrilo Pillo"},"content":{"rendered":"\n<figure class=\"wp-block-image size-large is-style-default\"><img loading=\"lazy\" decoding=\"async\" width=\"661\" height=\"1024\" src=\"https:\/\/www.pacolara.net\/wp-content\/uploads\/2020\/12\/Portada-2048-Emma-Gusi-y-el-cocodrilo-Pillo-661x1024.jpg\" alt=\"\" class=\"wp-image-411\" srcset=\"https:\/\/www.pacolara.net\/wp-content\/uploads\/2020\/12\/Portada-2048-Emma-Gusi-y-el-cocodrilo-Pillo-661x1024.jpg 661w, https:\/\/www.pacolara.net\/wp-content\/uploads\/2020\/12\/Portada-2048-Emma-Gusi-y-el-cocodrilo-Pillo-194x300.jpg 194w, https:\/\/www.pacolara.net\/wp-content\/uploads\/2020\/12\/Portada-2048-Emma-Gusi-y-el-cocodrilo-Pillo-768x1190.jpg 768w, https:\/\/www.pacolara.net\/wp-content\/uploads\/2020\/12\/Portada-2048-Emma-Gusi-y-el-cocodrilo-Pillo-992x1536.jpg 992w, https:\/\/www.pacolara.net\/wp-content\/uploads\/2020\/12\/Portada-2048-Emma-Gusi-y-el-cocodrilo-Pillo-1200x1859.jpg 1200w, https:\/\/www.pacolara.net\/wp-content\/uploads\/2020\/12\/Portada-2048-Emma-Gusi-y-el-cocodrilo-Pillo.jpg 1322w\" sizes=\"auto, (max-width: 661px) 85vw, 661px\" \/><figcaption class=\"wp-element-caption\"><em>Portada del libro Emma. Gusi y el cocodrilo Pillo<\/em><\/figcaption><\/figure>\n\n\n\n<p class=\"has-text-align-left\">Descarga el cuento gratuito\u00a0<a href=\"https:\/\/books.apple.com\/es\/book\/emma-gusi-y-el-cocodrilo-pillo\/id1536166204\" target=\"_blank\" rel=\"noreferrer noopener\">aqu\u00ed<\/a>, para iPad, iPhone y Mac. Y esc\u00fachalo en el podcast Historias de Emma en <a href=\"https:\/\/podcasts.apple.com\/es\/podcast\/historias-de-emma\/id1532950699\" target=\"_blank\" rel=\"noreferrer noopener\">Apple Podcasts<\/a> o en <a href=\"https:\/\/open.spotify.com\/show\/1wjpB0HaNbaMZz4XpmLkxK\" target=\"_blank\" rel=\"noreferrer noopener\">Spotify<\/a>. Tambi\u00e9n puedes leer el cuento en <a href=\"https:\/\/books.google.es\/books?id=TKlcEQAAQBAJ&amp;newbks=0&amp;printsec=frontcover\" target=\"_blank\" rel=\"noreferrer noopener\">Google Libros<\/a> y descargarlo gratis en <a href=\"https:\/\/play.google.com\/store\/books\/details?id=TKlcEQAAQBAJ\" target=\"_blank\" rel=\"noreferrer noopener\">Google Play<\/a>.<\/p>\n\n\n\n<p>Emma estaba muy, muy contenta, porque ese d\u00eda cumpl\u00eda cuatro a\u00f1os. Y todos sus amigos iban a venir a su fiesta de cumplea\u00f1os.&nbsp;<\/p>\n\n\n\n<p>A Emma le gustaban mucho las frutas del bosque y, junto a sus amigos, la ardilla Noli y el gusanito Gusi, se encamin\u00f3 hacia bosque, a coger ar\u00e1ndanos, moras y frambuesas para hacer una gran tarta de cumplea\u00f1os.&nbsp;<\/p>\n\n\n\n<p>Pero al llegar al r\u00edo que ten\u00edan que cruzar para entrar en el bosque, se encontraron con una desagradable sorpresa&#8230; \u00a1El puente hab\u00eda desaparecido! Y no pod\u00edan cruzar el r\u00edo.&nbsp;<\/p>\n\n\n\n<p>Mientras Emma y Noli fueron a buscar d\u00f3nde estaba ahora el puente, el peque\u00f1o Gusi se qued\u00f3 esperando en la orilla del r\u00edo&#8230; Pero, \u00a1ay, ay, ay! \u2026Apareci\u00f3 de pronto el cocodrillo Pillo que era muy astuto y tramposo&#8230;&nbsp;<\/p>\n\n\n\n<h2 class=\"wp-block-heading\">INDICE<\/h2>\n\n\n\n<ol class=\"wp-block-list\">\n<li>D\u00eda de cumplea\u00f1os<\/li>\n\n\n\n<li>El cocodrilo Pillo<\/li>\n\n\n\n<li>Y Emma tuvo una idea<\/li>\n<\/ol>\n\n\n\n<p>A continuaci\u00f3n se reproducen los dos primeros cap\u00edtulos del cuento.<\/p>\n\n\n\n<h2 class=\"wp-block-heading\">CAPITULO 1 \u2022 DIA DE CUMPLEA\u00d1OS<\/h2>\n\n\n\n<p>Emma se despert\u00f3 muy, muy contenta y feliz\u2026 \u00a1Porque ese d\u00eda cumpl\u00eda cuatro a\u00f1os! Y todos sus amigos iban a venir por la tarde a su fiesta de cumplea\u00f1os.<\/p>\n\n\n\n<p>Ya estaba casi todo preparado. Mam\u00e1 y pap\u00e1 hab\u00edan puesto una gran mesa en el jard\u00edn, bajo el \u00e1rbol en el que viv\u00eda la ardilla Noli. Y con muchos platos, para todos los amigos de Emma.<\/p>\n\n\n\n<p>Esa ma\u00f1ana, Emma y sus amigos, la ardilla Noli y el gusanito Gusi, quer\u00edan ir al bosque, a buscar ar\u00e1ndanos, moras y frambuesas. A todos les gustaban mucho y quer\u00edan hacer una gran tarta de cumplea\u00f1os con frutas del bosque.<\/p>\n\n\n\n<p>\u2014\u00a1Vamos, vamos\u2026! \u2014anim\u00f3 Emma a sus amigos\u2014. \u00a1No olvides tu mochila, Gusi!\u2026 Noli y yo llevamos dos cestitas.<\/p>\n\n\n\n<p>Los tres salieron camino del bosque, para llenar la mochila y las cestas de frutas.<\/p>\n\n\n\n<p>Y cantando, alegres, llegaron al r\u00edo que ten\u00edan que cruzar por el puente de madera para ir al bosque\u2026 Pero \u00a1ay, ay, ay!\u2026 Noli que iba delante se par\u00f3 de repente, con cara de sorpresa y llev\u00e1ndose las manos a la boca\u2026<\/p>\n\n\n\n<p>\u2014\u00a1Mira, mira Emma!\u2026 El puente no est\u00e1\u2026 \u00a1Ha desaparecido! \u00a1No podemos cruzar el r\u00edo!&nbsp;<\/p>\n\n\n\n<p>\u2014\u00bfQu\u00e9 vamos a hacer? \u2014exclam\u00f3 Gusi, mirando a Emma.<\/p>\n\n\n\n<figure class=\"wp-block-image size-large\"><img loading=\"lazy\" decoding=\"async\" width=\"1024\" height=\"623\" src=\"https:\/\/www.pacolara.net\/wp-content\/uploads\/2021\/04\/Noli_Con_Base-2-1024x623.jpg\" alt=\"\" class=\"wp-image-557\" srcset=\"https:\/\/www.pacolara.net\/wp-content\/uploads\/2021\/04\/Noli_Con_Base-2-1024x623.jpg 1024w, https:\/\/www.pacolara.net\/wp-content\/uploads\/2021\/04\/Noli_Con_Base-2-300x182.jpg 300w, https:\/\/www.pacolara.net\/wp-content\/uploads\/2021\/04\/Noli_Con_Base-2-768x467.jpg 768w, https:\/\/www.pacolara.net\/wp-content\/uploads\/2021\/04\/Noli_Con_Base-2-1536x934.jpg 1536w, https:\/\/www.pacolara.net\/wp-content\/uploads\/2021\/04\/Noli_Con_Base-2-1200x729.jpg 1200w, https:\/\/www.pacolara.net\/wp-content\/uploads\/2021\/04\/Noli_Con_Base-2.jpg 2048w\" sizes=\"auto, (max-width: 709px) 85vw, (max-width: 909px) 67vw, (max-width: 1362px) 62vw, 840px\" \/><\/figure>\n\n\n\n<p>\u2014\u00a1Uy! Alguien lo habr\u00e1 llevado a otra parte del r\u00edo\u2026 \u00a1Vamos, vamos a buscarlo! A ver si encontramos d\u00f3nde est\u00e1 el puente ahora, para cruzar a la otra orilla.<\/p>\n\n\n\n<p>Como Gusi era peque\u00f1ito, Emma le dijo que esperara all\u00ed, mientras ella y Noli iban a buscar d\u00f3nde estaba ahora el puente de madera para cruzar el r\u00edo.<\/p>\n\n\n\n<p>\u2014No te muevas de aqu\u00ed hasta que regresemos, \u00bfeh Gusi? \u2014dijo Noli\u2014. \u00a1Ah!\u2026 Y ten cuidado con el cocodrilo Pillo que vive en el r\u00edo. Es muy tramposo y te puede enga\u00f1ar.<\/p>\n\n\n\n<p>\u2014No, no me mover\u00e9\u2026 Os esperar\u00e9 aqu\u00ed sentado, con mi mochila \u2014asinti\u00f3 Gusi.<\/p>\n\n\n\n<p>Y Emma y Noli fueron caminando a ver d\u00f3nde estaba el puente.<\/p>\n\n\n\n<figure class=\"wp-block-image size-large\"><img loading=\"lazy\" decoding=\"async\" width=\"1024\" height=\"589\" src=\"https:\/\/www.pacolara.net\/wp-content\/uploads\/2021\/04\/Gusi_Con_Base-2-1024x589.jpg\" alt=\"\" class=\"wp-image-556\" srcset=\"https:\/\/www.pacolara.net\/wp-content\/uploads\/2021\/04\/Gusi_Con_Base-2-1024x589.jpg 1024w, https:\/\/www.pacolara.net\/wp-content\/uploads\/2021\/04\/Gusi_Con_Base-2-300x173.jpg 300w, https:\/\/www.pacolara.net\/wp-content\/uploads\/2021\/04\/Gusi_Con_Base-2-768x442.jpg 768w, https:\/\/www.pacolara.net\/wp-content\/uploads\/2021\/04\/Gusi_Con_Base-2-1536x884.jpg 1536w, https:\/\/www.pacolara.net\/wp-content\/uploads\/2021\/04\/Gusi_Con_Base-2-1200x690.jpg 1200w, https:\/\/www.pacolara.net\/wp-content\/uploads\/2021\/04\/Gusi_Con_Base-2.jpg 2048w\" sizes=\"auto, (max-width: 709px) 85vw, (max-width: 909px) 67vw, (max-width: 1362px) 62vw, 840px\" \/><\/figure>\n\n\n\n<h2 class=\"wp-block-heading\">CAPITULO 2 \u2022 EL COCODRILO PILLO<\/h2>\n\n\n\n<p>No hab\u00edan pasado ni dos minutos, cuando Gusi oy\u00f3 una voz que sal\u00eda de detr\u00e1s de las hierbas que hab\u00eda en la orilla del r\u00edo\u2026<\/p>\n\n\n\n<p>\u2014\u00a1Hola, hooolaaa\u2026! \u00bfC\u00f3mo est\u00e1\u00e1\u00e1s\u2026?<\/p>\n\n\n\n<p>Gusi se dio la vuelta y vio la cabezota del cocodrilo Pillo que asomaba en el agua.&nbsp;<\/p>\n\n\n\n<p>\u2014\u00a1Anda!\u2026 \u00a1Eres verde, como yo!\u2026 \u2014dijo Pillo\u2014. Aunque yo soy grande y tu peque\u00f1ito, podemos ser buenos amigos\u2026 \u00bfNooo?\u2026 \u00bfQuieres que te ayude a cruzar el r\u00edo?<\/p>\n\n\n\n<p>Gusi record\u00f3 que Pillo era muy tramposo y se alej\u00f3 un poco del cocodrilo.&nbsp;<\/p>\n\n\n\n<p>&nbsp;\u2014\u00a1Ven, no tengas miedo\u2026! \u00a1Soy amigo tuyo, porque los dos somos de color verde\u2026! \u2014dijo Pillo con una sonrisa astuta y cerrando la boca para que Gusi no viera sus enormes dientes.&nbsp;<\/p>\n\n\n\n<p>\u00a1Anda, ven! S\u00fabete encima de mi cabeza y te llevar\u00e9 a la otra orilla del r\u00edo, para que esperes all\u00ed a tus amigos \u2014a\u00f1adi\u00f3 el cocodrilo.<\/p>\n\n\n\n<p>\u2014No, no, gracias\u2026 Mis amigos han ido a ver d\u00f3nde est\u00e1 el puente para cruzar el r\u00edo juntos&nbsp; \u2014contest\u00f3 Gusi, moviendo la cabeza.&nbsp;<\/p>\n\n\n\n<p>\u2014En la otra orilla del r\u00edo hay muchas hojas de morera que es la comida favorita de los gusanitos como t\u00fa\u2026 \u2014dijo el cocodrilo, mirando a Gusi con ojos de animalito bueno\u2014. No tengas miedo\u2026 Yo soy tu amigo, porque eres de color verde como yo.<\/p>\n\n\n\n<p>&nbsp; Gusi se qued\u00f3 pensativo\u2026 Porque le gustaba mucho la idea de esperar a Emma y a Noli en la otra orilla del r\u00edo, mientras com\u00eda ricas hojas de morera que le gustaban mucho, mucho\u2026 Y respondi\u00f3\u2026<\/p>\n\n\n\n<p>\u2014\u00a1Valeee, valeee\u2026! Ll\u00e9vame a la otra orilla &nbsp; \u2014asinti\u00f3 Gusi, contento.<\/p>\n\n\n\n<p>Pero Gusi no se dio cuenta de que, al oirlo, Pillo sonri\u00f3 con cara de malote, relami\u00e9ndose los dientes con su enorme lengua\u2026<\/p>\n\n\n\n<p>Gusi cogi\u00f3 su mochila, se acerc\u00f3 a la orilla del r\u00edo y, de un salto, se subi\u00f3 en la cabezota del cocodrilo Pillo\u2026 Que se dio la vuelta y empez\u00f3 a nadar hacia la otra orilla\u2026<\/p>\n\n\n\n<p>Pero, cuando estaba en medio del r\u00edo, Pillo se par\u00f3. Y mirando a Gusi con sus dos grandes ojos abiertos de par en par, le dijo\u2026<\/p>\n\n\n\n<p>\u2014\u00a1Ah!\u2026 Me olvid\u00e9 dec\u00edrtelo antes\u2026\u00bfSabes cu\u00e1l es mi comida favoritaaa?<\/p>\n\n\n\n<p>\u2014Nooo\u2026 No s\u00e9\u2026 \u2014respondi\u00f3 Gusi.<\/p>\n\n\n\n<p>\u2014 \u00a1Ah! \u00bfNo lo sabes?\u2026 Pues lo que m\u00e1s me gusta comeeerrr\u2026 sooon\u2026 \u00a1Gusanitos! \u00a1Ja, ja, ja\u2026! \u2014grit\u00f3 Pillo.<\/p>\n\n\n\n<p>\u2014\u00a1Oh no\u2026! \u00a1Ay, ay, ay\u2026! \u00a1Me has enga\u00f1ado! \u2014gimi\u00f3 Gusi, muy asustado.<\/p>\n\n\n\n<figure class=\"wp-block-image size-large\"><img loading=\"lazy\" decoding=\"async\" width=\"1024\" height=\"497\" src=\"https:\/\/www.pacolara.net\/wp-content\/uploads\/2021\/04\/Cocodrilo_Pillo_Con_Base-1024x497.jpg\" alt=\"\" class=\"wp-image-555\" srcset=\"https:\/\/www.pacolara.net\/wp-content\/uploads\/2021\/04\/Cocodrilo_Pillo_Con_Base-1024x497.jpg 1024w, https:\/\/www.pacolara.net\/wp-content\/uploads\/2021\/04\/Cocodrilo_Pillo_Con_Base-300x146.jpg 300w, https:\/\/www.pacolara.net\/wp-content\/uploads\/2021\/04\/Cocodrilo_Pillo_Con_Base-768x373.jpg 768w, https:\/\/www.pacolara.net\/wp-content\/uploads\/2021\/04\/Cocodrilo_Pillo_Con_Base-1536x746.jpg 1536w, https:\/\/www.pacolara.net\/wp-content\/uploads\/2021\/04\/Cocodrilo_Pillo_Con_Base-1200x582.jpg 1200w, https:\/\/www.pacolara.net\/wp-content\/uploads\/2021\/04\/Cocodrilo_Pillo_Con_Base.jpg 2048w\" sizes=\"auto, (max-width: 709px) 85vw, (max-width: 909px) 67vw, (max-width: 1362px) 62vw, 840px\" \/><\/figure>\n\n\n\n<p>\u2014\u00a1Ja, ja, jaaa\u2026! Por eso me llamo Pillo\u2026 \u00a1Porque soy mentiroso y hago trampas!\u2026 \u00a1Ja, ja, jaaa\u2026!<\/p>\n\n\n\n<p>Y al decir eso, el cocodrilo tramposo levant\u00f3 la cabeza de golpe, abriendo su bocaza con fuerza\u2026 Gusi sali\u00f3 disparado, volando hacia arriba\u2026 Y, al bajar\u2026 \u00a1chop! cay\u00f3 dentro de la enorme boca de Pillo\u2026&nbsp;<\/p>\n\n\n\n<p>El cocodrilo cerr\u00f3 la boca\u2026 Y el pobre gusanito se qued\u00f3 encerrado dentro de ella.&nbsp;<\/p>\n\n\n\n<p>Justo en ese momento, se oyeron las voces de Emma y de Noli llamando a su amigo\u2026<\/p>\n\n\n\n<p>\u2014\u00a1Gusiii, Gusiii\u2026! \u00bfD\u00f3nde est\u00e1s?\u2026 \u00a1Veeen, veeen\u2026 que hemos encontrado el puente para pasar al otro lado del r\u00ed\u00ed\u00edooo!\u2026<\/p>\n\n\n\n<p>Pero nada. No hab\u00eda ni rastro del gusanito\u2026<\/p>\n\n\n\n<p>\u2014\u00a1Gusiii, Gusiii\u2026! \u00bfD\u00f3nde est\u00e1s?\u2026 \u2014segu\u00edan gritando Emma y Noli, la ardilla.<\/p>\n\n\n\n<p>Hasta que, de pronto, oyeron la voz de Gusi, llorosa y lejana, como si saliera de dentro de una cueva\u2026<\/p>\n\n\n\n<p>\u2014\u00a1Emmaaa, Noliii\u2026! \u00a1Estoooy aqu\u00ed\u00ed\u00ed\u2026! \u00a1En la boca del cocodrilooo\u2026! \u00a1Aqu\u00ed dentro est\u00e1 muy oscurooo!\u2026<\/p>\n\n\n\n<p>Los dos corrieron hacia la orilla y vieron al cocodrilo Pillo en mitad del r\u00edo. Mir\u00e1ndolos fijamente. Y apretando con fuerza los dientes para no abrir la boca.<\/p>\n\n\n\n<p>\u2014\u00a1Oye Pillo! \u2014dijo Emma, enfadada, se\u00f1alando con el dedo al cocodrilo\u2014. \u00a1Abre la boca y suelta a Gusi!<\/p>\n\n\n\n<p>\u2014\u00a1No, nooo, nooo\u2026! \u2014respondi\u00f3 Pillo\u2014. \u00a1No abrir\u00e9 la boca\u2026 Ja, ja, jaaa\u2026!<\/p>\n\n\n\n<p>\u2014\u00a1Suelta a Gusi!\u2026 \u00a1Vamos, su\u00e9ltalo ya, Pillo!<\/p>\n\n\n\n<p>\u2014\u00a1No, nooo, nooo\u2026! \u2014repiti\u00f3 el cocodrilo tramposo, moviendo la cabeza.<\/p>\n\n\n\n<p>\u2014\u00a1S\u00e1cadme de aqu\u00ed\u00ed\u00ed\u2026! \u2014segu\u00eda gritando Gusi, con voz llorosa.<\/p>\n\n\n\n<p>\u2014\u00bfQu\u00e9 podemos hacer, Emma? \u2014gimi\u00f3 Noli, triste.<\/p>\n\n\n\n<hr class=\"wp-block-separator has-css-opacity\"\/>\n","protected":false},"excerpt":{"rendered":"<p>Descarga el cuento gratuito\u00a0aqu\u00ed, para iPad, iPhone y Mac. Y esc\u00fachalo en el podcast Historias de Emma en Apple Podcasts o en Spotify. Tambi\u00e9n puedes leer el cuento en Google Libros y descargarlo gratis en Google Play. Emma estaba muy, muy contenta, porque ese d\u00eda cumpl\u00eda cuatro a\u00f1os. Y todos sus amigos iban a venir &hellip; <a href=\"https:\/\/www.pacolara.net\/index.php\/emma-gusi-y-el-cocodrilo-pillo\/\" class=\"more-link\">Continuar leyendo<span class=\"screen-reader-text\"> \u00abEmma, Gusi y el cocodrilo Pillo\u00bb<\/span><\/a><\/p>\n","protected":false},"author":3,"featured_media":0,"parent":0,"menu_order":0,"comment_status":"closed","ping_status":"closed","template":"","meta":{"footnotes":""},"class_list":["post-353","page","type-page","status-publish","hentry"],"_links":{"self":[{"href":"https:\/\/www.pacolara.net\/index.php\/wp-json\/wp\/v2\/pages\/353","targetHints":{"allow":["GET"]}}],"collection":[{"href":"https:\/\/www.pacolara.net\/index.php\/wp-json\/wp\/v2\/pages"}],"about":[{"href":"https:\/\/www.pacolara.net\/index.php\/wp-json\/wp\/v2\/types\/page"}],"author":[{"embeddable":true,"href":"https:\/\/www.pacolara.net\/index.php\/wp-json\/wp\/v2\/users\/3"}],"replies":[{"embeddable":true,"href":"https:\/\/www.pacolara.net\/index.php\/wp-json\/wp\/v2\/comments?post=353"}],"version-history":[{"count":14,"href":"https:\/\/www.pacolara.net\/index.php\/wp-json\/wp\/v2\/pages\/353\/revisions"}],"predecessor-version":[{"id":1876,"href":"https:\/\/www.pacolara.net\/index.php\/wp-json\/wp\/v2\/pages\/353\/revisions\/1876"}],"wp:attachment":[{"href":"https:\/\/www.pacolara.net\/index.php\/wp-json\/wp\/v2\/media?parent=353"}],"curies":[{"name":"wp","href":"https:\/\/api.w.org\/{rel}","templated":true}]}}