{"id":1628,"date":"2024-03-13T02:03:35","date_gmt":"2024-03-13T01:03:35","guid":{"rendered":"https:\/\/www.pacolara.net\/?page_id=1628"},"modified":"2024-03-13T02:03:35","modified_gmt":"2024-03-13T01:03:35","slug":"mundiretos-asia","status":"publish","type":"page","link":"https:\/\/www.pacolara.net\/index.php\/mundiretos-asia\/","title":{"rendered":"MundiRetos \u2013 Asia"},"content":{"rendered":"\n<div class=\"wp-block-media-text alignwide is-stacked-on-mobile is-vertically-aligned-top\" style=\"grid-template-columns:25% auto\"><figure class=\"wp-block-media-text__media\"><img loading=\"lazy\" decoding=\"async\" width=\"953\" height=\"1024\" src=\"https:\/\/www.pacolara.net\/wp-content\/uploads\/2024\/03\/MRAS-Logo-sin-espacio-arriba-para-web-953x1024.jpeg\" alt=\"\" class=\"wp-image-1633 size-full\" srcset=\"https:\/\/www.pacolara.net\/wp-content\/uploads\/2024\/03\/MRAS-Logo-sin-espacio-arriba-para-web-953x1024.jpeg 953w, https:\/\/www.pacolara.net\/wp-content\/uploads\/2024\/03\/MRAS-Logo-sin-espacio-arriba-para-web-279x300.jpeg 279w, https:\/\/www.pacolara.net\/wp-content\/uploads\/2024\/03\/MRAS-Logo-sin-espacio-arriba-para-web-768x825.jpeg 768w, https:\/\/www.pacolara.net\/wp-content\/uploads\/2024\/03\/MRAS-Logo-sin-espacio-arriba-para-web.jpeg 1024w\" sizes=\"auto, (max-width: 709px) 85vw, (max-width: 909px) 67vw, (max-width: 1362px) 62vw, 840px\" \/><\/figure><div class=\"wp-block-media-text__content\">\n<h1 class=\"wp-block-heading\"><strong>App gratuita para jugar y aprender sobre los pa\u00edses de Asia<\/strong><\/h1>\n<\/div><\/div>\n\n\n\n<figure class=\"wp-block-image size-large is-resized\"><img loading=\"lazy\" decoding=\"async\" width=\"1024\" height=\"691\" src=\"https:\/\/www.pacolara.net\/wp-content\/uploads\/2024\/03\/MRAS.001-1024x691.jpeg\" alt=\"\" class=\"wp-image-1621\" srcset=\"https:\/\/www.pacolara.net\/wp-content\/uploads\/2024\/03\/MRAS.001-1024x691.jpeg 1024w, https:\/\/www.pacolara.net\/wp-content\/uploads\/2024\/03\/MRAS.001-300x203.jpeg 300w, https:\/\/www.pacolara.net\/wp-content\/uploads\/2024\/03\/MRAS.001-768x518.jpeg 768w, https:\/\/www.pacolara.net\/wp-content\/uploads\/2024\/03\/MRAS.001-1536x1037.jpeg 1536w, https:\/\/www.pacolara.net\/wp-content\/uploads\/2024\/03\/MRAS.001-1200x810.jpeg 1200w, https:\/\/www.pacolara.net\/wp-content\/uploads\/2024\/03\/MRAS.001.jpeg 1600w\" sizes=\"auto, (max-width: 709px) 85vw, (max-width: 909px) 67vw, (max-width: 1362px) 62vw, 840px\" \/><\/figure>\n\n\n\n<p class=\"has-text-align-center\">Esta app para iPhone y para iPad est\u00e1 disponible para descargar gratis <a href=\"https:\/\/apps.apple.com\/es\/app\/mundiretos-asia\/id6478837766\" target=\"_blank\" rel=\"noreferrer noopener\">aqu\u00ed<\/a>.<\/p>\n\n\n\n<p><strong>MundiRetos &#8211; Asia<\/strong> es una app gratuita para iPhone y para iPad, disponible en espa\u00f1ol e ingl\u00e9s, que estimula y facilita el conocimiento de 51 pa\u00edses de Asia, a trav\u00e9s del entretenimiento, poniendo en pr\u00e1ctica la estrategia \u00ab<strong>jugar para aprender<\/strong>\u00bb.<\/p>\n\n\n\n<p>Por la v\u00eda del entretenimiento, la app te ayudar\u00e1 a conocer y aprender m\u00e1s de mil datos relevantes sobre 51 pa\u00edses de Asia, en facetas como su geograf\u00eda, ciudades, personajes, s\u00edmbolos del pa\u00eds o historia, entre otras.<\/p>\n\n\n\n<p>Una app \u00fatil, adem\u00e1s, para ejercitar la memoria, planteando retos que estimulan el ejercicio mental y ayudan a prevenir el deterioro cognitivo.<\/p>\n\n\n\n<p>La app, de tipo test, ofrece dos modos de juego:<\/p>\n\n\n\n<p>\u2014 <strong>Jugar a Pa\u00edses<\/strong>: Elige uno de los pa\u00edses de Asia y pon a prueba tus conocimientos.<\/p>\n\n\n\n<p>\u2014 <strong>Jugar a Asia<\/strong>: Atr\u00e9vete con el desaf\u00edo de 4 pa\u00edses al azar (4alAzar), o con los cuatro retos de medalla \u2014Base, Bronce, Plata y Oro\u2014 que te enfrentar\u00e1n a los 51 pa\u00edses de Asia a la vez.<\/p>\n\n\n\n<p>Lo recomendable es empezar jugando a Pa\u00edses. Te ayudar\u00e1 a conocer m\u00e1s sobre cada uno de ellos para superar los retos de los 51 pa\u00edses de Asia. Y ese aprendizaje te servir\u00e1 tambi\u00e9n para avanzar en los 5 desaf\u00edos del modo <strong>Jugar a<\/strong><strong> Asia<\/strong>.<\/p>\n\n\n\n<h2 class=\"wp-block-heading\">JUGAR A PA\u00cdSES<\/h2>\n\n\n\n<p>Para empezar, elige uno de los 51 pa\u00edses de Asia. Cada jugada es una pregunta sobre ese pa\u00eds. Y tienes que elegir la respuesta correcta entre cuatro opciones posibles.<\/p>\n\n\n\n<p>Si aciertas, se incrementar\u00e1 tu puntuaci\u00f3n de ese pa\u00eds. Y podr\u00e1s seguir jugando para mejorarla. Si fallas, la app te dir\u00e1 cu\u00e1l es la respuesta correcta. Se actualizar\u00e1 tu r\u00e9cord si lo has mejorado en la partida. Y podr\u00e1s Continuar iniciando una nueva partida, o Terminar el juego.&nbsp;<\/p>\n\n\n\n<p>Cada vez que superes el reto de un pa\u00eds, acertando sus 20 datos, aparecer\u00e1 una pantalla que lo acredita. Y en el <strong>Marcador<\/strong> de <strong>Jugar a Pa\u00edses<\/strong> ver\u00e1s las veces que has superado ya el reto de cada pa\u00eds.<\/p>\n\n\n\n<figure class=\"wp-block-image size-large is-resized\"><img loading=\"lazy\" decoding=\"async\" width=\"1024\" height=\"691\" src=\"https:\/\/www.pacolara.net\/wp-content\/uploads\/2024\/03\/MRAS.002-1024x691.jpeg\" alt=\"\" class=\"wp-image-1622\" srcset=\"https:\/\/www.pacolara.net\/wp-content\/uploads\/2024\/03\/MRAS.002-1024x691.jpeg 1024w, https:\/\/www.pacolara.net\/wp-content\/uploads\/2024\/03\/MRAS.002-300x203.jpeg 300w, https:\/\/www.pacolara.net\/wp-content\/uploads\/2024\/03\/MRAS.002-768x518.jpeg 768w, https:\/\/www.pacolara.net\/wp-content\/uploads\/2024\/03\/MRAS.002-1536x1037.jpeg 1536w, https:\/\/www.pacolara.net\/wp-content\/uploads\/2024\/03\/MRAS.002-1200x810.jpeg 1200w, https:\/\/www.pacolara.net\/wp-content\/uploads\/2024\/03\/MRAS.002.jpeg 1600w\" sizes=\"auto, (max-width: 709px) 85vw, (max-width: 909px) 67vw, (max-width: 1362px) 62vw, 840px\" \/><\/figure>\n\n\n\n<h2 class=\"wp-block-heading\">JUGAR A ASIA<\/h2>\n\n\n\n<p>Elige uno de los 5 retos o niveles de juego: 4alAzar, BASE, BRONCE, PLATA u ORO. En 4alAzar cada jugada te muestra un dato de uno de los cuatro pa\u00edses elegidos al azar para el desaf\u00edo. Y tienes que adivinar a cu\u00e1l de ellos corresponde. Si juegas a los retos BASE, BRONCE, PLATA u ORO, en cada jugada ver\u00e1s el dato de un pa\u00eds. Y tienes que adivinar a qu\u00e9 pa\u00eds corresponde, entre cuatro opciones posibles.<\/p>\n\n\n\n<figure class=\"wp-block-image size-large is-resized\"><img loading=\"lazy\" decoding=\"async\" width=\"1024\" height=\"691\" src=\"https:\/\/www.pacolara.net\/wp-content\/uploads\/2024\/03\/MRAS.003-1024x691.jpeg\" alt=\"\" class=\"wp-image-1623\" srcset=\"https:\/\/www.pacolara.net\/wp-content\/uploads\/2024\/03\/MRAS.003-1024x691.jpeg 1024w, https:\/\/www.pacolara.net\/wp-content\/uploads\/2024\/03\/MRAS.003-300x203.jpeg 300w, https:\/\/www.pacolara.net\/wp-content\/uploads\/2024\/03\/MRAS.003-768x518.jpeg 768w, https:\/\/www.pacolara.net\/wp-content\/uploads\/2024\/03\/MRAS.003-1536x1037.jpeg 1536w, https:\/\/www.pacolara.net\/wp-content\/uploads\/2024\/03\/MRAS.003-1200x810.jpeg 1200w, https:\/\/www.pacolara.net\/wp-content\/uploads\/2024\/03\/MRAS.003.jpeg 1600w\" sizes=\"auto, (max-width: 709px) 85vw, (max-width: 909px) 67vw, (max-width: 1362px) 62vw, 840px\" \/><\/figure>\n\n\n\n<p>Si aciertas, se incrementar\u00e1 tu puntuaci\u00f3n de la partida. Y podr\u00e1s seguir jugando para mejorar tu r\u00e9cord de puntos en ese nivel. Si fallas, la app te dir\u00e1 cu\u00e1l es el pa\u00eds correcto. Se actualizar\u00e1 tu r\u00e9cord si lo has mejorado en esa partida. Y podr\u00e1s Continuar iniciando una nueva partida, o Terminar el juego.<\/p>\n\n\n\n<figure class=\"wp-block-image size-large is-resized\"><img loading=\"lazy\" decoding=\"async\" width=\"1024\" height=\"691\" src=\"https:\/\/www.pacolara.net\/wp-content\/uploads\/2024\/03\/MRAS.004-1024x691.jpeg\" alt=\"\" class=\"wp-image-1624\" srcset=\"https:\/\/www.pacolara.net\/wp-content\/uploads\/2024\/03\/MRAS.004-1024x691.jpeg 1024w, https:\/\/www.pacolara.net\/wp-content\/uploads\/2024\/03\/MRAS.004-300x203.jpeg 300w, https:\/\/www.pacolara.net\/wp-content\/uploads\/2024\/03\/MRAS.004-768x518.jpeg 768w, https:\/\/www.pacolara.net\/wp-content\/uploads\/2024\/03\/MRAS.004-1536x1037.jpeg 1536w, https:\/\/www.pacolara.net\/wp-content\/uploads\/2024\/03\/MRAS.004-1200x810.jpeg 1200w, https:\/\/www.pacolara.net\/wp-content\/uploads\/2024\/03\/MRAS.004.jpeg 1600w\" sizes=\"auto, (max-width: 709px) 85vw, (max-width: 909px) 67vw, (max-width: 1362px) 62vw, 840px\" \/><\/figure>\n\n\n\n<p>En el <strong>Marcador<\/strong> de <strong>Jugar a Asia<\/strong> ver\u00e1s tu r\u00e9cord de puntuaci\u00f3n por partida en los 5 retos: 4alAZAR, BASE, BRONCE, PLATA y ORO. Y las veces que has superado cada uno de ellos.<\/p>\n\n\n\n<p>Superar\u00e1s el desaf\u00edo 4alAZAR si, en una partida, aciertas 80 preguntas correspondientes a 20 datos de cada uno de los 4 pa\u00edses de Asia elegidos al azar.&nbsp;<\/p>\n\n\n\n<p>Superar\u00e1s los retos BASE, BRONCE, PLATA u ORO si, en una partida, respondes correctamente 50 preguntas sobre 3, 6, 12 o 20 datos, respectivamente, de los pa\u00edses de Asia.<\/p>\n\n\n\n<p>Y cada vez que superes uno de los retos, aparecer\u00e1 una pantalla que acreditar\u00e1 tus conocimientos.<\/p>\n\n\n\n<figure class=\"wp-block-image size-large is-resized\"><img loading=\"lazy\" decoding=\"async\" width=\"1024\" height=\"691\" src=\"https:\/\/www.pacolara.net\/wp-content\/uploads\/2024\/03\/MRAS.005-1024x691.jpeg\" alt=\"\" class=\"wp-image-1625\" srcset=\"https:\/\/www.pacolara.net\/wp-content\/uploads\/2024\/03\/MRAS.005-1024x691.jpeg 1024w, https:\/\/www.pacolara.net\/wp-content\/uploads\/2024\/03\/MRAS.005-300x203.jpeg 300w, https:\/\/www.pacolara.net\/wp-content\/uploads\/2024\/03\/MRAS.005-768x518.jpeg 768w, https:\/\/www.pacolara.net\/wp-content\/uploads\/2024\/03\/MRAS.005-1536x1037.jpeg 1536w, https:\/\/www.pacolara.net\/wp-content\/uploads\/2024\/03\/MRAS.005-1200x810.jpeg 1200w, https:\/\/www.pacolara.net\/wp-content\/uploads\/2024\/03\/MRAS.005.jpeg 1600w\" sizes=\"auto, (max-width: 709px) 85vw, (max-width: 909px) 67vw, (max-width: 1362px) 62vw, 840px\" \/><\/figure>\n\n\n\n<p>El objetivo \u00faltimo es llegar a dominar 1.020 datos de 51 pa\u00edses de Asia. Es muy dif\u00edcil pero, cuanto m\u00e1s juegues, m\u00e1s aprender\u00e1s sobre ese continente y m\u00e1s cerca estar\u00e1s de alcanzarlo\u2026 \u00a1A jugar, para aprender!<\/p>\n\n\n\n<h2 class=\"wp-block-heading\">LA SERIE MundiRetos<\/h2>\n\n\n\n<p><strong>MundiRetos<\/strong> da nombre a una colecci\u00f3n de apps gratuitas para iPhone y para iPad, concebidas para estimular y facilitar el conocimiento de los pa\u00edses del mundo a trav\u00e9s del entretenimiento. La serie consta ya de cinco apps, dedicadas a los pa\u00edses de la <strong>Uni\u00f3n Europea, Am\u00e9rica, Espa\u00f1a, \u00c1frica <\/strong>y<strong> Asia<\/strong>.<\/p>\n\n\n\n<hr class=\"wp-block-separator has-alpha-channel-opacity\"\/>\n","protected":false},"excerpt":{"rendered":"<p>App gratuita para jugar y aprender sobre los pa\u00edses de Asia Esta app para iPhone y para iPad est\u00e1 disponible para descargar gratis aqu\u00ed. MundiRetos &#8211; Asia es una app gratuita para iPhone y para iPad, disponible en espa\u00f1ol e ingl\u00e9s, que estimula y facilita el conocimiento de 51 pa\u00edses de Asia, a trav\u00e9s del &hellip; <a href=\"https:\/\/www.pacolara.net\/index.php\/mundiretos-asia\/\" class=\"more-link\">Continuar leyendo<span class=\"screen-reader-text\"> \u00abMundiRetos \u2013 Asia\u00bb<\/span><\/a><\/p>\n","protected":false},"author":3,"featured_media":0,"parent":0,"menu_order":0,"comment_status":"closed","ping_status":"closed","template":"","meta":{"footnotes":""},"class_list":["post-1628","page","type-page","status-publish","hentry"],"_links":{"self":[{"href":"https:\/\/www.pacolara.net\/index.php\/wp-json\/wp\/v2\/pages\/1628","targetHints":{"allow":["GET"]}}],"collection":[{"href":"https:\/\/www.pacolara.net\/index.php\/wp-json\/wp\/v2\/pages"}],"about":[{"href":"https:\/\/www.pacolara.net\/index.php\/wp-json\/wp\/v2\/types\/page"}],"author":[{"embeddable":true,"href":"https:\/\/www.pacolara.net\/index.php\/wp-json\/wp\/v2\/users\/3"}],"replies":[{"embeddable":true,"href":"https:\/\/www.pacolara.net\/index.php\/wp-json\/wp\/v2\/comments?post=1628"}],"version-history":[{"count":8,"href":"https:\/\/www.pacolara.net\/index.php\/wp-json\/wp\/v2\/pages\/1628\/revisions"}],"predecessor-version":[{"id":1681,"href":"https:\/\/www.pacolara.net\/index.php\/wp-json\/wp\/v2\/pages\/1628\/revisions\/1681"}],"wp:attachment":[{"href":"https:\/\/www.pacolara.net\/index.php\/wp-json\/wp\/v2\/media?parent=1628"}],"curies":[{"name":"wp","href":"https:\/\/api.w.org\/{rel}","templated":true}]}}