{"id":1598,"date":"2024-01-04T11:43:21","date_gmt":"2024-01-04T10:43:21","guid":{"rendered":"https:\/\/www.pacolara.net\/?page_id=1598"},"modified":"2024-01-04T12:04:12","modified_gmt":"2024-01-04T11:04:12","slug":"sanitometro-nueva-version-1-1","status":"publish","type":"page","link":"https:\/\/www.pacolara.net\/index.php\/sanitometro-nueva-version-1-1\/","title":{"rendered":"Sanit\u00f3metro \u2022 Nueva versi\u00f3n 1.1"},"content":{"rendered":"\n<div class=\"wp-block-media-text alignwide is-stacked-on-mobile\" style=\"grid-template-columns:34% auto\"><figure class=\"wp-block-media-text__media\"><img loading=\"lazy\" decoding=\"async\" width=\"1024\" height=\"869\" src=\"https:\/\/www.pacolara.net\/wp-content\/uploads\/2023\/03\/LogoCaducometro-1024.jpeg\" alt=\"\" class=\"wp-image-1085 size-full\" srcset=\"https:\/\/www.pacolara.net\/wp-content\/uploads\/2023\/03\/LogoCaducometro-1024.jpeg 1024w, https:\/\/www.pacolara.net\/wp-content\/uploads\/2023\/03\/LogoCaducometro-1024-300x255.jpeg 300w, https:\/\/www.pacolara.net\/wp-content\/uploads\/2023\/03\/LogoCaducometro-1024-768x652.jpeg 768w\" sizes=\"auto, (max-width: 709px) 85vw, (max-width: 909px) 67vw, (max-width: 1362px) 62vw, 840px\" \/><\/figure><div class=\"wp-block-media-text__content\">\n<h2 class=\"wp-block-heading\" id=\"para-controlar-las-fechas-de-caducidad-y-consumo-preferente-y-tener-siempre-a-mano-la-lista-de-la-compra\"><strong>Para controlar las fechas de Caducidad de Medicamentos y Productos Sanitarios. Y gestionar la Lista de Reposici\u00f3n de productos.<\/strong><\/h2>\n<\/div><\/div>\n\n\n<div class=\"wp-block-image is-resized\">\n<figure class=\"aligncenter size-large\"><img loading=\"lazy\" decoding=\"async\" width=\"1024\" height=\"967\" src=\"https:\/\/www.pacolara.net\/wp-content\/uploads\/2023\/03\/Graficos-2.0-para-la-web-Sanitometro.001-1024x967.jpeg\" alt=\"\" class=\"wp-image-1081\" srcset=\"https:\/\/www.pacolara.net\/wp-content\/uploads\/2023\/03\/Graficos-2.0-para-la-web-Sanitometro.001-1024x967.jpeg 1024w, https:\/\/www.pacolara.net\/wp-content\/uploads\/2023\/03\/Graficos-2.0-para-la-web-Sanitometro.001-300x283.jpeg 300w, https:\/\/www.pacolara.net\/wp-content\/uploads\/2023\/03\/Graficos-2.0-para-la-web-Sanitometro.001-768x725.jpeg 768w, https:\/\/www.pacolara.net\/wp-content\/uploads\/2023\/03\/Graficos-2.0-para-la-web-Sanitometro.001.jpeg 1144w\" sizes=\"auto, (max-width: 709px) 85vw, (max-width: 909px) 67vw, (max-width: 1362px) 62vw, 840px\" \/><\/figure>\n<\/div>\n\n\n<p class=\"has-text-align-center\">La versi\u00f3n 1.1 de esta app gratuita para iPhone e iPad est\u00e1 disponible para descargar gratis <a href=\"https:\/\/apps.apple.com\/es\/app\/sanit\u00f3metro\/id6445901512\" target=\"_blank\" rel=\"noreferrer noopener\">aqu\u00ed<\/a>.<\/p>\n\n\n\n<p><strong>Sanit\u00f3metro<\/strong> es una app gratuita para iPhone e iPad, disponible en espa\u00f1ol e ingl\u00e9s, sencilla e intuitiva, y con dos funciones: Sanit\u00f3metro y Lista de Reposici\u00f3n. Aunque ideada inicialmente como un recurso para ayudar a los T\u00e9cnicos de Emergencias Sanitarias, es una app de utilidad para cualquier persona.<\/p>\n\n\n\n<p>La nueva versi\u00f3n 1.1 incorpora novedades y mejoras, tanto en el apartado <strong>Sanit\u00f3metro<\/strong>, como en el de <strong>Lista de Reposici\u00f3n<\/strong>.<\/p>\n\n\n\n<p>\u2022 <strong>Sanit\u00f3metro<\/strong>: Para controlar las fechas de Caducidad de Medicamentos y Productos Sanitarios.&nbsp;<\/p>\n\n\n\n<p>\u2022 <strong>Lista de Reposici\u00f3n<\/strong>: Para mantener actualizada y siempre a mano la lista de medicamentos y productos sanitarios que es necesario reponer, ya sea en una ambulancia, en un servicio de atenci\u00f3n sanitaria o en el botiqu\u00edn de casa.<\/p>\n\n\n\n<h2 class=\"wp-block-heading\">SANIT\u00d3METRO<\/h2>\n\n\n\n<p>Organiza la lista de Medicamentos y Productos Sanitarios atendiendo a su fecha de caducidad y mostrando el n\u00famero de d\u00edas que quedan hasta a esa fecha. Un c\u00f3digo de colores permite ver, de un vistazo, si se ha superado ya la fecha de caducidad o la mayor o menor proximidad a esa fecha. Es posible compartir la lista de productos con sus fechas de caducidad, existencias y notas incluidas. Y activar la recepci\u00f3n de Notificaciones si hay productos a punto de caducar.<\/p>\n\n\n\n<p>Su funcionamiento es muy sencillo:<\/p>\n\n\n\n<p>\u2014 <strong>A\u00f1adir producto<\/strong>: Pulsa + y escribe su nombre, la fecha de Caducidad y la cantidad. Selecciona el tipo de producto en la lista y a\u00f1ade, si lo deseas, una nota.<\/p>\n\n\n\n<p>\u2014 <strong>Ficha de cada producto<\/strong>: Muestra su nombre y tipo, las existencias, la nota a\u00f1adida y los d\u00edas que quedan para su fecha de Caducidad. El color de la ficha indica si ha caducado ya (rojo). O si caduca en los pr\u00f3ximos 30 d\u00edas (naranja), dentro de 1 a 3 meses (marr\u00f3n), de 3 a 6 meses (verde), de 6 a 12 meses (azul), de 1 a 2 a\u00f1os (p\u00farpura) o dentro de m\u00e1s de 2 a\u00f1os (gris).<\/p>\n\n\n\n<p>\u2014 <strong>Modificar los datos de un producto<\/strong>: Pulsa sobre la ficha del producto para ir a la pantalla de edici\u00f3n.<\/p>\n\n\n\n<p>\u2014 <strong>Borrar producto<\/strong>: Pulsa &#8216;Editar&#8217;, o mueve la ficha del producto hacia la izquierda, y toca &#8216;Eliminar&#8217;.<\/p>\n\n\n\n<figure class=\"wp-block-image size-large is-resized\"><img loading=\"lazy\" decoding=\"async\" width=\"1024\" height=\"691\" src=\"https:\/\/www.pacolara.net\/wp-content\/uploads\/2024\/01\/Graficos-1.1-para-la-web-Sanitometro.002-1024x691.jpeg\" alt=\"\" class=\"wp-image-1604\" srcset=\"https:\/\/www.pacolara.net\/wp-content\/uploads\/2024\/01\/Graficos-1.1-para-la-web-Sanitometro.002-1024x691.jpeg 1024w, https:\/\/www.pacolara.net\/wp-content\/uploads\/2024\/01\/Graficos-1.1-para-la-web-Sanitometro.002-300x203.jpeg 300w, https:\/\/www.pacolara.net\/wp-content\/uploads\/2024\/01\/Graficos-1.1-para-la-web-Sanitometro.002-768x518.jpeg 768w, https:\/\/www.pacolara.net\/wp-content\/uploads\/2024\/01\/Graficos-1.1-para-la-web-Sanitometro.002-1536x1037.jpeg 1536w, https:\/\/www.pacolara.net\/wp-content\/uploads\/2024\/01\/Graficos-1.1-para-la-web-Sanitometro.002-1200x810.jpeg 1200w, https:\/\/www.pacolara.net\/wp-content\/uploads\/2024\/01\/Graficos-1.1-para-la-web-Sanitometro.002.jpeg 1600w\" sizes=\"auto, (max-width: 709px) 85vw, (max-width: 909px) 67vw, (max-width: 1362px) 62vw, 840px\" \/><\/figure>\n\n\n\n<p>\u2014 <strong>Ordenar la lista por &#8216;Fecha&#8217;, por &#8216;Categor\u00eda&#8217; o por &#8216;Nombre&#8217;<\/strong>: Toca el icono &#8216;Men\u00fa&#8217; y elige una u otra opci\u00f3n. Inicialmente, la lista aparece ordenada por &#8216;Fecha&#8217; de Caducidad.<\/p>\n\n\n\n<p>\u2014 <strong>A\u00f1adir un medicamento o producto sanitario a la Lista de Reposici\u00f3n, desde el Sanit\u00f3metro<\/strong>: Mueve su ficha hacia la derecha, toca <strong>&#8216;<\/strong>Reponer<strong>&#8216;<\/strong>, y ese medicamento o producto sanitario se a\u00f1adir\u00e1 autom\u00e1ticamente a la Lista de la Reposici\u00f3n.<\/p>\n\n\n\n<p>\u2014 <strong>Duplicar un medicamento o producto sanitario en el Sanit\u00f3metro<\/strong>: Si has repuesto alguno de los medicamentos o productos sanitarios que ya tienes en el Sanit\u00f3metro, mueve su ficha hacia la derecha y toca <strong>&#8216;<\/strong>Duplicar<strong>&#8216;<\/strong>. Toca la ficha duplicada y edita los detalles de esa nueva reposici\u00f3n, como la Cantidad y fecha de Caducidad.<\/p>\n\n\n\n<p>\u2014 <strong>Activar Notificaciones<\/strong>: Toca el icono &#8216;Men\u00fa&#8217; y elige activar o desactivar notificaciones. Con &#8216;Notificaciones Activas&#8217;, a las 8:00 de la ma\u00f1ana aparecer\u00e1 una alerta de <strong>&#8216;<\/strong>Productos a punto de caducar<strong>&#8216;<\/strong> si quedan menos de 4 d\u00edas para la fecha de Caducidad de alguno de ellos.<\/p>\n\n\n\n<p>\u2014 <strong>Compartir la lista<\/strong>: Toca el icono &#8216;Men\u00fa&#8217; y elige &#8216;Compartir<strong>&#8216;<\/strong>, para compartir la lista con las existencias de cada producto, sus fechas de Caducidad y las notas incluidas.<\/p>\n\n\n\n<h2 class=\"wp-block-heading\">LISTA DE REPOSICI\u00d3N<\/h2>\n\n\n\n<p>Permite, de forma c\u00f3moda y sencilla, tener siempre actualizada, priorizada y a mano la lista de los productos pendientes de aprovisionamiento. Y compartirla por correo electr\u00f3nico o mensaje.&nbsp;<\/p>\n\n\n\n<p>Mantener la lista actualizada es sencillo e intuitivo:<\/p>\n\n\n\n<p>\u2014 <strong>A\u00f1adir a la lista<\/strong>: Pulsa + y escribe el nombre del producto y una nota con cualquier detalle a recordar. Y elige un icono del tipo de producto que servir\u00e1 para ordenar la lista por &#8216;Categor\u00eda&#8217; .<\/p>\n\n\n\n<p>\u2014 <strong>\u00bfHay que reponerlo ya?<\/strong>: Pulsa uno de los tres botones, seg\u00fan la prioridad o urgencia por reponer ese producto: Urgencia alta (azul oscuro), media (azul) o baja (azul claro).<\/p>\n\n\n\n<p>\u2014 <strong>Modificar los datos de un producto de la lista<\/strong>: Basta con pulsar sobre la ficha de ese producto.<\/p>\n\n\n\n<p>\u2014 <strong>Borrar producto<\/strong>: Pulsa &#8216;Editar&#8217;, o mueve la ficha del producto hacia la izquierda, y toca &#8216;Eliminar&#8217;.<\/p>\n\n\n\n<figure class=\"wp-block-image size-large is-resized\"><img loading=\"lazy\" decoding=\"async\" width=\"1024\" height=\"691\" src=\"https:\/\/www.pacolara.net\/wp-content\/uploads\/2023\/03\/Graficos-2.0-para-la-web-Sanitometro.003-1024x691.jpeg\" alt=\"\" class=\"wp-image-1083\" srcset=\"https:\/\/www.pacolara.net\/wp-content\/uploads\/2023\/03\/Graficos-2.0-para-la-web-Sanitometro.003-1024x691.jpeg 1024w, https:\/\/www.pacolara.net\/wp-content\/uploads\/2023\/03\/Graficos-2.0-para-la-web-Sanitometro.003-300x203.jpeg 300w, https:\/\/www.pacolara.net\/wp-content\/uploads\/2023\/03\/Graficos-2.0-para-la-web-Sanitometro.003-768x518.jpeg 768w, https:\/\/www.pacolara.net\/wp-content\/uploads\/2023\/03\/Graficos-2.0-para-la-web-Sanitometro.003-1536x1037.jpeg 1536w, https:\/\/www.pacolara.net\/wp-content\/uploads\/2023\/03\/Graficos-2.0-para-la-web-Sanitometro.003-1200x810.jpeg 1200w, https:\/\/www.pacolara.net\/wp-content\/uploads\/2023\/03\/Graficos-2.0-para-la-web-Sanitometro.003.jpeg 1600w\" sizes=\"auto, (max-width: 709px) 85vw, (max-width: 909px) 67vw, (max-width: 1362px) 62vw, 840px\" \/><\/figure>\n\n\n\n<p>\u2014 <strong>Marcar los productos &#8216;ya repuestos&#8217;:<\/strong> Puedes ir marcando en la lista los productos que repones. Mueve la ficha del producto hacia la derecha y ver\u00e1s un icono azul de validaci\u00f3n con un interrogante; p\u00falsalo y en el c\u00edrculo azul de ese producto aparecer\u00e1 la marca de <strong>&#8216;<\/strong>Ya repuesto&#8217;. O toca sobre la ficha del producto y pulsa &#8216;S\u00ed&#8217; en <strong>&#8216;<\/strong>\u00bfRepuesto ya?&#8217;.<\/p>\n\n\n\n<p>\u2014 <strong>Borrar los productos marcados como &#8216;ya repuestos<strong>&#8216;<\/strong><\/strong>: Toca el icono &#8216;Men\u00fa&#8217; y selecciona &#8216;Borrar lo ya repuesto&#8217;.<\/p>\n\n\n\n<p>\u2014 <strong>Ordenar la lista por &#8216;Urgencia&#8217; o por &#8216;Categor\u00eda&#8217;<\/strong>: Elige una u otra opci\u00f3n en el &#8216;Men\u00fa&#8217;. Inicialmente la lista aparece ordenada por &#8216;Urgencia&#8217;. Al elegir por &#8216;Categor\u00eda&#8217; la lista se ordena por tipo de producto.<\/p>\n\n\n\n<p>\u2014 <strong>Compartir la lista<\/strong>: Pulsa el icono &#8216;Men\u00fa&#8217; y elige &#8216;Compartir<strong>&#8216;<\/strong>, para compartir la lista v\u00eda correo electr\u00f3nico o mensaje.<\/p>\n\n\n\n<p>Esta app gratuita para iPhone e iPad est\u00e1 disponible en los idiomas espa\u00f1ol e ingl\u00e9s.&nbsp;<\/p>\n\n\n\n<hr class=\"wp-block-separator has-alpha-channel-opacity\"\/>\n","protected":false},"excerpt":{"rendered":"<p>Para controlar las fechas de Caducidad de Medicamentos y Productos Sanitarios. Y gestionar la Lista de Reposici\u00f3n de productos. La versi\u00f3n 1.1 de esta app gratuita para iPhone e iPad est\u00e1 disponible para descargar gratis aqu\u00ed. Sanit\u00f3metro es una app gratuita para iPhone e iPad, disponible en espa\u00f1ol e ingl\u00e9s, sencilla e intuitiva, y con &hellip; <a href=\"https:\/\/www.pacolara.net\/index.php\/sanitometro-nueva-version-1-1\/\" class=\"more-link\">Continuar leyendo<span class=\"screen-reader-text\"> \u00abSanit\u00f3metro \u2022 Nueva versi\u00f3n 1.1\u00bb<\/span><\/a><\/p>\n","protected":false},"author":3,"featured_media":0,"parent":0,"menu_order":0,"comment_status":"closed","ping_status":"closed","template":"","meta":{"footnotes":""},"class_list":["post-1598","page","type-page","status-publish","hentry"],"_links":{"self":[{"href":"https:\/\/www.pacolara.net\/index.php\/wp-json\/wp\/v2\/pages\/1598","targetHints":{"allow":["GET"]}}],"collection":[{"href":"https:\/\/www.pacolara.net\/index.php\/wp-json\/wp\/v2\/pages"}],"about":[{"href":"https:\/\/www.pacolara.net\/index.php\/wp-json\/wp\/v2\/types\/page"}],"author":[{"embeddable":true,"href":"https:\/\/www.pacolara.net\/index.php\/wp-json\/wp\/v2\/users\/3"}],"replies":[{"embeddable":true,"href":"https:\/\/www.pacolara.net\/index.php\/wp-json\/wp\/v2\/comments?post=1598"}],"version-history":[{"count":6,"href":"https:\/\/www.pacolara.net\/index.php\/wp-json\/wp\/v2\/pages\/1598\/revisions"}],"predecessor-version":[{"id":1614,"href":"https:\/\/www.pacolara.net\/index.php\/wp-json\/wp\/v2\/pages\/1598\/revisions\/1614"}],"wp:attachment":[{"href":"https:\/\/www.pacolara.net\/index.php\/wp-json\/wp\/v2\/media?parent=1598"}],"curies":[{"name":"wp","href":"https:\/\/api.w.org\/{rel}","templated":true}]}}