{"id":1567,"date":"2023-12-02T22:35:21","date_gmt":"2023-12-02T21:35:21","guid":{"rendered":"https:\/\/www.pacolara.net\/?page_id=1567"},"modified":"2025-05-13T23:47:25","modified_gmt":"2025-05-13T22:47:25","slug":"emma-y-el-elfo-travieso","status":"publish","type":"page","link":"https:\/\/www.pacolara.net\/index.php\/emma-y-el-elfo-travieso\/","title":{"rendered":"Emma y el elfo travieso"},"content":{"rendered":"\n<figure class=\"wp-block-image size-large\" id=\"block-4710cc93-476e-4928-bb92-f143e9de4063\"><img loading=\"lazy\" decoding=\"async\" width=\"663\" height=\"1024\" src=\"https:\/\/www.pacolara.net\/wp-content\/uploads\/2023\/12\/Portada-Emma-y-el-elfo-travieso-Paco-Lara-663x1024.jpg\" alt=\"\" class=\"wp-image-1577\" srcset=\"https:\/\/www.pacolara.net\/wp-content\/uploads\/2023\/12\/Portada-Emma-y-el-elfo-travieso-Paco-Lara-663x1024.jpg 663w, https:\/\/www.pacolara.net\/wp-content\/uploads\/2023\/12\/Portada-Emma-y-el-elfo-travieso-Paco-Lara-194x300.jpg 194w, https:\/\/www.pacolara.net\/wp-content\/uploads\/2023\/12\/Portada-Emma-y-el-elfo-travieso-Paco-Lara-768x1187.jpg 768w, https:\/\/www.pacolara.net\/wp-content\/uploads\/2023\/12\/Portada-Emma-y-el-elfo-travieso-Paco-Lara-994x1536.jpg 994w, https:\/\/www.pacolara.net\/wp-content\/uploads\/2023\/12\/Portada-Emma-y-el-elfo-travieso-Paco-Lara-1325x2048.jpg 1325w, https:\/\/www.pacolara.net\/wp-content\/uploads\/2023\/12\/Portada-Emma-y-el-elfo-travieso-Paco-Lara-1200x1855.jpg 1200w, https:\/\/www.pacolara.net\/wp-content\/uploads\/2023\/12\/Portada-Emma-y-el-elfo-travieso-Paco-Lara.jpg 1650w\" sizes=\"auto, (max-width: 663px) 85vw, 663px\" \/><figcaption class=\"wp-element-caption\">Portada del libro Emma y el elfo travieso<\/figcaption><\/figure>\n\n\n\n<p id=\"block-d41a0cba-88a6-4ea8-9098-e51de7fd9f54\">Descarga el cuento gratuito\u00a0<a href=\"https:\/\/books.apple.com\/es\/book\/emma-y-el-elfo-travieso\/id6473621564\" target=\"_blank\" rel=\"noreferrer noopener\">aqu\u00ed<\/a>, para iPad, iPhone y Mac. Y esc\u00fachalo en el podcast Historias de Emma en <a href=\"https:\/\/podcasts.apple.com\/es\/podcast\/historias-de-emma\/id1532950699\" target=\"_blank\" rel=\"noreferrer noopener\">Apple Podcasts<\/a> o en <a href=\"https:\/\/open.spotify.com\/show\/1wjpB0HaNbaMZz4XpmLkxK\" target=\"_blank\" rel=\"noreferrer noopener\">Spotify<\/a>. Tambi\u00e9n puedes leer el cuento en <a href=\"https:\/\/books.google.es\/books?id=KLNcEQAAQBAJ&amp;newbks=0&amp;printsec=frontcover\" target=\"_blank\" rel=\"noreferrer noopener\">Google Libros<\/a> y descargarlo gratis en <a href=\"https:\/\/play.google.com\/store\/books\/details?id=KLNcEQAAQBAJ\" target=\"_blank\" rel=\"noreferrer noopener\">Google Play<\/a>.<\/p>\n\n\n\n<p>Por fin lleg\u00f3 el primer d\u00eda de diciembre. Un d\u00eda muy especial. Porque Emma y sus primas Sara y Zoe hab\u00edan quedado en casa de Emma, para hacer arbolitos de Navidad con los que decorar las casas de sus amigos del bosque.<\/p>\n\n\n\n<p>Cuando Sara y Zoe llegaron al jard\u00edn de Emma, vieron que la gallina Catalina corr\u00eda hacia ellas, cacareando&#8230; \u00a1Venid, venid a ver lo que ha aparecido esta ma\u00f1ana en el gallinero!&nbsp;<\/p>\n\n\n\n<p>Las primas de Emma abrieron los ojos de par en par, sorprendidas por lo que vieron. Durante la noche, un elfo peque\u00f1o y travieso, ayudante de Santa Claus, hab\u00eda colgado adornos de Navidad en la entrada del gallinero y se hab\u00eda escondido dentro de uno de ellos.<\/p>\n\n\n\n<p>Pero \u00a1ayayay!\u2026 Las sorpresas no hab\u00edan hecho m\u00e1s que empezar. Porque nadie se dio cuenta de que hab\u00eda alguien asomando la cabeza por encima de la tapia del jard\u00edn. Alguien que, con cara de enfado, hab\u00eda estado observando todo, todo lo que hab\u00eda pasado en el gallinero. Un ser, peludo y gru\u00f1\u00f3n, que se baj\u00f3 de la tapia del jard\u00edn de un salto y, dando patadas a las piedras del camino, desapareci\u00f3 en el bosque.<\/p>\n\n\n\n<p>En esta nueva historia, Emma y sus amigos se encontrar\u00e1n con inesperadas sorpresas que tendr\u00e1n que superar para poder celebrar la llegada de la Navidad.<\/p>\n\n\n\n<p id=\"block-9ad4eea2-f799-451c-8aa4-9edf7889d17b\">Puedes escuchar este cuento infantil en el podcast Historias de Emma, disponible en Apple Podcasts y en otras plataformas.<\/p>\n\n\n\n<h2 class=\"wp-block-heading\" id=\"block-29fa0451-24ad-4275-9601-89383ca08b62\">\u00cdNDICE<\/h2>\n\n\n\n<ol id=\"block-008073d3-331b-4ccc-883e-8bd5bc9004d4\" class=\"wp-block-list\">\n<li>Pronto ser\u00e1 Navidad<\/li>\n\n\n\n<li>\u00a1Sorpresa!<\/li>\n\n\n\n<li>Verde y gru\u00f1\u00f3n<\/li>\n\n\n\n<li>Arbolitos de regalo<\/li>\n\n\n\n<li>La ma\u00f1ana siguiente<\/li>\n\n\n\n<li>La fiesta de la Navidad<\/li>\n<\/ol>\n\n\n\n<p id=\"block-ce257ba6-418b-42d7-9adf-8e43c92d16f4\">A continuaci\u00f3n se reproducen los cuatro primeros cap\u00edtulos del cuento.<\/p>\n\n\n\n<h2 class=\"wp-block-heading\" id=\"block-f717cea9-aa59-4c18-8453-6b623005ba52\">CAP\u00cdTULO 1 \u2022 PRONTO SER\u00c1 NAVIDAD<\/h2>\n\n\n\n<p>Por fin lleg\u00f3 el primer d\u00eda de diciembre. Un d\u00eda muy especial. Porque Emma y sus primas Sara y Zoe hab\u00edan quedado en casa de Emma, para hacer arbolitos de Navidad para sus amigos del bosque.<\/p>\n\n\n\n<p>Emma hab\u00eda recortado y pintado peque\u00f1os abetos de cart\u00f3n. Sara llevaba d\u00edas preparando cintas de papel de muchos colores. Y Zoe iba a traer una cesta llena de bolitas de adorno navide\u00f1o, hechas con plastilina de muchos colores.<\/p>\n\n\n\n<p>Sara y Zoe llegaron contentas a casa de Emma. Y, no hab\u00edan hecho m\u00e1s que entrar en el jard\u00edn, cuando vieron a la gallina Catalina que corr\u00eda hacia ellas.<\/p>\n\n\n\n<p>\u2014\u00a1Venid, venid! \u2014cacare\u00f3 Catalina\u2014. \u00a1Venid a ver lo que ha aparecido esta ma\u00f1ana en el gallinero!<\/p>\n\n\n\n<p>Las primas de Emma siguieron a Catalina hasta la puerta del gallinero, donde esperaban sus pollitos Pepe y Pepito.<\/p>\n\n\n\n<p>\u2014\u00a1Mirad, mirad\u2026! \u2014dijo Catalina, se\u00f1alando con el pico al gallinero.<\/p>\n\n\n\n<p>Sara y Zoe abrieron los ojos de par en par, sorprendidas, por lo que vieron en la entrada del gallinero.<\/p>\n\n\n\n<figure class=\"wp-block-image size-large\" id=\"block-d34a8d97-efc3-4e44-ad29-4e98d7b49ed7\"><img loading=\"lazy\" decoding=\"async\" width=\"1024\" height=\"988\" src=\"https:\/\/www.pacolara.net\/wp-content\/uploads\/2023\/12\/EyEET-1b-1024x988.jpg\" alt=\"\" class=\"wp-image-1572\" srcset=\"https:\/\/www.pacolara.net\/wp-content\/uploads\/2023\/12\/EyEET-1b-1024x988.jpg 1024w, https:\/\/www.pacolara.net\/wp-content\/uploads\/2023\/12\/EyEET-1b-300x289.jpg 300w, https:\/\/www.pacolara.net\/wp-content\/uploads\/2023\/12\/EyEET-1b-768x741.jpg 768w, https:\/\/www.pacolara.net\/wp-content\/uploads\/2023\/12\/EyEET-1b-1536x1481.jpg 1536w, https:\/\/www.pacolara.net\/wp-content\/uploads\/2023\/12\/EyEET-1b-2048x1975.jpg 2048w, https:\/\/www.pacolara.net\/wp-content\/uploads\/2023\/12\/EyEET-1b-1200x1157.jpg 1200w\" sizes=\"auto, (max-width: 709px) 85vw, (max-width: 909px) 67vw, (max-width: 1362px) 62vw, 840px\" \/><\/figure>\n\n\n\n<p>Del tejado colgaban bellos adornos navide\u00f1os. Y, justo sobre la puerta, hab\u00eda una corona de flores de colores que rodeaba a un cuenco; a ese que, todos los d\u00edas, Emma llenaba con comida para Catalina y sus pollitos. El cuenco estaba ahora lleno de hojas de los \u00e1rboles del jard\u00edn.<\/p>\n\n\n\n<p>\u2014\u00bfQui\u00e9n ha decorado el gallinero? \u2014dijo Sara, mirando a Catalina y a los pollitos.<\/p>\n\n\n\n<p>\u2014\u00a1No sabemos! \u2014respondi\u00f3 Pepito.<\/p>\n\n\n\n<p>\u2014Estaba ah\u00ed cuando hemos despertado\u2026 Alguien ha venido al gallinero mientras dorm\u00edamos y ha hecho todo eso sin hacer ruido \u2014explic\u00f3 mam\u00e1 Catalina.<\/p>\n\n\n\n<p>\u2014Pepito y yo hemos dado una vuelta por todo el jard\u00edn y s\u00f3lo hemos visto al pajarito Pipo \u2014dijo Pepe\u2014. Y nos ha dicho que \u00e9l no ha sido.<\/p>\n\n\n\n<p>Todos se quedaron mirando los adornos colgantes, hasta que Zoe salt\u00f3\u2026<\/p>\n\n\n\n<p>\u2014\u00a1Vamos a llamar a Emma!\u2026 A lo mejor ella sabe qui\u00e9n puede haber decorado el gallinero.<\/p>\n\n\n\n<h2 class=\"wp-block-heading\" id=\"block-db49f76b-3c58-4baf-a246-5ff89db4d9fe\">CAP\u00cdTULO 2 \u2022 \u00a1SORPRESA!<\/h2>\n\n\n\n<p>Sara, Zoe, Catalina y los pollitos corrieron hacia la casa de Emma, llam\u00e1ndola\u2026 \u00ab\u00a1Emma, Emma!\u00bb\u2026 Y, al oir las voces, Emma sali\u00f3 a la puerta para ver qu\u00e9 pasaba.<\/p>\n\n\n\n<p>\u2014\u00a1Ven, ven al gallinero\u2026! \u2014le dijo Zoe.<\/p>\n\n\n\n<p>\u2014\u00a1No te vas a creer lo que nos hemos encontrado al despertarnos! \u2014a\u00f1adi\u00f3 Catalina.<\/p>\n\n\n\n<p>Sara y Zoe dejaron las cestas que llevaban con las cintas y las bolas de adorno junto a la puerta, y todos fueron al gallinero.<\/p>\n\n\n\n<p>Al ver los adornos que colgaban en la entrada, Emma se llev\u00f3 las manos a la boca, sorprendida\u2026&nbsp;<\/p>\n\n\n\n<p>Y su sorpresa se hizo a\u00fan mayor cuando vio que el cuenco de la comida que ahora colgaba del techo, lleno de hojas, se empez\u00f3 a balancear de un lado a otro\u2026 Hasta que, de repente, algunas hojas salieron volando y, en medio del cuenco, apareci\u00f3 alguien peque\u00f1\u00edn, vestido de color rojo, riendo y saludando a todos con las dos manos\u2026&nbsp;<\/p>\n\n\n\n<p>\u2014\u00a1Hooolaaa!\u2026 \u00a1Sorpresaaa! \u2014grit\u00f3 alegre el peque\u00f1\u00edn.<\/p>\n\n\n\n<p>\u2014\u00a1Anda!\u2026 \u00bfQui\u00e9n eres? \u2014exclam\u00f3 Emma.<\/p>\n\n\n\n<p>\u2014\u00a1Hooolaaa! \u00a1Soy un elfo!\u2026 Y \u00e9sta es la primera Navidad en la que voy a ayudar a Santa Claus.<\/p>\n\n\n\n<p>\u2014\u00bfT\u00fa has colgado todo eso del techo, mientras dorm\u00edamos? \u2014le pregunt\u00f3 Catalina.<\/p>\n\n\n\n<figure class=\"wp-block-image size-large\" id=\"block-d34a8d97-efc3-4e44-ad29-4e98d7b49ed7\"><img loading=\"lazy\" decoding=\"async\" width=\"1024\" height=\"733\" src=\"https:\/\/www.pacolara.net\/wp-content\/uploads\/2023\/12\/EyEET-2-1024x733.jpg\" alt=\"\" class=\"wp-image-1573\" srcset=\"https:\/\/www.pacolara.net\/wp-content\/uploads\/2023\/12\/EyEET-2-1024x733.jpg 1024w, https:\/\/www.pacolara.net\/wp-content\/uploads\/2023\/12\/EyEET-2-300x215.jpg 300w, https:\/\/www.pacolara.net\/wp-content\/uploads\/2023\/12\/EyEET-2-768x550.jpg 768w, https:\/\/www.pacolara.net\/wp-content\/uploads\/2023\/12\/EyEET-2-1536x1099.jpg 1536w, https:\/\/www.pacolara.net\/wp-content\/uploads\/2023\/12\/EyEET-2-2048x1466.jpg 2048w, https:\/\/www.pacolara.net\/wp-content\/uploads\/2023\/12\/EyEET-2-1200x859.jpg 1200w\" sizes=\"auto, (max-width: 709px) 85vw, (max-width: 909px) 67vw, (max-width: 1362px) 62vw, 840px\" \/><\/figure>\n\n\n\n<p><\/p>\n\n\n\n<p>\u2014\u00a1S\u00ed\u00ed\u00ed!\u2026 \u00a1He sido yo! Santa Claus me ha dicho que venga a vuestra casa, para ver c\u00f3mo se portan Pepe y Pepito \u2014dijo el peque\u00f1o elfo, sonriendo\u2014. Por la noche tengo que volver a Laponia, a cont\u00e1rselo\u2026 Y as\u00ed Santa decidir\u00e1 qu\u00e9 regalos les va a trer el d\u00eda de Navidad.<\/p>\n\n\n\n<p>\u2014Pero, pero\u2026 \u00bfc\u00f3mo vas a volver esta noche a Laponia?\u2026 \u00a1Est\u00e1 muy lejos, en el Polo Norte! &nbsp; \u2014dijo Sara, con cara de duda.<\/p>\n\n\n\n<p>\u2014\u00a1Volando!\u2026 \u00a1Los elfos tenemos magia!<\/p>\n\n\n\n<p>\u2014\u00a1Anda, es verdad! Mi abuelo me cont\u00f3 la historia de los elfos \u2014salt\u00f3 Emma\u2014. Me dijo que sois muy traviesos y que os quedais en las casas hasta el d\u00eda de Navidad, cuando viene Santa Claus a traer los regalos. Y que ese d\u00eda os volveis con \u00e9l a Laponia, en su trineo.<\/p>\n\n\n\n<p>\u2014\u00bfY t\u00fa vas a estar aqu\u00ed todos los d\u00edas, hasta que sea el 25 de diciembre? \u2014pi\u00f3 Pepe.<\/p>\n\n\n\n<p>\u2014\u00a1S\u00ed, claro! Volver\u00e9 todos los d\u00edas, antes de que os despert\u00e9is \u2014respondi\u00f3 el elfo\u2014. \u00a1Ah!\u2026 Pero no sabreis d\u00f3nde estoy, porque cada d\u00eda me esconder\u00e9 en un sitio diferente\u2026 \u00a1Y me teneis que buscar!<\/p>\n\n\n\n<p>\u2014\u00a1Uy! \u00a1Que bien, que bien\u2026! Va a ser muy divertido jugar contigo al escondite todos los d\u00edas \u2014celebr\u00f3 Pepito.<\/p>\n\n\n\n<p>\u2014Pero\u2026 \u00bfc\u00f3mo te llamas? \u2014le pregunt\u00f3 Sara.<\/p>\n\n\n\n<p>\u2014Como soy peque\u00f1o y esta es la primera Navidad que ayudo a Santa Claus, s\u00f3lo me llamo elfo. A\u00fan no tengo un nombre. Pero me ha dicho Santa que seguro que vosotros me pondr\u00e9is un nombre muy bonito\u2026 Uno que me gustar\u00e1 mucho.<\/p>\n\n\n\n<p>\u2014\u00a1Yo, yo tengo un nombre para ti!\u2026 \u00bfTe gusta el nombre de Breo? \u2014propuso Pepe.<\/p>\n\n\n\n<p>\u2014\u00a1S\u00ed\u00ed\u00ed! \u00a1Me gusta mucho! \u2014sonri\u00f3 el elfo.<\/p>\n\n\n\n<p>\u2014Pues \u00a1hala! Te vamos a llamar Breo \u2014dijo Emma. Y mirando al elfo a\u00f1adi\u00f3\u2014: \u00a1Ah! Y me acuerdo de otra cosa que me cont\u00f3 mi abuelo. Me dijo que no se puede tocar a los elfos\u2026<\/p>\n\n\n\n<p>\u2014Es verdad \u2014asinti\u00f3 Breo\u2014. Si alguien me toca perder\u00e9 mi magia y ya no podr\u00e9 volar cada noche a Laponia, a ver a Santa.<\/p>\n\n\n\n<p>\u2014\u00bfPero puedes jugar con nostros, no? \u2014pi\u00f3 Pepito.<\/p>\n\n\n\n<p>\u2014\u00a1S\u00ed, claro!\u2026 Pero sin tocarme \u00bfvale?<\/p>\n\n\n\n<p>\u2014\u00a1S\u00ed, s\u00ed! \u00a1Hala, vamos a jugar\u2026! \u2014dijo Pepe.<\/p>\n\n\n\n<p>\u2014\u00a1Vamos, vamos\u2026! \u2014sonri\u00f3 el peque\u00f1o elfo.<\/p>\n\n\n\n<p>Y dando un salto desde el cuenco donde estaba metido, Breo sigui\u00f3 a los pollitos que salieron corriendo por el jard\u00edn.<\/p>\n\n\n\n<p>Emma y sus primas volvieron a casa, a hacer los \u00e1rbolitos de navidad para sus amigos.<\/p>\n\n\n\n<p>Pero \u00a1uyuyuy!\u2026&nbsp;<\/p>\n\n\n\n<p>Nadie se dio cuenta de que hab\u00eda alguien, de color verde, asomado por encima de la tapia del jard\u00edn. Alguien que, con cara de enfado, hab\u00eda estado observando todo, todo lo que hab\u00eda pasado en el gallinero.&nbsp;<\/p>\n\n\n\n<figure class=\"wp-block-image size-large\" id=\"block-d34a8d97-efc3-4e44-ad29-4e98d7b49ed7\"><img loading=\"lazy\" decoding=\"async\" width=\"1024\" height=\"586\" src=\"https:\/\/www.pacolara.net\/wp-content\/uploads\/2023\/12\/EyETT-3b-1024x586.jpg\" alt=\"\" class=\"wp-image-1575\" srcset=\"https:\/\/www.pacolara.net\/wp-content\/uploads\/2023\/12\/EyETT-3b-1024x586.jpg 1024w, https:\/\/www.pacolara.net\/wp-content\/uploads\/2023\/12\/EyETT-3b-300x172.jpg 300w, https:\/\/www.pacolara.net\/wp-content\/uploads\/2023\/12\/EyETT-3b-768x440.jpg 768w, https:\/\/www.pacolara.net\/wp-content\/uploads\/2023\/12\/EyETT-3b-1536x879.jpg 1536w, https:\/\/www.pacolara.net\/wp-content\/uploads\/2023\/12\/EyETT-3b-2048x1172.jpg 2048w, https:\/\/www.pacolara.net\/wp-content\/uploads\/2023\/12\/EyETT-3b-1200x687.jpg 1200w\" sizes=\"auto, (max-width: 709px) 85vw, (max-width: 909px) 67vw, (max-width: 1362px) 62vw, 840px\" \/><\/figure>\n\n\n\n<h2 class=\"wp-block-heading\" id=\"block-eee256cc-1018-4f62-acd8-d4d7a3a99c71\">CAP\u00cdTULO 3 \u2022 VERDE Y GRU\u00d1\u00d3N<\/h2>\n\n\n\n<p>El personaje verde que hab\u00eda visto lo que pas\u00f3 en el gallinero, se baj\u00f3 de la tapia del jard\u00edn de un salto. Y gru\u00f1endo y dando patadas a las piedras del camino, desapareci\u00f3 en el bosque.<\/p>\n\n\n\n<p>Era Tolo, el grinch que viv\u00eda en una choza de madera, en el pico de la monta\u00f1a.<\/p>\n\n\n\n<p>Tolo era una criatura peluda y cascarrabias, sin amigos, que odiaba la Navidad. No quer\u00eda que la gente se reuniera a celebrar fiestas, a cantar y a compartir regalos. Le enfadaba ver a la gente feliz, riendo y jugando. Porque \u00e9l quer\u00eda vivir s\u00f3lo, sin nadie alrededor que riera, cantara o hiciera ruido.<\/p>\n\n\n\n<p>Y, al igual que hac\u00edan todos los grinch cuando llegaba el mes de diciembre, Tolo iba a escondidas a las casas del bosque y del pueblo, a romper o a robar todas las luces, los adornos y los regalos de Navidad.<\/p>\n\n\n\n<h2 class=\"wp-block-heading\" id=\"block-aa85cc17-28b1-4a63-90ee-b1b068bada96\">CAP\u00cdTULO 4 \u2022 ARBOLITOS DE REGALO<\/h2>\n\n\n\n<p>Emma y sus primas Sara y Zoe hab\u00edan dedicado toda la ma\u00f1ana a preparar bellos arbolitos de Navidad. A medida que Emma terminaba de pintar los abetos de cart\u00f3n, Sara y Zoe los adonaban con las cintas y las bolitas de colores que ellas hab\u00edan preparado.<\/p>\n\n\n\n<p>Noli, la ardilla, las ayudaba. Y se encargaba de poner en tres cestas los peque\u00f1os \u00e1rboles que ya estaban listos.<\/p>\n\n\n\n<p>\u2014Ya s\u00f3lo nos queda por hacer un arbolito m\u00e1s \u2014dijo Emma\u2014. Y, despu\u00e9s, se los llevaremos a los amigos del bosque, para que adornen sus casas esta Navidad.<\/p>\n\n\n\n<p>Al terminar, Emma, Sara y Zoe cogieron cada una una cesta y, acompa\u00f1adas por Noli, salieron a repartir los arbolitos.&nbsp;<\/p>\n\n\n\n<p>Empezaron por el gallinero, en el jard\u00edn.<\/p>\n\n\n\n<p>\u2014\u00a1Hola Catalina! Te traemos un arbolito de Navidad para decorar el gallinero \u2014sonri\u00f3 Emma\u2014\u2026&nbsp; \u00bfD\u00f3nde lo vas a poner?<\/p>\n\n\n\n<p>\u2014\u00a1Aqu\u00ed, aqu\u00ed, junto a la puerta! \u2014se\u00f1al\u00f3 la mam\u00e1 de los pollitos\u2014. \u00a1Muchas gracias por el regalo!\u2026 Y hoy vamos a empezar a celebrar ya la Navidad.<\/p>\n\n\n\n<p>Emma, Sara y Zoe emprendieron el camino del bosque para ir a la casa del drag\u00f3n Rufo y a la de la eriza Tika. Al pasar por el \u00e1rbol donde viv\u00eda Noli, la ardilla subi\u00f3 a dejar su regalo en casa. Y, mientras, Zoe le llev\u00f3 el suyo al gusanito Gusi que viv\u00eda muy cerca.<\/p>\n\n\n\n<p>Despu\u00e9s, se dirigieron al claro del bosque donde viv\u00edan el pajarito Pipo y sus amigos. Y les dieron cinco arbolitos para que todos pudieran decorar sus nidos.&nbsp;<\/p>\n\n\n\n<p>Luego fueron tambi\u00e9n a la casa de la leoncita Anya que celebr\u00f3 alegre el regalo. Y, al terminar, volvieron por el camino que bordea al r\u00edo, para llevar los peque\u00f1os abetos de Navidad al cocodrilo Pillo, al zorro Ferm\u00edn y al lobo Ram\u00f3n.<\/p>\n\n\n\n<p>Emma, Sara y Zoe regresaron a casa contentas porque, con su regalo para decorar la Navidad, hab\u00edan hecho felices a sus amigos. Y dedicaron la tarde de ese d\u00eda a adornar tambi\u00e9n sus casas para la Navidad, con la ayuda de sus mam\u00e1s y pap\u00e1s.&nbsp;<\/p>\n\n\n\n<p>Sin duda, el uno de diciembre hab\u00eda sido un gran d\u00eda para todos.<\/p>\n\n\n\n<figure class=\"wp-block-image size-large\" id=\"block-e45f9988-d4ad-40ac-bc5b-8a393a0ddac2\"><img loading=\"lazy\" decoding=\"async\" width=\"1024\" height=\"1010\" src=\"https:\/\/www.pacolara.net\/wp-content\/uploads\/2023\/12\/EyETT-4b-1024x1010.jpg\" alt=\"\" class=\"wp-image-1576\" srcset=\"https:\/\/www.pacolara.net\/wp-content\/uploads\/2023\/12\/EyETT-4b-1024x1010.jpg 1024w, https:\/\/www.pacolara.net\/wp-content\/uploads\/2023\/12\/EyETT-4b-300x296.jpg 300w, https:\/\/www.pacolara.net\/wp-content\/uploads\/2023\/12\/EyETT-4b-768x757.jpg 768w, https:\/\/www.pacolara.net\/wp-content\/uploads\/2023\/12\/EyETT-4b-1536x1514.jpg 1536w, https:\/\/www.pacolara.net\/wp-content\/uploads\/2023\/12\/EyETT-4b-2048x2019.jpg 2048w, https:\/\/www.pacolara.net\/wp-content\/uploads\/2023\/12\/EyETT-4b-1200x1183.jpg 1200w\" sizes=\"auto, (max-width: 709px) 85vw, (max-width: 909px) 67vw, (max-width: 1362px) 62vw, 840px\" \/><\/figure>\n\n\n\n<hr class=\"wp-block-separator has-alpha-channel-opacity\"\/>\n","protected":false},"excerpt":{"rendered":"<p>Descarga el cuento gratuito\u00a0aqu\u00ed, para iPad, iPhone y Mac. Y esc\u00fachalo en el podcast Historias de Emma en Apple Podcasts o en Spotify. Tambi\u00e9n puedes leer el cuento en Google Libros y descargarlo gratis en Google Play. Por fin lleg\u00f3 el primer d\u00eda de diciembre. Un d\u00eda muy especial. Porque Emma y sus primas Sara &hellip; <a href=\"https:\/\/www.pacolara.net\/index.php\/emma-y-el-elfo-travieso\/\" class=\"more-link\">Continuar leyendo<span class=\"screen-reader-text\"> \u00abEmma y el elfo travieso\u00bb<\/span><\/a><\/p>\n","protected":false},"author":3,"featured_media":0,"parent":0,"menu_order":0,"comment_status":"closed","ping_status":"closed","template":"","meta":{"footnotes":""},"class_list":["post-1567","page","type-page","status-publish","hentry"],"_links":{"self":[{"href":"https:\/\/www.pacolara.net\/index.php\/wp-json\/wp\/v2\/pages\/1567","targetHints":{"allow":["GET"]}}],"collection":[{"href":"https:\/\/www.pacolara.net\/index.php\/wp-json\/wp\/v2\/pages"}],"about":[{"href":"https:\/\/www.pacolara.net\/index.php\/wp-json\/wp\/v2\/types\/page"}],"author":[{"embeddable":true,"href":"https:\/\/www.pacolara.net\/index.php\/wp-json\/wp\/v2\/users\/3"}],"replies":[{"embeddable":true,"href":"https:\/\/www.pacolara.net\/index.php\/wp-json\/wp\/v2\/comments?post=1567"}],"version-history":[{"count":7,"href":"https:\/\/www.pacolara.net\/index.php\/wp-json\/wp\/v2\/pages\/1567\/revisions"}],"predecessor-version":[{"id":1886,"href":"https:\/\/www.pacolara.net\/index.php\/wp-json\/wp\/v2\/pages\/1567\/revisions\/1886"}],"wp:attachment":[{"href":"https:\/\/www.pacolara.net\/index.php\/wp-json\/wp\/v2\/media?parent=1567"}],"curies":[{"name":"wp","href":"https:\/\/api.w.org\/{rel}","templated":true}]}}