{"id":1270,"date":"2023-09-07T18:16:57","date_gmt":"2023-09-07T17:16:57","guid":{"rendered":"https:\/\/www.pacolara.net\/?page_id=1270"},"modified":"2023-11-05T23:21:08","modified_gmt":"2023-11-05T22:21:08","slug":"mis-idiomas","status":"publish","type":"page","link":"https:\/\/www.pacolara.net\/index.php\/mis-idiomas\/","title":{"rendered":"Mis Idiomas"},"content":{"rendered":"\n<div class=\"wp-block-media-text alignwide is-stacked-on-mobile is-vertically-aligned-top\" style=\"grid-template-columns:26% auto\"><figure class=\"wp-block-media-text__media\"><img loading=\"lazy\" decoding=\"async\" width=\"953\" height=\"1024\" src=\"https:\/\/www.pacolara.net\/wp-content\/uploads\/2023\/11\/OK-Logos-sin-espacio-arriba-para-web.007-953x1024.jpeg\" alt=\"\" class=\"wp-image-1541 size-full\" srcset=\"https:\/\/www.pacolara.net\/wp-content\/uploads\/2023\/11\/OK-Logos-sin-espacio-arriba-para-web.007-953x1024.jpeg 953w, https:\/\/www.pacolara.net\/wp-content\/uploads\/2023\/11\/OK-Logos-sin-espacio-arriba-para-web.007-279x300.jpeg 279w, https:\/\/www.pacolara.net\/wp-content\/uploads\/2023\/11\/OK-Logos-sin-espacio-arriba-para-web.007-768x825.jpeg 768w, https:\/\/www.pacolara.net\/wp-content\/uploads\/2023\/11\/OK-Logos-sin-espacio-arriba-para-web.007.jpeg 1024w\" sizes=\"auto, (max-width: 709px) 85vw, (max-width: 909px) 67vw, (max-width: 1362px) 62vw, 840px\" \/><\/figure><div class=\"wp-block-media-text__content\">\n<h1 class=\"wp-block-heading\">App gratuita para jugar a aprender palabras de ese otro idioma que hablan tus familiares y amigos<\/h1>\n<\/div><\/div>\n\n\n\n<figure class=\"wp-block-image size-large is-resized\"><img loading=\"lazy\" decoding=\"async\" width=\"785\" height=\"1024\" src=\"https:\/\/www.pacolara.net\/wp-content\/uploads\/2023\/09\/\u200eMis-Idiomas-Web.\u200e001-785x1024.jpeg\" alt=\"\" class=\"wp-image-1260\" style=\"aspect-ratio:3\/4;object-fit:contain;width:640px;height:undefinedpx\" srcset=\"https:\/\/www.pacolara.net\/wp-content\/uploads\/2023\/09\/\u200eMis-Idiomas-Web.\u200e001-785x1024.jpeg 785w, https:\/\/www.pacolara.net\/wp-content\/uploads\/2023\/09\/\u200eMis-Idiomas-Web.\u200e001-230x300.jpeg 230w, https:\/\/www.pacolara.net\/wp-content\/uploads\/2023\/09\/\u200eMis-Idiomas-Web.\u200e001-768x1002.jpeg 768w, https:\/\/www.pacolara.net\/wp-content\/uploads\/2023\/09\/\u200eMis-Idiomas-Web.\u200e001-1177x1536.jpeg 1177w, https:\/\/www.pacolara.net\/wp-content\/uploads\/2023\/09\/\u200eMis-Idiomas-Web.\u200e001-1200x1566.jpeg 1200w, https:\/\/www.pacolara.net\/wp-content\/uploads\/2023\/09\/\u200eMis-Idiomas-Web.\u200e001.jpeg 1540w\" sizes=\"auto, (max-width: 785px) 85vw, 785px\" \/><\/figure>\n\n\n\n<p class=\"has-text-align-center\">Esta app para iPad est\u00e1 disponible para descargar gratis <a href=\"https:\/\/apps.apple.com\/es\/app\/mis-idiomas\/id6463300498\" target=\"_blank\" rel=\"noreferrer noopener\">aqu\u00ed<\/a>.<\/p>\n\n\n\n<p><strong>Mis Idiomas<\/strong> es una app gratuita para <strong>iPad<\/strong>, concebida para que las ni\u00f1as y ni\u00f1os que siguen las <strong>Historias de Emma<\/strong>, aprendan-jugando palabras de ese otro idioma que hablan sus familiares y amigos.<\/p>\n\n\n\n<p>La app ha sido ideada por mi nieta Emma, de 6 a\u00f1os. Las familias de sus amigos del colegio \u2014y de ella misma\u2014 son originarias de diferentes pa\u00edses del mundo. Y, en el entorno familiar, hablan un idioma distinto al del pa\u00eds donde los peque\u00f1os viven y estudian ahora. Emma dibuj\u00f3 bocetos para indicarme c\u00f3mo deb\u00eda ser la app que ella hab\u00eda imaginado. Y me encarg\u00f3 su programaci\u00f3n para iPad.<\/p>\n\n\n\n<p>Aunque la app es muy sencilla e intuitiva, incluye instrucciones para que los mayores gu\u00eden a sus peque\u00f1os para que disfruten de la app en el iPad. Y hay, adem\u00e1s, botones de <strong>Voz<\/strong> (altavoces) que, al pulsarlos, har\u00e1n que el propio iPad lea las palabras.<\/p>\n\n\n\n<figure class=\"wp-block-image size-large is-resized\"><img loading=\"lazy\" decoding=\"async\" width=\"785\" height=\"1024\" src=\"https:\/\/www.pacolara.net\/wp-content\/uploads\/2023\/10\/Mis-Idiomas-Web.\u200eB02-785x1024.jpeg\" alt=\"\" class=\"wp-image-1472\" style=\"aspect-ratio:3\/4;object-fit:contain;width:640px;height:undefinedpx\" srcset=\"https:\/\/www.pacolara.net\/wp-content\/uploads\/2023\/10\/Mis-Idiomas-Web.\u200eB02-785x1024.jpeg 785w, https:\/\/www.pacolara.net\/wp-content\/uploads\/2023\/10\/Mis-Idiomas-Web.\u200eB02-230x300.jpeg 230w, https:\/\/www.pacolara.net\/wp-content\/uploads\/2023\/10\/Mis-Idiomas-Web.\u200eB02-768x1002.jpeg 768w, https:\/\/www.pacolara.net\/wp-content\/uploads\/2023\/10\/Mis-Idiomas-Web.\u200eB02-1177x1536.jpeg 1177w, https:\/\/www.pacolara.net\/wp-content\/uploads\/2023\/10\/Mis-Idiomas-Web.\u200eB02-1200x1566.jpeg 1200w, https:\/\/www.pacolara.net\/wp-content\/uploads\/2023\/10\/Mis-Idiomas-Web.\u200eB02.jpeg 1540w\" sizes=\"auto, (max-width: 785px) 85vw, 785px\" \/><\/figure>\n\n\n\n<p>La app toma como idioma de referencia el espa\u00f1ol o el ingl\u00e9s, dependiendo de en cual de esos idiomas est\u00e9 configurado el iPad.<\/p>\n\n\n\n<h2 class=\"wp-block-heading\">PARA EMPEZAR<\/h2>\n\n\n\n<p>Para empezar, tienes que elegir el idioma que quieres practicar, entre los seis que ofrece la app. Son los idiomas m\u00e1s habituales entre los amigos de Emma. Y habr\u00e1 m\u00e1s en futuras actualizaciones.<\/p>\n\n\n\n<figure class=\"wp-block-image size-large is-resized\"><img loading=\"lazy\" decoding=\"async\" width=\"785\" height=\"1024\" src=\"https:\/\/www.pacolara.net\/wp-content\/uploads\/2023\/10\/\u200eMis-Idiomas-Web.B03-785x1024.jpeg\" alt=\"\" class=\"wp-image-1473\" style=\"aspect-ratio:3\/4;object-fit:contain;width:640px;height:undefinedpx\" srcset=\"https:\/\/www.pacolara.net\/wp-content\/uploads\/2023\/10\/\u200eMis-Idiomas-Web.B03-785x1024.jpeg 785w, https:\/\/www.pacolara.net\/wp-content\/uploads\/2023\/10\/\u200eMis-Idiomas-Web.B03-230x300.jpeg 230w, https:\/\/www.pacolara.net\/wp-content\/uploads\/2023\/10\/\u200eMis-Idiomas-Web.B03-768x1002.jpeg 768w, https:\/\/www.pacolara.net\/wp-content\/uploads\/2023\/10\/\u200eMis-Idiomas-Web.B03-1177x1536.jpeg 1177w, https:\/\/www.pacolara.net\/wp-content\/uploads\/2023\/10\/\u200eMis-Idiomas-Web.B03-1200x1566.jpeg 1200w, https:\/\/www.pacolara.net\/wp-content\/uploads\/2023\/10\/\u200eMis-Idiomas-Web.B03.jpeg 1540w\" sizes=\"auto, (max-width: 785px) 85vw, 785px\" \/><\/figure>\n\n\n\n<h2 class=\"wp-block-heading\">TU TURNO&#8230;<\/h2>\n\n\n\n<p>A partir de ah\u00ed, el iPad mostrar\u00e1 una palabra en ese idioma, acompa\u00f1ada de un dibujo relacionado con ella, y la leer\u00e1 en voz alta. Y mostrar\u00e1 y leer\u00e1 tambi\u00e9n cuatro posibles traducciones de esa palabra en tu idioma (espa\u00f1ol o ingl\u00e9s, seg\u00fan est\u00e9 configurado tu iPad). <\/p>\n\n\n\n<p>\u00a1Ah! Y si quieres que la palabra a traducir aparezca sin dibujo, ve a la pantalla de Instrucciones y utiliza el interruptor para seleccionar \u201cPalabra SIN dibujo\u201d.<\/p>\n\n\n\n<p>T\u00fa tienes que adivinar c\u00f3mo se dice esa palabra en tu idioma, tocando con el dedo la palabra traducida que creas correcta, entre las cuatro posibles opciones. Y si, antes de elegir respuesta, quieres que el iPad te vuelva a leer esa palabra y sus cuatro posibles traducciones, no tienes m\u00e1s que tocar el altavoz que aparece en la pantalla.<\/p>\n\n\n\n<figure class=\"wp-block-image size-large is-resized\"><img loading=\"lazy\" decoding=\"async\" width=\"785\" height=\"1024\" src=\"https:\/\/www.pacolara.net\/wp-content\/uploads\/2023\/10\/Mis-Idiomas-Web.B04-785x1024.jpeg\" alt=\"\" class=\"wp-image-1474\" style=\"aspect-ratio:3\/4;object-fit:contain;width:640px;height:undefinedpx\" srcset=\"https:\/\/www.pacolara.net\/wp-content\/uploads\/2023\/10\/Mis-Idiomas-Web.B04-785x1024.jpeg 785w, https:\/\/www.pacolara.net\/wp-content\/uploads\/2023\/10\/Mis-Idiomas-Web.B04-230x300.jpeg 230w, https:\/\/www.pacolara.net\/wp-content\/uploads\/2023\/10\/Mis-Idiomas-Web.B04-768x1002.jpeg 768w, https:\/\/www.pacolara.net\/wp-content\/uploads\/2023\/10\/Mis-Idiomas-Web.B04-1177x1536.jpeg 1177w, https:\/\/www.pacolara.net\/wp-content\/uploads\/2023\/10\/Mis-Idiomas-Web.B04-1200x1566.jpeg 1200w, https:\/\/www.pacolara.net\/wp-content\/uploads\/2023\/10\/Mis-Idiomas-Web.B04.jpeg 1540w\" sizes=\"auto, (max-width: 785px) 85vw, 785px\" \/><\/figure>\n\n\n\n<h2 class=\"wp-block-heading\">PUNTOS Y MEDALLAS<\/h2>\n\n\n\n<p>Si aciertas, conseguir\u00e1s un punto m\u00e1s. Y podr\u00e1s mejorar tu r\u00e9cord de palabras de ese idioma acertadas en una partida. Adem\u00e1s, puedes conseguir tambi\u00e9n hasta tres medallas de oro si aciertas la traducci\u00f3n de 5, 10 o 20 palabras seguidas.<\/p>\n\n\n\n<figure class=\"wp-block-image size-large is-resized\"><img loading=\"lazy\" decoding=\"async\" width=\"785\" height=\"1024\" src=\"https:\/\/www.pacolara.net\/wp-content\/uploads\/2023\/10\/Mis-Idiomas-Web.B05-785x1024.jpeg\" alt=\"\" class=\"wp-image-1475\" style=\"aspect-ratio:3\/4;object-fit:contain;width:640px;height:undefinedpx\" srcset=\"https:\/\/www.pacolara.net\/wp-content\/uploads\/2023\/10\/Mis-Idiomas-Web.B05-785x1024.jpeg 785w, https:\/\/www.pacolara.net\/wp-content\/uploads\/2023\/10\/Mis-Idiomas-Web.B05-230x300.jpeg 230w, https:\/\/www.pacolara.net\/wp-content\/uploads\/2023\/10\/Mis-Idiomas-Web.B05-768x1002.jpeg 768w, https:\/\/www.pacolara.net\/wp-content\/uploads\/2023\/10\/Mis-Idiomas-Web.B05-1177x1536.jpeg 1177w, https:\/\/www.pacolara.net\/wp-content\/uploads\/2023\/10\/Mis-Idiomas-Web.B05-1200x1566.jpeg 1200w, https:\/\/www.pacolara.net\/wp-content\/uploads\/2023\/10\/Mis-Idiomas-Web.B05.jpeg 1540w\" sizes=\"auto, (max-width: 785px) 85vw, 785px\" \/><\/figure>\n\n\n\n<p>Y, si te equivocas, no hay problema: El iPad te dir\u00e1 cu\u00e1l es la traducci\u00f3n correcta. Y volver\u00e1s a la pantalla de entrada para que puedas empezar otra vez.<\/p>\n\n\n\n<p>Si aciertas la traducci\u00f3n de 25 palabras de un idioma, de un tir\u00f3n, Emma te felicitar\u00e1 en una pantalla especial.&nbsp; Y podr\u00e1s empezar de nuevo. Porque la app tiene muchas m\u00e1s palabras, para que puedas seguir jugando y aprendiendo m\u00e1s y m\u00e1s palabras de ese o de otros idiomas.<\/p>\n\n\n\n<figure class=\"wp-block-image size-large is-resized\"><img loading=\"lazy\" decoding=\"async\" width=\"785\" height=\"1024\" src=\"https:\/\/www.pacolara.net\/wp-content\/uploads\/2023\/09\/\u200eMis-Idiomas-Web.\u200e005-785x1024.jpeg\" alt=\"\" class=\"wp-image-1264\" style=\"aspect-ratio:3\/4;object-fit:contain;width:640px;height:undefinedpx\" srcset=\"https:\/\/www.pacolara.net\/wp-content\/uploads\/2023\/09\/\u200eMis-Idiomas-Web.\u200e005-785x1024.jpeg 785w, https:\/\/www.pacolara.net\/wp-content\/uploads\/2023\/09\/\u200eMis-Idiomas-Web.\u200e005-230x300.jpeg 230w, https:\/\/www.pacolara.net\/wp-content\/uploads\/2023\/09\/\u200eMis-Idiomas-Web.\u200e005-768x1002.jpeg 768w, https:\/\/www.pacolara.net\/wp-content\/uploads\/2023\/09\/\u200eMis-Idiomas-Web.\u200e005-1177x1536.jpeg 1177w, https:\/\/www.pacolara.net\/wp-content\/uploads\/2023\/09\/\u200eMis-Idiomas-Web.\u200e005-1200x1566.jpeg 1200w, https:\/\/www.pacolara.net\/wp-content\/uploads\/2023\/09\/\u200eMis-Idiomas-Web.\u200e005.jpeg 1540w\" sizes=\"auto, (max-width: 785px) 85vw, 785px\" \/><\/figure>\n\n\n\n<p><\/p>\n\n\n\n<p>\u00a1Hala!\u2026 Ya puedes empezar a aprender-jugando las palabras m\u00e1s utilizadas en varios idiomas del mundo.<\/p>\n\n\n\n<h2 class=\"wp-block-heading\">HISTORIAS DE EMMA, EN LIBRO ELECTR\u00d3NICO Y EN PODCAST<\/h2>\n\n\n\n<p>La nueva app <strong>Mis Amigos<\/strong> aporta un recurso adicional a la colecci\u00f3n de cuentos infantiles <strong>Historias de Emma<\/strong>. <\/p>\n\n\n\n<p>Los cuentos gratuitos que componen la serie&nbsp;<strong><a rel=\"noreferrer noopener\" href=\"https:\/\/books.apple.com\/es\/author\/paco-lara\/id1528931143#see-all\/books\" target=\"_blank\">Historias de Emma<\/a><\/strong> se pueden descargar en las tiendas de <a rel=\"noreferrer noopener\" href=\"https:\/\/books.apple.com\/es\/author\/paco-lara\/id1528931143#see-all\/books\" target=\"_blank\"><strong>Libros Apple<\/strong><\/a> (Apple Books) para iPad, iPhone y Mac de 51 pa\u00edses.<\/p>\n\n\n\n<p>Y todos los cuentos se pueden escuchar tambi\u00e9n en el podcast <strong>Historias de Emma<\/strong>, disponible en&nbsp;<a href=\"https:\/\/podcasts.apple.com\/es\/podcast\/historias-de-emma\/id1532950699\"><strong>Apple Podcasts<\/strong><\/a>,&nbsp;<strong><a rel=\"noreferrer noopener\" href=\"https:\/\/open.spotify.com\/show\/1wjpB0HaNbaMZz4XpmLkxK?si=r8C3mAT1Q5eHtYVDO86g_w\" target=\"_blank\">Spotify<\/a><\/strong> y otras plataformas de podcasts.<\/p>\n\n\n\n<hr class=\"wp-block-separator has-alpha-channel-opacity\"\/>\n","protected":false},"excerpt":{"rendered":"<p>App gratuita para jugar a aprender palabras de ese otro idioma que hablan tus familiares y amigos Esta app para iPad est\u00e1 disponible para descargar gratis aqu\u00ed. Mis Idiomas es una app gratuita para iPad, concebida para que las ni\u00f1as y ni\u00f1os que siguen las Historias de Emma, aprendan-jugando palabras de ese otro idioma que &hellip; <a href=\"https:\/\/www.pacolara.net\/index.php\/mis-idiomas\/\" class=\"more-link\">Continuar leyendo<span class=\"screen-reader-text\"> \u00abMis Idiomas\u00bb<\/span><\/a><\/p>\n","protected":false},"author":3,"featured_media":0,"parent":0,"menu_order":0,"comment_status":"closed","ping_status":"closed","template":"","meta":{"footnotes":""},"class_list":["post-1270","page","type-page","status-publish","hentry"],"_links":{"self":[{"href":"https:\/\/www.pacolara.net\/index.php\/wp-json\/wp\/v2\/pages\/1270","targetHints":{"allow":["GET"]}}],"collection":[{"href":"https:\/\/www.pacolara.net\/index.php\/wp-json\/wp\/v2\/pages"}],"about":[{"href":"https:\/\/www.pacolara.net\/index.php\/wp-json\/wp\/v2\/types\/page"}],"author":[{"embeddable":true,"href":"https:\/\/www.pacolara.net\/index.php\/wp-json\/wp\/v2\/users\/3"}],"replies":[{"embeddable":true,"href":"https:\/\/www.pacolara.net\/index.php\/wp-json\/wp\/v2\/comments?post=1270"}],"version-history":[{"count":14,"href":"https:\/\/www.pacolara.net\/index.php\/wp-json\/wp\/v2\/pages\/1270\/revisions"}],"predecessor-version":[{"id":1544,"href":"https:\/\/www.pacolara.net\/index.php\/wp-json\/wp\/v2\/pages\/1270\/revisions\/1544"}],"wp:attachment":[{"href":"https:\/\/www.pacolara.net\/index.php\/wp-json\/wp\/v2\/media?parent=1270"}],"curies":[{"name":"wp","href":"https:\/\/api.w.org\/{rel}","templated":true}]}}