{"id":1241,"date":"2023-05-31T17:12:56","date_gmt":"2023-05-31T16:12:56","guid":{"rendered":"https:\/\/www.pacolara.net\/?page_id=1241"},"modified":"2023-05-31T17:12:56","modified_gmt":"2023-05-31T16:12:56","slug":"mundiretos-america-v-1-1","status":"publish","type":"page","link":"https:\/\/www.pacolara.net\/index.php\/mundiretos-america-v-1-1\/","title":{"rendered":"MundiRetos \u2013 Am\u00e9rica (v 1.1)"},"content":{"rendered":"\n<h2 class=\"wp-block-heading\">Nueva versi\u00f3n 1.1 de la app gratuita para jugar y aprender sobre los pa\u00edses de Am\u00e9rica<\/h2>\n\n\n\n<figure class=\"wp-block-image size-large is-resized\"><img loading=\"lazy\" decoding=\"async\" src=\"https:\/\/www.pacolara.net\/wp-content\/uploads\/2023\/05\/MRUE-web-v1.1.001-1010x1024.jpeg\" alt=\"\" class=\"wp-image-1243\" width=\"505\" height=\"512\" srcset=\"https:\/\/www.pacolara.net\/wp-content\/uploads\/2023\/05\/MRUE-web-v1.1.001-1010x1024.jpeg 1010w, https:\/\/www.pacolara.net\/wp-content\/uploads\/2023\/05\/MRUE-web-v1.1.001-296x300.jpeg 296w, https:\/\/www.pacolara.net\/wp-content\/uploads\/2023\/05\/MRUE-web-v1.1.001-768x779.jpeg 768w, https:\/\/www.pacolara.net\/wp-content\/uploads\/2023\/05\/MRUE-web-v1.1.001.jpeg 1065w\" sizes=\"auto, (max-width: 505px) 85vw, 505px\" \/><\/figure>\n\n\n\n<p class=\"has-text-align-center\">Esta app para iPhone y para iPad est\u00e1 disponible para descargar gratis\u00a0<a href=\"https:\/\/apps.apple.com\/es\/app\/mundiretos-am%C3%A9rica\/id1616579324\" target=\"_blank\" rel=\"noreferrer noopener\">aqu\u00ed<\/a>. <\/p>\n\n\n\n<p><strong>MundiRetos &#8211; Am\u00e9rica<\/strong>, la app app gratuita para iPhone y para iPad, en espa\u00f1ol e ingl\u00e9s, que estimula y facilita el conocimiento de los 35 pa\u00edses del continente americano, se actualiza a la versi\u00f3n 1.1.  Aporta mejoras en el juego, actualiza algunos datos y corrige peque\u00f1os errores.<\/p>\n\n\n\n<h2 class=\"wp-block-heading\">DATOS DE LOS PA\u00cdSES<\/h2>\n\n\n\n<p>\u2022 En la nueva actualizaci\u00f3n, para superar el reto de un pa\u00eds hay que responder correctamente a un total de 32 preguntas sobre datos clave que definen al pa\u00eds, en facetas como su geograf\u00eda, ciudades, personajes, s\u00edmbolos del pa\u00eds o hechos hist\u00f3ricos.<\/p>\n\n\n\n<p>\u2022 Se han actualizado los datos de poblaci\u00f3n y de superficie de algunos de los pa\u00edses, tomando como fuente las \u00faltimas estad\u00edsticas del Banco Mundial.<\/p>\n\n\n\n<figure class=\"wp-block-image size-large\"><img loading=\"lazy\" decoding=\"async\" width=\"1024\" height=\"691\" src=\"https:\/\/www.pacolara.net\/wp-content\/uploads\/2023\/05\/MRUE-web-v1.1.003-1024x691.jpeg\" alt=\"\" class=\"wp-image-1245\" srcset=\"https:\/\/www.pacolara.net\/wp-content\/uploads\/2023\/05\/MRUE-web-v1.1.003-1024x691.jpeg 1024w, https:\/\/www.pacolara.net\/wp-content\/uploads\/2023\/05\/MRUE-web-v1.1.003-300x203.jpeg 300w, https:\/\/www.pacolara.net\/wp-content\/uploads\/2023\/05\/MRUE-web-v1.1.003-768x518.jpeg 768w, https:\/\/www.pacolara.net\/wp-content\/uploads\/2023\/05\/MRUE-web-v1.1.003-1536x1037.jpeg 1536w, https:\/\/www.pacolara.net\/wp-content\/uploads\/2023\/05\/MRUE-web-v1.1.003-1200x810.jpeg 1200w, https:\/\/www.pacolara.net\/wp-content\/uploads\/2023\/05\/MRUE-web-v1.1.003.jpeg 1600w\" sizes=\"auto, (max-width: 709px) 85vw, (max-width: 909px) 67vw, (max-width: 1362px) 62vw, 840px\" \/><\/figure>\n\n\n\n<h2 class=\"wp-block-heading\">NOVEDADES EN EL MODO JUGAR A AM\u00c9RICA<\/h2>\n\n\n\n<p>\u2022 El modo <strong>Jugar a Am\u00e9rica<\/strong> a\u00f1ade ahora el desaf\u00edo <strong>4alAzar<\/strong>. Para superarlo, hay que acertar 25 datos clave de 4 pa\u00edses elegidos al azar.<\/p>\n\n\n\n<p>\u2022 Se reduce la puntuaci\u00f3n necesaria para superar los retos <strong>BASE<\/strong>,<strong> BRONCE<\/strong>,<strong> PLATA<\/strong> y<strong> ORO<\/strong>. Ahora, lograr\u00e1s estos retos si, en una partida, respondes correctamente 50, 100, 150 o 200 preguntas, respectivamente, sobre 4, 10, 20 o 32 datos de cada uno de los 35 pa\u00edses del continente americano.<\/p>\n\n\n\n<p>Se han corregido, adem\u00e1s, peque\u00f1os errores y mejorado la estabilidad de la app.<\/p>\n\n\n\n<figure class=\"wp-block-image size-large\"><img loading=\"lazy\" decoding=\"async\" width=\"1024\" height=\"691\" src=\"https:\/\/www.pacolara.net\/wp-content\/uploads\/2023\/05\/MRUE-web-v1.1.002-1024x691.jpeg\" alt=\"\" class=\"wp-image-1244\" srcset=\"https:\/\/www.pacolara.net\/wp-content\/uploads\/2023\/05\/MRUE-web-v1.1.002-1024x691.jpeg 1024w, https:\/\/www.pacolara.net\/wp-content\/uploads\/2023\/05\/MRUE-web-v1.1.002-300x203.jpeg 300w, https:\/\/www.pacolara.net\/wp-content\/uploads\/2023\/05\/MRUE-web-v1.1.002-768x518.jpeg 768w, https:\/\/www.pacolara.net\/wp-content\/uploads\/2023\/05\/MRUE-web-v1.1.002-1536x1037.jpeg 1536w, https:\/\/www.pacolara.net\/wp-content\/uploads\/2023\/05\/MRUE-web-v1.1.002-1200x810.jpeg 1200w, https:\/\/www.pacolara.net\/wp-content\/uploads\/2023\/05\/MRUE-web-v1.1.002.jpeg 1600w\" sizes=\"auto, (max-width: 709px) 85vw, (max-width: 909px) 67vw, (max-width: 1362px) 62vw, 840px\" \/><\/figure>\n\n\n\n<hr class=\"wp-block-separator has-alpha-channel-opacity\"\/>\n","protected":false},"excerpt":{"rendered":"<p>Nueva versi\u00f3n 1.1 de la app gratuita para jugar y aprender sobre los pa\u00edses de Am\u00e9rica Esta app para iPhone y para iPad est\u00e1 disponible para descargar gratis\u00a0aqu\u00ed. MundiRetos &#8211; Am\u00e9rica, la app app gratuita para iPhone y para iPad, en espa\u00f1ol e ingl\u00e9s, que estimula y facilita el conocimiento de los 35 pa\u00edses del &hellip; <a href=\"https:\/\/www.pacolara.net\/index.php\/mundiretos-america-v-1-1\/\" class=\"more-link\">Continuar leyendo<span class=\"screen-reader-text\"> \u00abMundiRetos \u2013 Am\u00e9rica (v 1.1)\u00bb<\/span><\/a><\/p>\n","protected":false},"author":3,"featured_media":0,"parent":0,"menu_order":0,"comment_status":"closed","ping_status":"closed","template":"","meta":{"footnotes":""},"class_list":["post-1241","page","type-page","status-publish","hentry"],"_links":{"self":[{"href":"https:\/\/www.pacolara.net\/index.php\/wp-json\/wp\/v2\/pages\/1241","targetHints":{"allow":["GET"]}}],"collection":[{"href":"https:\/\/www.pacolara.net\/index.php\/wp-json\/wp\/v2\/pages"}],"about":[{"href":"https:\/\/www.pacolara.net\/index.php\/wp-json\/wp\/v2\/types\/page"}],"author":[{"embeddable":true,"href":"https:\/\/www.pacolara.net\/index.php\/wp-json\/wp\/v2\/users\/3"}],"replies":[{"embeddable":true,"href":"https:\/\/www.pacolara.net\/index.php\/wp-json\/wp\/v2\/comments?post=1241"}],"version-history":[{"count":2,"href":"https:\/\/www.pacolara.net\/index.php\/wp-json\/wp\/v2\/pages\/1241\/revisions"}],"predecessor-version":[{"id":1246,"href":"https:\/\/www.pacolara.net\/index.php\/wp-json\/wp\/v2\/pages\/1241\/revisions\/1246"}],"wp:attachment":[{"href":"https:\/\/www.pacolara.net\/index.php\/wp-json\/wp\/v2\/media?parent=1241"}],"curies":[{"name":"wp","href":"https:\/\/api.w.org\/{rel}","templated":true}]}}