{"id":1136,"date":"2023-05-04T15:39:48","date_gmt":"2023-05-04T14:39:48","guid":{"rendered":"https:\/\/www.pacolara.net\/?page_id=1136"},"modified":"2023-11-05T23:25:59","modified_gmt":"2023-11-05T22:25:59","slug":"mis-amigos","status":"publish","type":"page","link":"https:\/\/www.pacolara.net\/index.php\/mis-amigos\/","title":{"rendered":"Mis Amigos"},"content":{"rendered":"\n<div class=\"wp-block-media-text alignwide is-stacked-on-mobile is-vertically-aligned-top\" style=\"grid-template-columns:26% auto\"><figure class=\"wp-block-media-text__media\"><img loading=\"lazy\" decoding=\"async\" width=\"953\" height=\"1024\" src=\"https:\/\/www.pacolara.net\/wp-content\/uploads\/2023\/11\/OK-Logos-sin-espacio-arriba-para-web.006-953x1024.jpeg\" alt=\"\" class=\"wp-image-1540 size-full\" srcset=\"https:\/\/www.pacolara.net\/wp-content\/uploads\/2023\/11\/OK-Logos-sin-espacio-arriba-para-web.006-953x1024.jpeg 953w, https:\/\/www.pacolara.net\/wp-content\/uploads\/2023\/11\/OK-Logos-sin-espacio-arriba-para-web.006-279x300.jpeg 279w, https:\/\/www.pacolara.net\/wp-content\/uploads\/2023\/11\/OK-Logos-sin-espacio-arriba-para-web.006-768x825.jpeg 768w, https:\/\/www.pacolara.net\/wp-content\/uploads\/2023\/11\/OK-Logos-sin-espacio-arriba-para-web.006.jpeg 1024w\" sizes=\"auto, (max-width: 709px) 85vw, (max-width: 909px) 67vw, (max-width: 1362px) 62vw, 840px\" \/><\/figure><div class=\"wp-block-media-text__content\">\n<h1 class=\"wp-block-heading\"><strong>App infantil gratuita para jugar a adivinar los personajes de las Historias de Emma<\/strong><\/h1>\n<\/div><\/div>\n\n\n\n<figure class=\"wp-block-image size-large is-resized\"><img loading=\"lazy\" decoding=\"async\" width=\"1024\" height=\"745\" src=\"https:\/\/www.pacolara.net\/wp-content\/uploads\/2023\/05\/Mis-Amigos-1-1024x745.jpeg\" alt=\"\" class=\"wp-image-1141\" style=\"width:768px;height:559px\" srcset=\"https:\/\/www.pacolara.net\/wp-content\/uploads\/2023\/05\/Mis-Amigos-1-1024x745.jpeg 1024w, https:\/\/www.pacolara.net\/wp-content\/uploads\/2023\/05\/Mis-Amigos-1-300x218.jpeg 300w, https:\/\/www.pacolara.net\/wp-content\/uploads\/2023\/05\/Mis-Amigos-1-768x558.jpeg 768w, https:\/\/www.pacolara.net\/wp-content\/uploads\/2023\/05\/Mis-Amigos-1-1536x1117.jpeg 1536w, https:\/\/www.pacolara.net\/wp-content\/uploads\/2023\/05\/Mis-Amigos-1-2048x1489.jpeg 2048w, https:\/\/www.pacolara.net\/wp-content\/uploads\/2023\/05\/Mis-Amigos-1-1200x873.jpeg 1200w\" sizes=\"auto, (max-width: 709px) 85vw, (max-width: 909px) 67vw, (max-width: 1362px) 62vw, 840px\" \/><\/figure>\n\n\n\n<p class=\"has-text-align-center\">Esta app para iPad est\u00e1 disponible para descargar gratis <a href=\"https:\/\/apps.apple.com\/es\/app\/mis-amigos\/id6448316232\" target=\"_blank\" rel=\"noreferrer noopener\">aqu\u00ed<\/a>.<\/p>\n\n\n\n<p>La app <strong>Mis Amigos<\/strong> es un juego para iPad ideado para que las ni\u00f1as y ni\u00f1os que siguen las <strong>Historias de Emma<\/strong> practiquen sus primeros pasos en la lectura, jugando a adivinar qu\u00e9 amigo de Emma es.<\/p>\n\n\n\n<p>Aunque la app es muy sencilla e intuitiva, incluye instrucciones para que los mayores gu\u00eden a sus peque\u00f1os para que disfruten de la app en el iPad. Y hay, adem\u00e1s, un bot\u00f3n <strong>Voz<\/strong> (con el dibujo de un altavoz) que, al pulsarlo, har\u00e1 que el propio iPad lea las instrucciones.<\/p>\n\n\n\n<figure class=\"wp-block-image size-large is-resized\"><img loading=\"lazy\" decoding=\"async\" width=\"1024\" height=\"745\" src=\"https:\/\/www.pacolara.net\/wp-content\/uploads\/2023\/05\/Mis-Amigos-9-1024x745.jpeg\" alt=\"\" class=\"wp-image-1150\" style=\"width:768px;height:559px\" srcset=\"https:\/\/www.pacolara.net\/wp-content\/uploads\/2023\/05\/Mis-Amigos-9-1024x745.jpeg 1024w, https:\/\/www.pacolara.net\/wp-content\/uploads\/2023\/05\/Mis-Amigos-9-300x218.jpeg 300w, https:\/\/www.pacolara.net\/wp-content\/uploads\/2023\/05\/Mis-Amigos-9-768x558.jpeg 768w, https:\/\/www.pacolara.net\/wp-content\/uploads\/2023\/05\/Mis-Amigos-9-1536x1117.jpeg 1536w, https:\/\/www.pacolara.net\/wp-content\/uploads\/2023\/05\/Mis-Amigos-9-2048x1489.jpeg 2048w, https:\/\/www.pacolara.net\/wp-content\/uploads\/2023\/05\/Mis-Amigos-9-1200x873.jpeg 1200w\" sizes=\"auto, (max-width: 709px) 85vw, (max-width: 909px) 67vw, (max-width: 1362px) 62vw, 840px\" \/><\/figure>\n\n\n\n<h2 class=\"wp-block-heading\">PARA EMPEZAR<\/h2>\n\n\n\n<p>El primer paso es pulsar el bot\u00f3n <strong>Jugar<\/strong>. A partir de ah\u00ed, el juego consiste en leer la pista escrita en la pantalla y adivinar qu\u00e9 amigo de Emma es. Si los peque\u00f1os tienen a\u00fan dificultades para leer la pista, no tienen m\u00e1s que tocar con el dedo el altavoz que aparece en la pantalla y el iPad se la leer\u00e1.&nbsp;<\/p>\n\n\n\n<p>Conociendo esa pista, tienen que adivinar qu\u00e9 amigo de Emma es, tocando con el dedo uno de los cinco amigos que aparecen en la pantalla.<\/p>\n\n\n\n<figure class=\"wp-block-image size-large is-resized\"><img loading=\"lazy\" decoding=\"async\" width=\"1024\" height=\"745\" src=\"https:\/\/www.pacolara.net\/wp-content\/uploads\/2023\/05\/Mis-Amigos-2-1024x745.jpeg\" alt=\"\" class=\"wp-image-1142\" style=\"width:768px;height:559px\" srcset=\"https:\/\/www.pacolara.net\/wp-content\/uploads\/2023\/05\/Mis-Amigos-2-1024x745.jpeg 1024w, https:\/\/www.pacolara.net\/wp-content\/uploads\/2023\/05\/Mis-Amigos-2-300x218.jpeg 300w, https:\/\/www.pacolara.net\/wp-content\/uploads\/2023\/05\/Mis-Amigos-2-768x558.jpeg 768w, https:\/\/www.pacolara.net\/wp-content\/uploads\/2023\/05\/Mis-Amigos-2-1536x1117.jpeg 1536w, https:\/\/www.pacolara.net\/wp-content\/uploads\/2023\/05\/Mis-Amigos-2-2048x1489.jpeg 2048w, https:\/\/www.pacolara.net\/wp-content\/uploads\/2023\/05\/Mis-Amigos-2-1200x873.jpeg 1200w\" sizes=\"auto, (max-width: 709px) 85vw, (max-width: 909px) 67vw, (max-width: 1362px) 62vw, 840px\" \/><\/figure>\n\n\n\n<h2 class=\"wp-block-heading\">PUNTOS Y MEDALLAS<\/h2>\n\n\n\n<p>Si su elecci\u00f3n es acertada, se incrementar\u00e1 el marcador de <strong>Puntos<\/strong>. <\/p>\n\n\n\n<figure class=\"wp-block-image size-large is-resized\"><img loading=\"lazy\" decoding=\"async\" width=\"1024\" height=\"745\" src=\"https:\/\/www.pacolara.net\/wp-content\/uploads\/2023\/05\/Mis-Amigos-3-1024x745.jpeg\" alt=\"\" class=\"wp-image-1144\" style=\"width:768px;height:559px\" srcset=\"https:\/\/www.pacolara.net\/wp-content\/uploads\/2023\/05\/Mis-Amigos-3-1024x745.jpeg 1024w, https:\/\/www.pacolara.net\/wp-content\/uploads\/2023\/05\/Mis-Amigos-3-300x218.jpeg 300w, https:\/\/www.pacolara.net\/wp-content\/uploads\/2023\/05\/Mis-Amigos-3-768x558.jpeg 768w, https:\/\/www.pacolara.net\/wp-content\/uploads\/2023\/05\/Mis-Amigos-3-1536x1117.jpeg 1536w, https:\/\/www.pacolara.net\/wp-content\/uploads\/2023\/05\/Mis-Amigos-3-2048x1489.jpeg 2048w, https:\/\/www.pacolara.net\/wp-content\/uploads\/2023\/05\/Mis-Amigos-3-1200x873.jpeg 1200w\" sizes=\"auto, (max-width: 709px) 85vw, (max-width: 909px) 67vw, (max-width: 1362px) 62vw, 840px\" \/><\/figure>\n\n\n\n<p><\/p>\n\n\n\n<p>Y si es equivocada, se volver\u00e1 a la pantalla de entrada para empezar a jugar otra vez.<\/p>\n\n\n\n<figure class=\"wp-block-image size-large is-resized\"><img loading=\"lazy\" decoding=\"async\" width=\"1024\" height=\"745\" src=\"https:\/\/www.pacolara.net\/wp-content\/uploads\/2023\/05\/Mis-Amigos-4-1024x745.jpeg\" alt=\"\" class=\"wp-image-1145\" style=\"width:768px;height:559px\" srcset=\"https:\/\/www.pacolara.net\/wp-content\/uploads\/2023\/05\/Mis-Amigos-4-1024x745.jpeg 1024w, https:\/\/www.pacolara.net\/wp-content\/uploads\/2023\/05\/Mis-Amigos-4-300x218.jpeg 300w, https:\/\/www.pacolara.net\/wp-content\/uploads\/2023\/05\/Mis-Amigos-4-768x558.jpeg 768w, https:\/\/www.pacolara.net\/wp-content\/uploads\/2023\/05\/Mis-Amigos-4-1536x1117.jpeg 1536w, https:\/\/www.pacolara.net\/wp-content\/uploads\/2023\/05\/Mis-Amigos-4-2048x1489.jpeg 2048w, https:\/\/www.pacolara.net\/wp-content\/uploads\/2023\/05\/Mis-Amigos-4-1200x873.jpeg 1200w\" sizes=\"auto, (max-width: 709px) 85vw, (max-width: 909px) 67vw, (max-width: 1362px) 62vw, 840px\" \/><\/figure>\n\n\n\n<p><\/p>\n\n\n\n<p>Adivinando amigos de Emma conseguir\u00e1n puntos y medallas: Si aciertan 10 amigos de Emma sin fallar, ganar\u00e1n una medalla de <strong>Bronce<\/strong>. Si aciertan 25 amigos, conseguir\u00e1n una medalla de <strong>Plata<\/strong>. Y si aciertan 40 amigos de Emma de un tir\u00f3n, ganar\u00e1n una medalla de <strong>Oro<\/strong>.&nbsp;<\/p>\n\n\n\n<figure class=\"wp-block-image size-large is-resized\"><img loading=\"lazy\" decoding=\"async\" width=\"1024\" height=\"745\" src=\"https:\/\/www.pacolara.net\/wp-content\/uploads\/2023\/05\/Mis-Amigos-5-1024x745.jpeg\" alt=\"\" class=\"wp-image-1146\" style=\"width:768px;height:559px\" srcset=\"https:\/\/www.pacolara.net\/wp-content\/uploads\/2023\/05\/Mis-Amigos-5-1024x745.jpeg 1024w, https:\/\/www.pacolara.net\/wp-content\/uploads\/2023\/05\/Mis-Amigos-5-300x218.jpeg 300w, https:\/\/www.pacolara.net\/wp-content\/uploads\/2023\/05\/Mis-Amigos-5-768x558.jpeg 768w, https:\/\/www.pacolara.net\/wp-content\/uploads\/2023\/05\/Mis-Amigos-5-1536x1117.jpeg 1536w, https:\/\/www.pacolara.net\/wp-content\/uploads\/2023\/05\/Mis-Amigos-5-2048x1489.jpeg 2048w, https:\/\/www.pacolara.net\/wp-content\/uploads\/2023\/05\/Mis-Amigos-5-1200x873.jpeg 1200w\" sizes=\"auto, (max-width: 709px) 85vw, (max-width: 909px) 67vw, (max-width: 1362px) 62vw, 840px\" \/><\/figure>\n\n\n\n<p><\/p>\n\n\n\n<figure class=\"wp-block-image size-large is-resized\"><img loading=\"lazy\" decoding=\"async\" width=\"1024\" height=\"745\" src=\"https:\/\/www.pacolara.net\/wp-content\/uploads\/2023\/05\/Mis-Amigos-6-1024x745.jpeg\" alt=\"\" class=\"wp-image-1147\" style=\"width:768px;height:559px\" srcset=\"https:\/\/www.pacolara.net\/wp-content\/uploads\/2023\/05\/Mis-Amigos-6-1024x745.jpeg 1024w, https:\/\/www.pacolara.net\/wp-content\/uploads\/2023\/05\/Mis-Amigos-6-300x218.jpeg 300w, https:\/\/www.pacolara.net\/wp-content\/uploads\/2023\/05\/Mis-Amigos-6-768x558.jpeg 768w, https:\/\/www.pacolara.net\/wp-content\/uploads\/2023\/05\/Mis-Amigos-6-1536x1117.jpeg 1536w, https:\/\/www.pacolara.net\/wp-content\/uploads\/2023\/05\/Mis-Amigos-6-2048x1489.jpeg 2048w, https:\/\/www.pacolara.net\/wp-content\/uploads\/2023\/05\/Mis-Amigos-6-1200x873.jpeg 1200w\" sizes=\"auto, (max-width: 709px) 85vw, (max-width: 909px) 67vw, (max-width: 1362px) 62vw, 840px\" \/><\/figure>\n\n\n\n<p><\/p>\n\n\n\n<figure class=\"wp-block-image size-large is-resized\"><img loading=\"lazy\" decoding=\"async\" width=\"1024\" height=\"745\" src=\"https:\/\/www.pacolara.net\/wp-content\/uploads\/2023\/05\/Mis-Amigos-7-1024x745.jpeg\" alt=\"\" class=\"wp-image-1148\" style=\"width:768px;height:559px\" srcset=\"https:\/\/www.pacolara.net\/wp-content\/uploads\/2023\/05\/Mis-Amigos-7-1024x745.jpeg 1024w, https:\/\/www.pacolara.net\/wp-content\/uploads\/2023\/05\/Mis-Amigos-7-300x218.jpeg 300w, https:\/\/www.pacolara.net\/wp-content\/uploads\/2023\/05\/Mis-Amigos-7-768x558.jpeg 768w, https:\/\/www.pacolara.net\/wp-content\/uploads\/2023\/05\/Mis-Amigos-7-1536x1117.jpeg 1536w, https:\/\/www.pacolara.net\/wp-content\/uploads\/2023\/05\/Mis-Amigos-7-2048x1489.jpeg 2048w, https:\/\/www.pacolara.net\/wp-content\/uploads\/2023\/05\/Mis-Amigos-7-1200x873.jpeg 1200w\" sizes=\"auto, (max-width: 709px) 85vw, (max-width: 909px) 67vw, (max-width: 1362px) 62vw, 840px\" \/><\/figure>\n\n\n\n<p><\/p>\n\n\n\n<p>Adem\u00e1s, cada vez que logren una medalla de Oro, Emma y sus amigos felicitar\u00e1n a quien lo ha conseguido en una pantalla especial.&nbsp;<\/p>\n\n\n\n<figure class=\"wp-block-image size-large is-resized\"><img loading=\"lazy\" decoding=\"async\" width=\"1024\" height=\"745\" src=\"https:\/\/www.pacolara.net\/wp-content\/uploads\/2023\/05\/Mis-Amigos-8-1024x745.jpeg\" alt=\"\" class=\"wp-image-1149\" style=\"width:768px;height:559px\" srcset=\"https:\/\/www.pacolara.net\/wp-content\/uploads\/2023\/05\/Mis-Amigos-8-1024x745.jpeg 1024w, https:\/\/www.pacolara.net\/wp-content\/uploads\/2023\/05\/Mis-Amigos-8-300x218.jpeg 300w, https:\/\/www.pacolara.net\/wp-content\/uploads\/2023\/05\/Mis-Amigos-8-768x558.jpeg 768w, https:\/\/www.pacolara.net\/wp-content\/uploads\/2023\/05\/Mis-Amigos-8-1536x1117.jpeg 1536w, https:\/\/www.pacolara.net\/wp-content\/uploads\/2023\/05\/Mis-Amigos-8-2048x1489.jpeg 2048w, https:\/\/www.pacolara.net\/wp-content\/uploads\/2023\/05\/Mis-Amigos-8-1200x873.jpeg 1200w\" sizes=\"auto, (max-width: 709px) 85vw, (max-width: 909px) 67vw, (max-width: 1362px) 62vw, 840px\" \/><\/figure>\n\n\n\n<p><\/p>\n\n\n\n<h2 class=\"wp-block-heading\">EL MARCADOR<\/h2>\n\n\n\n<p>En la primera pantalla del juego se muestran las medallas de <strong>Bronce<\/strong>, de <strong>Plata<\/strong> y de <strong>Oro<\/strong> que se han conseguido ya. Y tambi\u00e9n el <strong>R\u00e9cord<\/strong> de puntos logrados en una partida, en el caso de no haber podido llegar a\u00fan a los 40 puntos necesarios para tener una nueva medalla de Oro.<\/p>\n\n\n\n<p>\u00a1Hala!&#8230; Ya es hora de empezar a jugar y practicar la lectura de las pistas. Para leer cada vez mejor y conseguir m\u00e1s medallas de los amigos de Emma.<\/p>\n\n\n\n<h2 class=\"wp-block-heading\">HISTORIAS DE EMMA, EN LIBRO ELECTR\u00d3NICO Y EN PODCAST<\/h2>\n\n\n\n<p>La nueva app <strong>Mis Amigos<\/strong> aporta un recurso adicional a la colecci\u00f3n de cuentos infantiles <strong>Historias de Emma<\/strong>, para jugar a adivinar a los personajes de los cuentos, al tiempo que practican sus primeros pasos en la lectura, leyendo las pistas. <\/p>\n\n\n\n<p>Los trece cuentos gratuitos que componen ya la serie&nbsp;<strong><a rel=\"noreferrer noopener\" href=\"https:\/\/books.apple.com\/es\/author\/paco-lara\/id1528931143#see-all\/books\" target=\"_blank\">Historias de Emma<\/a><\/strong> se pueden descargar en las tiendas de <a rel=\"noreferrer noopener\" href=\"https:\/\/books.apple.com\/es\/author\/paco-lara\/id1528931143#see-all\/books\" target=\"_blank\"><strong>Libros Apple<\/strong><\/a> (Apple Books) para iPad, iPhone y Mac de 51 pa\u00edses.<\/p>\n\n\n\n<p>Y todos los cuentos se pueden escuchar tambi\u00e9n en el podcast <strong>Historias de Emma<\/strong>, disponible en&nbsp;<a href=\"https:\/\/podcasts.apple.com\/es\/podcast\/historias-de-emma\/id1532950699\"><strong>Apple Podcasts<\/strong><\/a>,&nbsp;<strong><a rel=\"noreferrer noopener\" href=\"https:\/\/open.spotify.com\/show\/1wjpB0HaNbaMZz4XpmLkxK?si=r8C3mAT1Q5eHtYVDO86g_w\" target=\"_blank\">Spotify<\/a><\/strong> y otras plataformas de podcasts.<\/p>\n\n\n\n<hr class=\"wp-block-separator has-alpha-channel-opacity\"\/>\n","protected":false},"excerpt":{"rendered":"<p>App infantil gratuita para jugar a adivinar los personajes de las Historias de Emma Esta app para iPad est\u00e1 disponible para descargar gratis aqu\u00ed. La app Mis Amigos es un juego para iPad ideado para que las ni\u00f1as y ni\u00f1os que siguen las Historias de Emma practiquen sus primeros pasos en la lectura, jugando a &hellip; <a href=\"https:\/\/www.pacolara.net\/index.php\/mis-amigos\/\" class=\"more-link\">Continuar leyendo<span class=\"screen-reader-text\"> \u00abMis Amigos\u00bb<\/span><\/a><\/p>\n","protected":false},"author":3,"featured_media":0,"parent":0,"menu_order":0,"comment_status":"closed","ping_status":"closed","template":"","meta":{"footnotes":""},"class_list":["post-1136","page","type-page","status-publish","hentry"],"_links":{"self":[{"href":"https:\/\/www.pacolara.net\/index.php\/wp-json\/wp\/v2\/pages\/1136","targetHints":{"allow":["GET"]}}],"collection":[{"href":"https:\/\/www.pacolara.net\/index.php\/wp-json\/wp\/v2\/pages"}],"about":[{"href":"https:\/\/www.pacolara.net\/index.php\/wp-json\/wp\/v2\/types\/page"}],"author":[{"embeddable":true,"href":"https:\/\/www.pacolara.net\/index.php\/wp-json\/wp\/v2\/users\/3"}],"replies":[{"embeddable":true,"href":"https:\/\/www.pacolara.net\/index.php\/wp-json\/wp\/v2\/comments?post=1136"}],"version-history":[{"count":8,"href":"https:\/\/www.pacolara.net\/index.php\/wp-json\/wp\/v2\/pages\/1136\/revisions"}],"predecessor-version":[{"id":1547,"href":"https:\/\/www.pacolara.net\/index.php\/wp-json\/wp\/v2\/pages\/1136\/revisions\/1547"}],"wp:attachment":[{"href":"https:\/\/www.pacolara.net\/index.php\/wp-json\/wp\/v2\/media?parent=1136"}],"curies":[{"name":"wp","href":"https:\/\/api.w.org\/{rel}","templated":true}]}}