{"id":1114,"date":"2023-03-16T22:40:42","date_gmt":"2023-03-16T21:40:42","guid":{"rendered":"https:\/\/www.pacolara.net\/?page_id=1114"},"modified":"2025-05-13T23:45:00","modified_gmt":"2025-05-13T22:45:00","slug":"emma-y-la-leoncita-anya","status":"publish","type":"page","link":"https:\/\/www.pacolara.net\/index.php\/emma-y-la-leoncita-anya\/","title":{"rendered":"Emma y la leoncita Anya"},"content":{"rendered":"\n<figure class=\"wp-block-image size-large is-resized\"><img loading=\"lazy\" decoding=\"async\" width=\"644\" height=\"1024\" src=\"https:\/\/www.pacolara.net\/wp-content\/uploads\/2023\/03\/Portada-2048-Emma-y-la-leoncita-Anya-Paco-Lara-644x1024.jpg\" alt=\"\" class=\"wp-image-1122\" style=\"width:644px;height:1024px\" srcset=\"https:\/\/www.pacolara.net\/wp-content\/uploads\/2023\/03\/Portada-2048-Emma-y-la-leoncita-Anya-Paco-Lara-644x1024.jpg 644w, https:\/\/www.pacolara.net\/wp-content\/uploads\/2023\/03\/Portada-2048-Emma-y-la-leoncita-Anya-Paco-Lara-189x300.jpg 189w, https:\/\/www.pacolara.net\/wp-content\/uploads\/2023\/03\/Portada-2048-Emma-y-la-leoncita-Anya-Paco-Lara-768x1221.jpg 768w, https:\/\/www.pacolara.net\/wp-content\/uploads\/2023\/03\/Portada-2048-Emma-y-la-leoncita-Anya-Paco-Lara-966x1536.jpg 966w, https:\/\/www.pacolara.net\/wp-content\/uploads\/2023\/03\/Portada-2048-Emma-y-la-leoncita-Anya-Paco-Lara-1200x1908.jpg 1200w, https:\/\/www.pacolara.net\/wp-content\/uploads\/2023\/03\/Portada-2048-Emma-y-la-leoncita-Anya-Paco-Lara.jpg 1288w\" sizes=\"auto, (max-width: 644px) 85vw, 644px\" \/><figcaption class=\"wp-element-caption\">Portada del libro Emma y el drag\u00f3n beb\u00e9<\/figcaption><\/figure>\n\n\n\n<p class=\"has-text-align-left\">Descarga el cuento gratuito\u00a0<a href=\"http:\/\/books.apple.com\/es\/book\/id6446360501\" target=\"_blank\" rel=\"noreferrer noopener\">aqu\u00ed<\/a>, para iPad, iPhone y Mac. Y esc\u00fachalo en el podcast Historias de Emma en <a href=\"https:\/\/podcasts.apple.com\/es\/podcast\/historias-de-emma\/id1532950699\" target=\"_blank\" rel=\"noreferrer noopener\">Apple Podcasts<\/a> o en <a href=\"https:\/\/open.spotify.com\/show\/1wjpB0HaNbaMZz4XpmLkxK\" target=\"_blank\" rel=\"noreferrer noopener\">Spotify<\/a>. Tambi\u00e9n puedes leer el cuento en <a href=\"https:\/\/books.google.es\/books?id=_rJcEQAAQBAJ&amp;newbks=0&amp;printsec=frontcover\" target=\"_blank\" rel=\"noreferrer noopener\">Google Libros<\/a> y descargarlo gratis en <a href=\"https:\/\/play.google.com\/store\/books\/details?id=_rJcEQAAQBAJ\" target=\"_blank\" rel=\"noreferrer noopener\">Google Play<\/a>.<\/p>\n\n\n\n<p>En esta historia, Emma y sus amigos aprender\u00e1n a usar el poder de la palabra m\u00e1gica \u00aba\u00fan\u00bb para encontrar una respuesta cada vez que tengan un problema y no sepan qu\u00e9 hacer.<\/p>\n\n\n\n<p>Junto al bosque que rodea la casa de Emma hab\u00eda una gran llanura, con piedras y algunas hierbas, donde viv\u00eda Anya: una leoncita peque\u00f1a, lista y muy alegre.<\/p>\n\n\n\n<p>Todos los s\u00e1bados, Anya preparaba una cesta de merienda y sal\u00eda corriendo, cruzando el bosque, hacia la casa de Emma. Porque, los s\u00e1bados, Emma hac\u00eda de profesora y daba clase en su jard\u00edn a los amigos del bosque. Y, al terminar, todos celebraban una gran merienda.<\/p>\n\n\n\n<p>Pero \u00a1ayayay!&#8230; El lobo Ram\u00f3n preparaba, cada s\u00e1bado, un truco tramposo para enga\u00f1ar a Anya y comerse la deliciosa merienda que la leoncita llevaba para los amigos del cole.<\/p>\n\n\n\n<p>Anya no sab\u00eda ya que hacer para librarse de las trampas del lobo. Y pidi\u00f3 ayuda a Emma para conseguir que Ram\u00f3n dejara de ser un lobo tramposo y se convirtiera en un buen amigo de todos.<\/p>\n\n\n\n<p>Puedes escuchar este cuento infantil en el podcast Historias de Emma, disponible en Apple Podcasts y en otras plataformas.<\/p>\n\n\n\n<h2 class=\"wp-block-heading\">\u00cdNDICE<\/h2>\n\n\n\n<ol class=\"wp-block-list\">\n<li>Un s\u00e1bado por la tarde<\/li>\n\n\n\n<li>La bella flor<\/li>\n\n\n\n<li>Camino del \u00abcole\u00bb<\/li>\n\n\n\n<li>Empieza la clase&#8230;<\/li>\n\n\n\n<li>Ram\u00f3n, el tramposo<\/li>\n\n\n\n<li>El \u00e1rbol de agujero<\/li>\n<\/ol>\n\n\n\n<p>A continuaci\u00f3n se reproducen los cuatro primeros cap\u00edtulos del cuento.<\/p>\n\n\n\n<h2 class=\"wp-block-heading\">CAP\u00cdTULO 1 \u2022 UN S\u00c1BADO POR LA TARDE<\/h2>\n\n\n\n<p>M\u00e1s all\u00e1 del bosque que rodea la casa de Emma, hab\u00eda una gran llanura con piedras y algunas hierbas. Pero casi ning\u00fan \u00e1rbol. Era una sabana.&nbsp;<\/p>\n\n\n\n<p>Hac\u00eda mucho sol all\u00ed y casi nunca llov\u00eda. Y, sin embargo, esa calurosa sabana era el lugar preferido por muchos animales. Por los ciervos, las cebras, las jirafas\u2026 \u00a1Ah! Y tambi\u00e9n por los leones. Porque all\u00ed, en esa gran sabana de color dorado, viv\u00eda Anya.<\/p>\n\n\n\n<p>Anya era una leoncita peque\u00f1a, lista y muy alegre. Iba siempre corriendo y saltando por encima de las piedras. Viv\u00eda en una bella casita que mam\u00e1 leona y pap\u00e1 le\u00f3n construyeron con barro y con ramas en el techo.<\/p>\n\n\n\n<p>Era s\u00e1bado. Un d\u00eda muy especial. Todos los s\u00e1bados, Anya preparaba una cesta de comida para merendar y sal\u00eda corriendo, cruzando el bosque, hacia la casa de Emma. Porque, los s\u00e1bados, Emma hac\u00eda de profesora y daba una clase en su jard\u00edn.<\/p>\n\n\n\n<p>Emma reun\u00eda a sus amigos del bosque y de la sabana y les ense\u00f1aba a hacer manualidades muy divertidas. Y, al terminar, todos celebraban una gran merienda, compartiendo la comida que hab\u00edan tra\u00eddo de casa y la deliciosa tarta de zanahoria que preparaba Yaya Elena, la abuela de Emma.<\/p>\n\n\n\n<figure class=\"wp-block-image size-large\"><img loading=\"lazy\" decoding=\"async\" width=\"1024\" height=\"900\" src=\"https:\/\/www.pacolara.net\/wp-content\/uploads\/2023\/03\/EyLLA_-_1c_Ok-1024x900.jpg\" alt=\"\" class=\"wp-image-1107\" srcset=\"https:\/\/www.pacolara.net\/wp-content\/uploads\/2023\/03\/EyLLA_-_1c_Ok-1024x900.jpg 1024w, https:\/\/www.pacolara.net\/wp-content\/uploads\/2023\/03\/EyLLA_-_1c_Ok-300x264.jpg 300w, https:\/\/www.pacolara.net\/wp-content\/uploads\/2023\/03\/EyLLA_-_1c_Ok-768x675.jpg 768w, https:\/\/www.pacolara.net\/wp-content\/uploads\/2023\/03\/EyLLA_-_1c_Ok-1536x1350.jpg 1536w, https:\/\/www.pacolara.net\/wp-content\/uploads\/2023\/03\/EyLLA_-_1c_Ok-2048x1800.jpg 2048w, https:\/\/www.pacolara.net\/wp-content\/uploads\/2023\/03\/EyLLA_-_1c_Ok-1200x1055.jpg 1200w\" sizes=\"auto, (max-width: 709px) 85vw, (max-width: 909px) 67vw, (max-width: 1362px) 62vw, 840px\" \/><\/figure>\n\n\n\n<p><\/p>\n\n\n\n<p>Pero, pero\u2026 Esa ma\u00f1ana Anya estaba un poco triste e inquieta, al recordar lo que pas\u00f3 el anterior fin de semana.&nbsp;<\/p>\n\n\n\n<p>Ocurri\u00f3 el s\u00e1bado pasado. Por la tarde.<\/p>\n\n\n\n<p>Cuando corr\u00eda hacia la casa de Emma, Anya vio una preciosa flor de color violeta. La flor estaba en el suelo del bosque, encima de un mont\u00f3n de hierba que parec\u00eda una alfombra verde.<\/p>\n\n\n\n<p>Anya sonri\u00f3 pensando que esa bella flor ser\u00eda un magn\u00edfico regalo para la \u00abprofe\u00bb Emma. Y se acerc\u00f3 a cogerla\u2026<\/p>\n\n\n\n<p>Pero \u00a1ayayay!\u2026<\/p>\n\n\n\n<p><\/p>\n\n\n\n<h2 class=\"wp-block-heading\">CAP\u00cdTULO 2 \u2022 LA BELLA FLOR<\/h2>\n\n\n\n<p>Al pisar sobre el mont\u00f3n de hierba donde estaba la flor de color violeta\u2026 \u00a1Booom!\u2026 Las patitas de Anya se hundieron en la hierba y la leoncita cay\u00f3 dentro de un agujero que hab\u00eda debajo.<\/p>\n\n\n\n<p>Al caer, la leoncita perdi\u00f3 la cesta de la merienda que sali\u00f3 volando.<\/p>\n\n\n\n<p>\u2014\u00a1Graciaaas, muchaaas graaaciaaas!\u2026 \u2014se oy\u00f3 que alguien dec\u00eda, entre risotadas\u2014. \u00a1Ja, jaaa, jaaa!\u2026<\/p>\n\n\n\n<p>Y, al mirar hacia arriba, Anya vio, en el borde del agujero, la cabezota del lobo Ram\u00f3n, relami\u00e9ndose.<\/p>\n\n\n\n<p>\u2014\u00a1Muchas gracias por regalarme esta riqu\u00edsima comida!\u2026 \u00a1Ja, jaaa, jaaa!\u2026\u2014rio el travieso lobo, mirando la cesta.<\/p>\n\n\n\n<p>\u2014\u00a1Nooo!\u2026 \u00a1No es para ti! Es para los amigos que van al cole del jard\u00edn de Emma\u2026 \u00a1Anda, s\u00e1came de este agujero y devu\u00e9lveme mi cesta! \u2014le pidi\u00f3 Anya.<\/p>\n\n\n\n<p>\u2014\u00a1No, no, nooo\u2026! \u2014dijo el lobo\u2014. A cambio de esta deliciosa merienda, te regalo la flor que puse ah\u00ed para que cayeras en el agujero\u2026 \u00bfTe ha gustado mi truco, eh?\u2026 \u00a1Ja, jaaa, jaaa!\u2026<\/p>\n\n\n\n<figure class=\"wp-block-image size-large\"><img loading=\"lazy\" decoding=\"async\" width=\"1024\" height=\"1002\" src=\"https:\/\/www.pacolara.net\/wp-content\/uploads\/2023\/03\/EyLLA_-_2b_Ok-1024x1002.jpg\" alt=\"\" class=\"wp-image-1108\" srcset=\"https:\/\/www.pacolara.net\/wp-content\/uploads\/2023\/03\/EyLLA_-_2b_Ok-1024x1002.jpg 1024w, https:\/\/www.pacolara.net\/wp-content\/uploads\/2023\/03\/EyLLA_-_2b_Ok-300x294.jpg 300w, https:\/\/www.pacolara.net\/wp-content\/uploads\/2023\/03\/EyLLA_-_2b_Ok-768x752.jpg 768w, https:\/\/www.pacolara.net\/wp-content\/uploads\/2023\/03\/EyLLA_-_2b_Ok-1536x1503.jpg 1536w, https:\/\/www.pacolara.net\/wp-content\/uploads\/2023\/03\/EyLLA_-_2b_Ok-2048x2004.jpg 2048w, https:\/\/www.pacolara.net\/wp-content\/uploads\/2023\/03\/EyLLA_-_2b_Ok-1200x1174.jpg 1200w\" sizes=\"auto, (max-width: 709px) 85vw, (max-width: 909px) 67vw, (max-width: 1362px) 62vw, 840px\" \/><\/figure>\n\n\n\n<p><\/p>\n\n\n\n<p>Ram\u00f3n sac\u00f3 la comida que hab\u00eda en la cesta y lanz\u00f3 la cesta al agujero.&nbsp;<\/p>\n\n\n\n<p>Y, dando mordiscos a la rica merienda que hab\u00eda preparado la leoncita, se alej\u00f3 aullando con la boca llena.<\/p>\n\n\n\n<p>Anya era peque\u00f1a pero muy valiente. Se puso de pie y se dispuso a dar un gran salto, como saben dar los leones, para salir de la trampa que le hab\u00eda preparado el lobo.<\/p>\n\n\n\n<p>\u00a1Uf! Pero no era f\u00e1cil. Dio varios saltos, pero s\u00f3lo consegu\u00eda alcanzar el borde del agujero con una patita. Y ca\u00eda de nuevo al fondo\u2026 \u00bfQu\u00e9 pod\u00eda hacer para salir de ah\u00ed?<\/p>\n\n\n\n<p>Anya se sent\u00f3 en el suelo del agujero y mir\u00f3 la bella flor de color violeta y amarillo que Ram\u00f3n le puso como trampa\u2026 Y, al momento, sonri\u00f3\u2026<\/p>\n\n\n\n<p>\u2014\u00a1Ya s\u00e9 qu\u00e9 voy a hacer!\u2026 \u2014dijo contenta.<\/p>\n\n\n\n<p>Anya record\u00f3 lo que una vez le dijo su pap\u00e1 Pedro, el le\u00f3n m\u00e1s sabio de la sabana:&nbsp;<\/p>\n\n\n\n<p>\u00abSi un d\u00eda tienes un problema y no sabes qu\u00e9 hacer, recuerda que lo primero y m\u00e1s importante es parar y calmarte, querida Anya. Y, cuando est\u00e9s tranquila, di en voz alta \u201cyo lo puedo hacer\u201d y lanza un rugido como t\u00fa sabes. Porque, si conf\u00edas en ti y no te rindes, encontrar\u00e1s la forma de superar el problema\u00bb.<\/p>\n\n\n\n<p>Anya se puso de pie e hizo lo que le dijo su pap\u00e1. Grit\u00f3 en voz alta \u00ab\u00a1Yooo lo puedo hacer!\u00bb\u2026 Y, al lanzar el rugido \u00ab\u00a1Grrrrr!\u00bb como le dijo pap\u00e1 le\u00f3n, se le ocurri\u00f3 una gran idea.<\/p>\n\n\n\n<p>Cogi\u00f3 la cesta de la merienda que Ram\u00f3n lanz\u00f3 al agujero y, d\u00e1ndole la vuelta, la puso en el suelo. La peque\u00f1a leoncita se subi\u00f3 en la cesta, se encogi\u00f3 todo lo que pudo, y dio un gran salto estirando las patitas como si fueran un muelle\u2026<\/p>\n\n\n\n<p>\u00a1Y lo consigui\u00f3!\u2026 \u00a1Anya sali\u00f3 del agujero!<\/p>\n\n\n\n<p><\/p>\n\n\n\n<h2 class=\"wp-block-heading\">CAP\u00cdTULO 3 \u2022 CAMINO DEL \u201cCOLE\u201d<\/h2>\n\n\n\n<p>Al salir de casa, Anya mir\u00f3 la cesta de la merienda que llevaba y se dijo en voz alta: \u00abHoy tendr\u00e9 mucho cuidado, para no caer otra vez en las trampas de Ram\u00f3n\u00bb. Y, alegre, empez\u00f3 a correr por el camino del bosque, hacia la casa de Emma.<\/p>\n\n\n\n<p>A la peque\u00f1a leona le gustaba saltar por encima de las piedras del camino. Y cuando ve\u00eda flores de bellos colores, se deten\u00eda para coger alguna flor y ponerla en la cesta.<\/p>\n\n\n\n<p>Corriendo y saltando, Anya lleg\u00f3 al lugar del bosque donde el camino de la sabana se un\u00eda con el camino que ven\u00eda de la monta\u00f1a. Y, ah\u00ed, vio a su amigo, el pajarito Pipo, revoloteando sobre un gran arbusto.<\/p>\n\n\n\n<p>\u2014\u00a1Ven, Anya, ven! \u2014pio el pajarito.<\/p>\n\n\n\n<p>\u2014\u00bfQu\u00e9 pasa, Pipo?<\/p>\n\n\n\n<p>\u2014\u00a1Mira, mira\u2026! \u2014respondi\u00f3 el pajarito, se\u00f1alando con el pico al pie del arbusto.<\/p>\n\n\n\n<p>Asomando por debajo de las hojas verdes, Anya vio una bella tira de pelo blanco, que terminaba en un mech\u00f3n de pelitos de todos los colores del arco iris.<\/p>\n\n\n\n<p>\u2014\u00a1Anda!\u2026 \u00a1Parece la cola de un unicornio! &nbsp; \u2014dijo Anya, sorprendida.<\/p>\n\n\n\n<p>Y, de pronto, la bella cola blanca con los siete colores del arco iris, se movi\u00f3\u2026 Y los dos amigos oyeron una voz que sal\u00eda del arbusto.<\/p>\n\n\n\n<p>\u2014\u00a1Hola, holaaa\u2026! Estaba descansando un poco\u2026 Y me he quedado dormido aqu\u00ed, debajo del arbusto.<\/p>\n\n\n\n<p>\u2014\u00bfQui\u00e9n eres? \u2014pregunt\u00f3 Pipo.<\/p>\n\n\n\n<p>\u2014Soy un unicornio\u2026 Veo que os gusta mi cola de colores \u00bfeh?<\/p>\n\n\n\n<p>\u2014\u00a1S\u00ed\u00ed\u00ed!\u2026 \u2014dijo Anya\u2014 Es bell\u00edsima\u2026 Sabes, yo tambi\u00e9n tengo cola\u2026 Pero la m\u00eda es s\u00f3lo de color marr\u00f3n, como la que tenemos todos los leones.<\/p>\n\n\n\n<p>\u2014Yo soy un unicornio y por eso mi cola tiene todos los colores del arco iris. Y, adem\u00e1s, tengo alas para volar\u2026 \u00bfQuieres volar conmigo, agarrada a mi cola de colores?<\/p>\n\n\n\n<p>\u2014\u00a1S\u00ed, s\u00ed\u00ed\u00ed\u2026! \u00a1Me gustar\u00eda mucho! \u2014dijo Anya, emocionada.&nbsp;<\/p>\n\n\n\n<p>\u2014Pues ag\u00e1rrate fuerte a mi cola y te dar\u00e9 una vuelta volando\u2026 \u00a1Ah!\u2026 Pero, para volar, tienes que dejar esa cesta de comida aqu\u00ed, en el suelo, porque te tienes que sujetar a mi cola muy fuerte, con tus patitas.<\/p>\n\n\n\n<figure class=\"wp-block-image size-large\"><img loading=\"lazy\" decoding=\"async\" width=\"1024\" height=\"820\" src=\"https:\/\/www.pacolara.net\/wp-content\/uploads\/2023\/03\/EyLLA_-_3c_Ok-1024x820.jpg\" alt=\"\" class=\"wp-image-1109\" srcset=\"https:\/\/www.pacolara.net\/wp-content\/uploads\/2023\/03\/EyLLA_-_3c_Ok-1024x820.jpg 1024w, https:\/\/www.pacolara.net\/wp-content\/uploads\/2023\/03\/EyLLA_-_3c_Ok-300x240.jpg 300w, https:\/\/www.pacolara.net\/wp-content\/uploads\/2023\/03\/EyLLA_-_3c_Ok-768x615.jpg 768w, https:\/\/www.pacolara.net\/wp-content\/uploads\/2023\/03\/EyLLA_-_3c_Ok-1536x1230.jpg 1536w, https:\/\/www.pacolara.net\/wp-content\/uploads\/2023\/03\/EyLLA_-_3c_Ok-2048x1640.jpg 2048w, https:\/\/www.pacolara.net\/wp-content\/uploads\/2023\/03\/EyLLA_-_3c_Ok-1200x961.jpg 1200w\" sizes=\"auto, (max-width: 709px) 85vw, (max-width: 909px) 67vw, (max-width: 1362px) 62vw, 840px\" \/><\/figure>\n\n\n\n<p><\/p>\n\n\n\n<p>\u2014\u00a1Y yo os seguir\u00e9! \u2014pio Pipo, contento, al tiempo que volaba por encima del arbusto para ir a saludar al unicornio que estaba al otro lado\u2026&nbsp;<\/p>\n\n\n\n<p>Pero \u00a1uauuu!\u2026 El pajarito abri\u00f3 el pico de par en par, asombrado, al ver que quien estaba detr\u00e1s del arbusto no era un unicornio\u2026 \u00a1Era Ram\u00f3n!\u2026 \u00a1El lobo tramposo!<\/p>\n\n\n\n<p>Ram\u00f3n se hab\u00eda pintado la cola de color blanco y con los colores del arco iris en la punta, para que pareciera la cola de un unicornio.<\/p>\n\n\n\n<p>\u2014\u00a1Anya, Anya, v\u00e1monos corriendo!\u2026 No es un unicornio, es el lobo Ram\u00f3n que se ha pintado la colaaa! \u2014grit\u00f3 el pajarito, nervioso.<\/p>\n\n\n\n<p>&nbsp;Al oirlo, Anya fue a coger la cesta de la merienda que hab\u00eda dejado en el suelo\u2026 Pero \u00a1ayayay! Ram\u00f3n fue m\u00e1s r\u00e1pido. El lobo mordi\u00f3 el asa de la cesta y con ella en la boca, sali\u00f3 corriendo.<\/p>\n\n\n\n<p>\u2014 \u00a1A\u00fa\u00fa\u00fa, a\u00fa\u00fa\u00fa!\u2026 \u00a1Gracias otra vez por la meriendaaa! \u2014aull\u00f3 el lobo\u2014. \u00a1Qu\u00e9 bien meriendo todos los s\u00e1bados!\u2026 \u00a1A\u00fa\u00fa\u00fa, a\u00fa\u00fa\u00fa!<\/p>\n\n\n\n<p>Y Anya vio como Ram\u00f3n se alejaba, aullando y riendo a carcajadas, llev\u00e1ndose la comida que iba a compartir con los amigos del cole.<\/p>\n\n\n\n<p>La peque\u00f1a leoncita se sent\u00f3 en el suelo y agach\u00f3 la cabeza, triste, a punto de llorar, porque, otro s\u00e1bado m\u00e1s, hab\u00eda ca\u00eddo en la trampa del lobo Ram\u00f3n.<\/p>\n\n\n\n<p>Su amigo, el pajarito Pipo, vol\u00f3 al hombro de Anya. Y, con cari\u00f1o, le dio un beso muy suave con el pico.&nbsp;<\/p>\n\n\n\n<p>Anya acarici\u00f3 a su amigo el pajarito y, poco a poco, la cara de tristeza de la leoncita se fue transformando en una sonrisa\u2026<\/p>\n\n\n\n<p>\u2014\u00a1Hala vamos! \u2014dijo Anya, poni\u00e9ndose en pie\u2014\u2026 Que tenemos que llegar a casa de Emma antes de que empiece la clase.<\/p>\n\n\n\n<p><\/p>\n\n\n\n<h2 class=\"wp-block-heading\">CAP\u00cdTULO 4 \u2022 EMPIEZA LA CLASE\u2026<\/h2>\n\n\n\n<p>Aunque Anya y Pipo fueron corriendo, deprisa, cuando llegaron al jard\u00edn de Emma, sus amigos estaban ya all\u00ed. Y la clase estaba a punto de empezar.<\/p>\n\n\n\n<p>\u2014\u00a1Ya estamos todos! \u2014sonri\u00f3 Emma, al verlos llegar\u2014. \u00a1Hala! Vamos a empezar la clase.<\/p>\n\n\n\n<p>Alrededor de Emma estaban el gusanito Gusi, la ardilla Noli, la eriza Tika, la gallina Catalina con sus pollitos Pepe y Pepito, y el cocodrilo Pillo.<\/p>\n\n\n\n<p>\u2014Hoy aprenderemos a hacer flores con hojas de los \u00e1rboles \u2014anunci\u00f3 Emma\u2014. Y, para eso, necesitamos hojas secas que se han ca\u00eddo de los \u00e1rboles\u2026 \u00a1Hala, vamos a buscarlas!<\/p>\n\n\n\n<p>Y todos fueron a la zona del jard\u00edn donde hab\u00eda m\u00e1s \u00e1rboles, a recoger hojas secas de diferentes formas y tama\u00f1os.<\/p>\n\n\n\n<p>Cuando volvieron con un buen pu\u00f1ado de hojas, Emma cogi\u00f3 su libreta y les ense\u00f1\u00f3 c\u00f3mo lo ten\u00edan que hacer, pegando hojas de los \u00e1rboles en una p\u00e1gina, para hacer la flor.<\/p>\n\n\n\n<p>\u2014Mirad, para empezar teneis que elegir seis hojas grandes \u2014dijo Emma\u2014. Y, adem\u00e1s, un palito largo y otras tres hojas peque\u00f1as.<\/p>\n\n\n\n<figure class=\"wp-block-image size-large\"><img loading=\"lazy\" decoding=\"async\" width=\"1024\" height=\"1024\" src=\"https:\/\/www.pacolara.net\/wp-content\/uploads\/2023\/03\/EyLLA_-_4c_Ok-1024x1024.jpg\" alt=\"\" class=\"wp-image-1110\" srcset=\"https:\/\/www.pacolara.net\/wp-content\/uploads\/2023\/03\/EyLLA_-_4c_Ok-1024x1024.jpg 1024w, https:\/\/www.pacolara.net\/wp-content\/uploads\/2023\/03\/EyLLA_-_4c_Ok-300x300.jpg 300w, https:\/\/www.pacolara.net\/wp-content\/uploads\/2023\/03\/EyLLA_-_4c_Ok-150x150.jpg 150w, https:\/\/www.pacolara.net\/wp-content\/uploads\/2023\/03\/EyLLA_-_4c_Ok-768x768.jpg 768w, https:\/\/www.pacolara.net\/wp-content\/uploads\/2023\/03\/EyLLA_-_4c_Ok-1536x1536.jpg 1536w, https:\/\/www.pacolara.net\/wp-content\/uploads\/2023\/03\/EyLLA_-_4c_Ok-2048x2048.jpg 2048w, https:\/\/www.pacolara.net\/wp-content\/uploads\/2023\/03\/EyLLA_-_4c_Ok-1200x1200.jpg 1200w\" sizes=\"auto, (max-width: 709px) 85vw, (max-width: 909px) 67vw, (max-width: 1362px) 62vw, 840px\" \/><\/figure>\n\n\n\n<p><\/p>\n\n\n\n<p>Emma empez\u00f3 pegando las seis hojas m\u00e1s grandes en el papel, una junto a otra, para formar los p\u00e9talos de la flor.<\/p>\n\n\n\n<p>\u2014\u00bfY d\u00f3nde pegamos las tres hojas m\u00e1s peque\u00f1as? \u2014pregunt\u00f3 Gusi.<\/p>\n\n\n\n<p>\u2014Teneis que pegar una de las hojitas en el centro de la flor \u2014respondi\u00f3 Emma\u2014. Y las otras dos hay que pegarlas en el palito que ser\u00e1 el tallo de la flor.<\/p>\n\n\n\n<p>\u2014\u00a1Anda, qu\u00e9 chulo!\u2026 Parece una flor de verdad \u2014exclam\u00f3 Tika.<\/p>\n\n\n\n<p>Todos disfrutaron much\u00edsimo ese d\u00eda, al ver las bellas flores que hab\u00edan aprendido a hacer con hojas de los \u00e1rboles. Y, felices, al terminar la clase compartieron una rica merienda, como todos los s\u00e1bados.<\/p>\n\n\n\n<p>Pero no todos re\u00edan. Emma vio que, a veces, la leoncita Anya cerraba los ojos y los apretaba como si fuera a romper a llorar.<\/p>\n\n\n\n<p>\u2014\u00bfPor qu\u00e9 est\u00e1s triste? \u2014le pregunt\u00f3 Emma\u2014. Somos tus amigos y queremos verte feliz\u2026<\/p>\n\n\n\n<p>\u2014Hoy tampoco he podido traer la merienda \u2014respondi\u00f3 Anya, agachando la cabeza.<\/p>\n\n\n\n<p>\u2014\u00bfHa sido el lobo Ram\u00f3n?\u2026 \u00bfTe la ha quitado otra vez? \u2014le pregunt\u00f3 Emma.<\/p>\n\n\n\n<p>\u2014S\u00ed. Se la ha llevado otra vez\u2026 Todos los s\u00e1bados, cuando vengo por el camino del bosque, Ram\u00f3n consigue que suelte la cesta y se come todo lo que traigo para compartir\u2026 \u00a1No s\u00e9 qu\u00e9 puedo hacer! \u2014lament\u00f3 Anya, a punto de llorar\u2014. Yo voy con mucho cuidado, pero siempre caigo en sus trampas\u2026<\/p>\n\n\n\n<p>\u2014No est\u00e9s triste, Anya \u2014la consol\u00f3 Emma\u2014. El s\u00e1bado que viene ir\u00e9 a buscarte a tu casa. Y te dir\u00e9 lo que haremos para que el tramposo de Ram\u00f3n no se vuelva a llevar la merienda.<\/p>\n\n\n\n<p>\u2014\u00bfT\u00fa sabes qu\u00e9 podemos hacer, Emma? \u2014le pregunt\u00f3 la leoncita.<\/p>\n\n\n\n<p>\u2014Ahora no lo s\u00e9. Pero voy a usar mi palabra m\u00e1gica y seguro que el s\u00e1bado lo sabr\u00e9.<\/p>\n\n\n\n<p>\u2014\u00bfY cu\u00e1l es esa palabra m\u00e1gica?\u2026 \u00bfLa puedo usar yo tambi\u00e9n? \u2014dijo Anya, curiosa.&nbsp;<\/p>\n\n\n\n<p>\u2014\u00a1Claro que s\u00ed! \u2014respondi\u00f3 Emma\u2014. Mira, la palabra m\u00e1gica es \u00aba\u00fan\u00bb. Y todos, todos, la podemos utilizar para encontrar soluciones cuando tenemos un problema.&nbsp;<\/p>\n\n\n\n<p>\u2014\u00bfY c\u00f3mo se usa? \u2014insisti\u00f3 la peque\u00f1a Anya.<\/p>\n\n\n\n<p>\u2014Es muy f\u00e1cil. S\u00f3lo tienes que a\u00f1adir la palabra m\u00e1gica \u00aba\u00fan\u00bb a lo que no puedes o no sabes hacer \u2014le explic\u00f3 Emma\u2014. Mira, yo ahora no s\u00e9 qu\u00e9 hacer para que el lobo no te quite la cesta\u2026 Pero si le a\u00f1ado la palabra m\u00e1gica y digo \u00abyo no s\u00e9 qu\u00e9 hacer para que el lobo no te quite la cesta, a\u00fan\u00bb, es que s\u00ed lo sabr\u00e9 pronto. Porque esa palabra m\u00e1gica har\u00e1 que lo piense y as\u00ed sabr\u00e9 lo que tengo que hacer.<\/p>\n\n\n\n<p>Una sonrisa de felicidad borr\u00f3 la tristeza de la cara de la leoncita. Y Anya disfrut\u00f3 esa tarde de la rica merienda con Emma y sus amigos.<\/p>\n\n\n\n<hr class=\"wp-block-separator has-alpha-channel-opacity\"\/>\n","protected":false},"excerpt":{"rendered":"<p>Descarga el cuento gratuito\u00a0aqu\u00ed, para iPad, iPhone y Mac. Y esc\u00fachalo en el podcast Historias de Emma en Apple Podcasts o en Spotify. Tambi\u00e9n puedes leer el cuento en Google Libros y descargarlo gratis en Google Play. En esta historia, Emma y sus amigos aprender\u00e1n a usar el poder de la palabra m\u00e1gica \u00aba\u00fan\u00bb para &hellip; <a href=\"https:\/\/www.pacolara.net\/index.php\/emma-y-la-leoncita-anya\/\" class=\"more-link\">Continuar leyendo<span class=\"screen-reader-text\"> \u00abEmma y la leoncita Anya\u00bb<\/span><\/a><\/p>\n","protected":false},"author":3,"featured_media":0,"parent":0,"menu_order":0,"comment_status":"closed","ping_status":"closed","template":"","meta":{"footnotes":""},"class_list":["post-1114","page","type-page","status-publish","hentry"],"_links":{"self":[{"href":"https:\/\/www.pacolara.net\/index.php\/wp-json\/wp\/v2\/pages\/1114","targetHints":{"allow":["GET"]}}],"collection":[{"href":"https:\/\/www.pacolara.net\/index.php\/wp-json\/wp\/v2\/pages"}],"about":[{"href":"https:\/\/www.pacolara.net\/index.php\/wp-json\/wp\/v2\/types\/page"}],"author":[{"embeddable":true,"href":"https:\/\/www.pacolara.net\/index.php\/wp-json\/wp\/v2\/users\/3"}],"replies":[{"embeddable":true,"href":"https:\/\/www.pacolara.net\/index.php\/wp-json\/wp\/v2\/comments?post=1114"}],"version-history":[{"count":8,"href":"https:\/\/www.pacolara.net\/index.php\/wp-json\/wp\/v2\/pages\/1114\/revisions"}],"predecessor-version":[{"id":1884,"href":"https:\/\/www.pacolara.net\/index.php\/wp-json\/wp\/v2\/pages\/1114\/revisions\/1884"}],"wp:attachment":[{"href":"https:\/\/www.pacolara.net\/index.php\/wp-json\/wp\/v2\/media?parent=1114"}],"curies":[{"name":"wp","href":"https:\/\/api.w.org\/{rel}","templated":true}]}}