{"id":1007,"date":"2022-10-20T23:17:57","date_gmt":"2022-10-20T22:17:57","guid":{"rendered":"https:\/\/www.pacolara.net\/?page_id=1007"},"modified":"2023-11-05T23:32:02","modified_gmt":"2023-11-05T22:32:02","slug":"mundiretos-espana","status":"publish","type":"page","link":"https:\/\/www.pacolara.net\/index.php\/mundiretos-espana\/","title":{"rendered":"MundiRetos \u2013 Espa\u00f1a"},"content":{"rendered":"\n<div class=\"wp-block-media-text alignwide is-stacked-on-mobile is-vertically-aligned-top\" style=\"grid-template-columns:25% auto\"><figure class=\"wp-block-media-text__media\"><img loading=\"lazy\" decoding=\"async\" width=\"953\" height=\"1024\" src=\"https:\/\/www.pacolara.net\/wp-content\/uploads\/2023\/11\/OK-Logos-sin-espacio-arriba-para-web.003-953x1024.jpeg\" alt=\"\" class=\"wp-image-1537 size-full\" srcset=\"https:\/\/www.pacolara.net\/wp-content\/uploads\/2023\/11\/OK-Logos-sin-espacio-arriba-para-web.003-953x1024.jpeg 953w, https:\/\/www.pacolara.net\/wp-content\/uploads\/2023\/11\/OK-Logos-sin-espacio-arriba-para-web.003-279x300.jpeg 279w, https:\/\/www.pacolara.net\/wp-content\/uploads\/2023\/11\/OK-Logos-sin-espacio-arriba-para-web.003-768x825.jpeg 768w, https:\/\/www.pacolara.net\/wp-content\/uploads\/2023\/11\/OK-Logos-sin-espacio-arriba-para-web.003.jpeg 1024w\" sizes=\"auto, (max-width: 709px) 85vw, (max-width: 909px) 67vw, (max-width: 1362px) 62vw, 840px\" \/><\/figure><div class=\"wp-block-media-text__content\">\n<h1 class=\"wp-block-heading\"><strong>App gratuita para jugar y aprender sobre las provincias de Espa\u00f1a<\/strong><\/h1>\n<\/div><\/div>\n\n\n\n<figure class=\"wp-block-image size-large is-resized\"><img loading=\"lazy\" decoding=\"async\" width=\"1024\" height=\"691\" src=\"https:\/\/www.pacolara.net\/wp-content\/uploads\/2022\/10\/MRES.0010-1024x691.jpeg\" alt=\"\" class=\"wp-image-1033\" srcset=\"https:\/\/www.pacolara.net\/wp-content\/uploads\/2022\/10\/MRES.0010-1024x691.jpeg 1024w, https:\/\/www.pacolara.net\/wp-content\/uploads\/2022\/10\/MRES.0010-300x203.jpeg 300w, https:\/\/www.pacolara.net\/wp-content\/uploads\/2022\/10\/MRES.0010-768x518.jpeg 768w, https:\/\/www.pacolara.net\/wp-content\/uploads\/2022\/10\/MRES.0010-1536x1037.jpeg 1536w, https:\/\/www.pacolara.net\/wp-content\/uploads\/2022\/10\/MRES.0010-1200x810.jpeg 1200w, https:\/\/www.pacolara.net\/wp-content\/uploads\/2022\/10\/MRES.0010.jpeg 1600w\" sizes=\"auto, (max-width: 709px) 85vw, (max-width: 909px) 67vw, (max-width: 1362px) 62vw, 840px\" \/><\/figure>\n\n\n\n<p class=\"has-text-align-center\">Esta app para iPhone y para iPad est\u00e1 disponible para descargar gratis <a href=\"https:\/\/apps.apple.com\/es\/app\/mundiretos-espa\u00f1a\/id6443739925\" target=\"_blank\" rel=\"noreferrer noopener\">aqu\u00ed<\/a>.<\/p>\n\n\n\n<p><strong>MundiRetos &#8211; Espa\u00f1a<\/strong> es una app gratuita para iPhone y para iPad, disponible en espa\u00f1ol e ingl\u00e9s, que estimula y facilita el conocimiento de las 52 provincias y ciudades aut\u00f3nomas de Espa\u00f1a, a trav\u00e9s del entretenimiento, poniendo en pr\u00e1ctica la estrategia \u201c<strong>jugar para aprender<\/strong>\u201d.<\/p>\n\n\n\n<p>Por la v\u00eda del entretenimiento, ayudar\u00e1 a conocer y aprender m\u00e1s de mil quinientos datos relevantes que caracterizan a las 50 provincias m\u00e1s 2 ciudades aut\u00f3nomas de Espa\u00f1a, en facetas como su geograf\u00eda, historia, arte, demograf\u00eda, personajes, curiosidades, tradiciones o cultura popular, entre otras.<\/p>\n\n\n\n<p>Una app \u00fatil, adem\u00e1s, para ejercitar la memoria, planteando retos que estimulan el ejercicio mental y ayudan a prevenir y reducir el deterioro cognitivo.<\/p>\n\n\n\n<p>La app, de tipo \u201cquiz\u201d, ofrece dos modos de juego:<\/p>\n\n\n\n<p>\u2014 <strong>Jugar a Provincias<\/strong>: Elige una de las provincias o ciudades aut\u00f3nomas de Espa\u00f1a y pon a prueba tus conocimientos.<\/p>\n\n\n\n<p>\u2014 <strong>Jugar a Espa\u00f1a<\/strong>: Atr\u00e9vete con el desaf\u00edo de 4 provincias al azar (4alAzar), o con los cuatro retos (Base, Bronce, Plata y Oro) que te enfrentar\u00e1n a las 52 provincias y ciudades aut\u00f3nomas de Espa\u00f1a a la vez..<\/p>\n\n\n\n<p>El modo <strong>Jugar a Provincias<\/strong> ayuda a conocer m\u00e1s sobre cada una de ellas, para llegar a superar los retos de las 52 provincias y ciudades aut\u00f3nomas de Espa\u00f1a. Y ese aprendizaje servir\u00e1 tambi\u00e9n para avanzar en los 5 desaf\u00edos del modo <strong>Jugar a Espa\u00f1a<\/strong>.<\/p>\n\n\n\n<h2 class=\"wp-block-heading\">JUGAR A PROVINCIAS<\/h2>\n\n\n\n<p>La partida empieza eligiendo una de las 50 provincias o de las 2 ciudades aut\u00f3nomas de Espa\u00f1a. Cada jugada es una pregunta sobre esa demarcaci\u00f3n y el usuario debe seleccionar la respuesta que cree correcta entre cuatro opciones posibles.<\/p>\n\n\n\n<p>Si acierta, se incrementar\u00e1 la puntuaci\u00f3n de la partida para esa provincia; y podr\u00e1 seguir jugando para mejorar esa puntuaci\u00f3n. Si falla, la app le dir\u00e1 cu\u00e1l es la respuesta correcta y podr\u00e1 optar por Continuar, iniciando una nueva partida, o por Terminar el juego.<\/p>\n\n\n\n<p>Cada vez que el usuario supere el reto de una provincia (o ciudad aut\u00f3noma), acertando sus 30 datos sin error en una misma partida, aparecer\u00e1 una pantalla que lo acredita. Y, en todo momento, en el <strong>Marcador<\/strong> de <strong>Jugar a Provincias<\/strong> ver\u00e1 las veces que ha logrado superar el reto de cada una de las 52 provincias y ciudades aut\u00f3nomas de Espa\u00f1a.<\/p>\n\n\n\n<figure class=\"wp-block-image size-large is-resized\"><img loading=\"lazy\" decoding=\"async\" width=\"1024\" height=\"691\" src=\"https:\/\/www.pacolara.net\/wp-content\/uploads\/2022\/10\/MRES.002-1024x691.jpeg\" alt=\"\" class=\"wp-image-1009\" srcset=\"https:\/\/www.pacolara.net\/wp-content\/uploads\/2022\/10\/MRES.002-1024x691.jpeg 1024w, https:\/\/www.pacolara.net\/wp-content\/uploads\/2022\/10\/MRES.002-300x203.jpeg 300w, https:\/\/www.pacolara.net\/wp-content\/uploads\/2022\/10\/MRES.002-768x518.jpeg 768w, https:\/\/www.pacolara.net\/wp-content\/uploads\/2022\/10\/MRES.002-1536x1037.jpeg 1536w, https:\/\/www.pacolara.net\/wp-content\/uploads\/2022\/10\/MRES.002-1200x810.jpeg 1200w, https:\/\/www.pacolara.net\/wp-content\/uploads\/2022\/10\/MRES.002.jpeg 1600w\" sizes=\"auto, (max-width: 709px) 85vw, (max-width: 909px) 67vw, (max-width: 1362px) 62vw, 840px\" \/><\/figure>\n\n\n\n<h2 class=\"wp-block-heading\">JUGAR A ESPA\u00d1A<\/h2>\n\n\n\n<p>El primer paso al iniciar una partida es elegir uno de los cinco retos o niveles de juego, de menos a m\u00e1s dif\u00edcil: 4alAZAR, BASE, BRONCE, PLATA y ORO. A partir de ah\u00ed, cada jugada presenta al usuario un dato de una provincia o ciudad aut\u00f3noma. Y tiene que adivinar a qu\u00e9 provincia o ciudad aut\u00f3noma corresponde, entre cuatro opciones posibles.<\/p>\n\n\n\n<figure class=\"wp-block-image size-large is-resized\"><img loading=\"lazy\" decoding=\"async\" width=\"1024\" height=\"691\" src=\"https:\/\/www.pacolara.net\/wp-content\/uploads\/2022\/10\/MRES.003-1024x691.jpeg\" alt=\"\" class=\"wp-image-1010\" srcset=\"https:\/\/www.pacolara.net\/wp-content\/uploads\/2022\/10\/MRES.003-1024x691.jpeg 1024w, https:\/\/www.pacolara.net\/wp-content\/uploads\/2022\/10\/MRES.003-300x203.jpeg 300w, https:\/\/www.pacolara.net\/wp-content\/uploads\/2022\/10\/MRES.003-768x518.jpeg 768w, https:\/\/www.pacolara.net\/wp-content\/uploads\/2022\/10\/MRES.003-1536x1037.jpeg 1536w, https:\/\/www.pacolara.net\/wp-content\/uploads\/2022\/10\/MRES.003-1200x810.jpeg 1200w, https:\/\/www.pacolara.net\/wp-content\/uploads\/2022\/10\/MRES.003.jpeg 1600w\" sizes=\"auto, (max-width: 709px) 85vw, (max-width: 909px) 67vw, (max-width: 1362px) 62vw, 840px\" \/><\/figure>\n\n\n\n<p>Si acierta, se incrementar\u00e1 la puntuaci\u00f3n de la partida. Y podr\u00e1 seguir jugando para mejorar su r\u00e9cord de puntos en ese nivel. Si falla, la app le dir\u00e1 cu\u00e1l es el pa\u00eds correcto y podr\u00e1 optar por Continuar, iniciando una nueva partida, o Terminar el juego.<\/p>\n\n\n\n<figure class=\"wp-block-image size-large is-resized\"><img loading=\"lazy\" decoding=\"async\" width=\"1024\" height=\"691\" src=\"https:\/\/www.pacolara.net\/wp-content\/uploads\/2022\/10\/MRES.004-1024x691.jpeg\" alt=\"\" class=\"wp-image-1011\" srcset=\"https:\/\/www.pacolara.net\/wp-content\/uploads\/2022\/10\/MRES.004-1024x691.jpeg 1024w, https:\/\/www.pacolara.net\/wp-content\/uploads\/2022\/10\/MRES.004-300x203.jpeg 300w, https:\/\/www.pacolara.net\/wp-content\/uploads\/2022\/10\/MRES.004-768x518.jpeg 768w, https:\/\/www.pacolara.net\/wp-content\/uploads\/2022\/10\/MRES.004-1536x1037.jpeg 1536w, https:\/\/www.pacolara.net\/wp-content\/uploads\/2022\/10\/MRES.004-1200x810.jpeg 1200w, https:\/\/www.pacolara.net\/wp-content\/uploads\/2022\/10\/MRES.004.jpeg 1600w\" sizes=\"auto, (max-width: 709px) 85vw, (max-width: 909px) 67vw, (max-width: 1362px) 62vw, 840px\" \/><\/figure>\n\n\n\n<p>En el <strong>Marcador<\/strong> de <strong>Jugar a <\/strong><strong>Espa\u00f1a<\/strong> el usuario puede ver en cualquier momento su r\u00e9cord de puntuaci\u00f3n por partida en los cinco niveles de juego. Adem\u00e1s de las veces que ha conseguido superar cada nivel.<\/p>\n\n\n\n<p>Para superar el desaf\u00edo 4alAZAR hay que acertar en una misma partida 100 preguntas correspondientes a 25 datos de cada una de las 4 provincias y ciudades aut\u00f3nomas de Espa\u00f1a elegidas al azar.<\/p>\n\n\n\n<p>Y para superar los retos BASE, BRONCE, PLATA y ORO hay que acertar en una misma partida 4, 10, 20 \u00f3 30 datos, respectivamente, de las 52 provincias y ciudades aut\u00f3nomas de Espa\u00f1a.&nbsp;<\/p>\n\n\n\n<p>Cada vez que el usuario supere uno de esos retos, aparecer\u00e1 una pantalla que acreditar\u00e1 sus conocimientos.<\/p>\n\n\n\n<figure class=\"wp-block-image size-large is-resized\"><img loading=\"lazy\" decoding=\"async\" width=\"1024\" height=\"691\" src=\"https:\/\/www.pacolara.net\/wp-content\/uploads\/2022\/10\/MRES.005-1024x691.jpeg\" alt=\"\" class=\"wp-image-1012\" srcset=\"https:\/\/www.pacolara.net\/wp-content\/uploads\/2022\/10\/MRES.005-1024x691.jpeg 1024w, https:\/\/www.pacolara.net\/wp-content\/uploads\/2022\/10\/MRES.005-300x203.jpeg 300w, https:\/\/www.pacolara.net\/wp-content\/uploads\/2022\/10\/MRES.005-768x518.jpeg 768w, https:\/\/www.pacolara.net\/wp-content\/uploads\/2022\/10\/MRES.005-1536x1037.jpeg 1536w, https:\/\/www.pacolara.net\/wp-content\/uploads\/2022\/10\/MRES.005-1200x810.jpeg 1200w, https:\/\/www.pacolara.net\/wp-content\/uploads\/2022\/10\/MRES.005.jpeg 1600w\" sizes=\"auto, (max-width: 709px) 85vw, (max-width: 909px) 67vw, (max-width: 1362px) 62vw, 840px\" \/><\/figure>\n\n\n\n<p>El objetivo \u00faltimo de la app <strong>MundiRetos &#8211; <\/strong><strong>Espa\u00f1a<\/strong> es ayudar al usuario a dominar 1.560 datos de las 52 provincias y ciudades aut\u00f3nomas de Espa\u00f1a. No es un objetivo f\u00e1cil. Pero, cuanto m\u00e1s juegue m\u00e1s aprender\u00e1 sobre Espa\u00f1a y m\u00e1s cerca estar\u00e1 de alcanzarlo.<\/p>\n\n\n\n<h2 class=\"wp-block-heading\">LA SERIE MundiRetos<\/h2>\n\n\n\n<p>MundiRetos da nombre a una colecci\u00f3n de apps gratuitas para iPhone y para iPad, concebidas para estimular y facilitar el conocimiento de los pa\u00edses del mundo a trav\u00e9s del entretenimiento, poniendo en pr\u00e1ctica la estrategia \u00abjugar para aprender\u00bb. La serie consta ya de tres apps: <strong>MundiRetos &#8211; Uni\u00f3n Europea<\/strong>, <strong>MundiRetos &#8211; Am\u00e9rica<\/strong> y <strong>MundiRetos &#8211; Espa\u00f1a.<\/strong><\/p>\n\n\n\n<hr class=\"wp-block-separator has-alpha-channel-opacity\"\/>\n","protected":false},"excerpt":{"rendered":"<p>App gratuita para jugar y aprender sobre las provincias de Espa\u00f1a Esta app para iPhone y para iPad est\u00e1 disponible para descargar gratis aqu\u00ed. MundiRetos &#8211; Espa\u00f1a es una app gratuita para iPhone y para iPad, disponible en espa\u00f1ol e ingl\u00e9s, que estimula y facilita el conocimiento de las 52 provincias y ciudades aut\u00f3nomas de &hellip; <a href=\"https:\/\/www.pacolara.net\/index.php\/mundiretos-espana\/\" class=\"more-link\">Continuar leyendo<span class=\"screen-reader-text\"> \u00abMundiRetos \u2013 Espa\u00f1a\u00bb<\/span><\/a><\/p>\n","protected":false},"author":3,"featured_media":0,"parent":0,"menu_order":0,"comment_status":"closed","ping_status":"closed","template":"","meta":{"footnotes":""},"class_list":["post-1007","page","type-page","status-publish","hentry"],"_links":{"self":[{"href":"https:\/\/www.pacolara.net\/index.php\/wp-json\/wp\/v2\/pages\/1007","targetHints":{"allow":["GET"]}}],"collection":[{"href":"https:\/\/www.pacolara.net\/index.php\/wp-json\/wp\/v2\/pages"}],"about":[{"href":"https:\/\/www.pacolara.net\/index.php\/wp-json\/wp\/v2\/types\/page"}],"author":[{"embeddable":true,"href":"https:\/\/www.pacolara.net\/index.php\/wp-json\/wp\/v2\/users\/3"}],"replies":[{"embeddable":true,"href":"https:\/\/www.pacolara.net\/index.php\/wp-json\/wp\/v2\/comments?post=1007"}],"version-history":[{"count":8,"href":"https:\/\/www.pacolara.net\/index.php\/wp-json\/wp\/v2\/pages\/1007\/revisions"}],"predecessor-version":[{"id":1551,"href":"https:\/\/www.pacolara.net\/index.php\/wp-json\/wp\/v2\/pages\/1007\/revisions\/1551"}],"wp:attachment":[{"href":"https:\/\/www.pacolara.net\/index.php\/wp-json\/wp\/v2\/media?parent=1007"}],"curies":[{"name":"wp","href":"https:\/\/api.w.org\/{rel}","templated":true}]}}